{"id":52194,"date":"2022-06-29T12:56:35","date_gmt":"2022-06-29T10:56:35","guid":{"rendered":"https:\/\/secureus.se\/produkt\/kopplingsbox-plat-2-plint\/"},"modified":"2026-04-23T10:45:43","modified_gmt":"2026-04-23T08:45:43","slug":"kopplingsbox-plat-2-plint","status":"publish","type":"product","link":"https:\/\/secureus.se\/fr\/kopplingsbox-plat-2-plint\/","title":{"rendered":"Bo\u00eete de jonction Plaque 2 Borne"},"content":{"rendered":"<p>Coffret robuste en t\u00f4le galvanis\u00e9e avec couvercle laqu\u00e9 blanc et sorties de c\u00e2bles pr\u00e9-perfor\u00e9es recouvertes de fiches en plastique. Dimensions 128x126x38mm. S&#039;adapte \u00e0 tous les terminaux de modules du programme Fatum et est pr\u00e9par\u00e9 pour 2 modules. La bo\u00eete est \u00e9galement disponible dans la m\u00eame taille mais avec une ouverture signature, voir 3202.03 (5015257). A compl\u00e9ter avec plaque de signature pour mur num\u00e9ro d&#039;article 3132.01 (5015560), cheville suppl\u00e9mentaire 0905.18 (5015540) et entretoises murales 2590.04 (5015360)<\/p>","protected":false},"excerpt":{"rendered":"<p>Coffret robuste en t\u00f4le galvanis\u00e9e avec couvercle laqu\u00e9 blanc et sorties de c\u00e2bles pr\u00e9-perfor\u00e9es recouvertes de fiches en plastique. Dimensions 128x126x38mm. S&#039;adapte \u00e0 tous les terminaux de modules du programme Fatum et est pr\u00e9par\u00e9 pour 2 modules. Le coffret est \u00e9galement disponible<\/p>","protected":false},"featured_media":142945,"template":"","meta":{"_acf_changed":false},"product_brand":[],"product_cat":[1547],"product_tag":[2210],"class_list":{"0":"post-52194","1":"product","2":"type-product","3":"status-publish","4":"has-post-thumbnail","6":"product_cat-plint-larm-telebox","7":"product_tag-box-plat","8":"product_shipping_class-postnord-varubrev","9":"pa_brands-alarmtech","10":"tm-no-options","12":"first","13":"instock","14":"sale","15":"taxable","16":"shipping-taxable","17":"purchasable","18":"product-type-simple"},"acf":[],"_links":{"self":[{"href":"https:\/\/secureus.se\/fr\/wp-json\/wp\/v2\/product\/52194","targetHints":{"allow":["GET"]}}],"collection":[{"href":"https:\/\/secureus.se\/fr\/wp-json\/wp\/v2\/product"}],"about":[{"href":"https:\/\/secureus.se\/fr\/wp-json\/wp\/v2\/types\/product"}],"wp:featuredmedia":[{"embeddable":true,"href":"https:\/\/secureus.se\/fr\/wp-json\/wp\/v2\/media\/142945"}],"wp:attachment":[{"href":"https:\/\/secureus.se\/fr\/wp-json\/wp\/v2\/media?parent=52194"}],"wp:term":[{"taxonomy":"product_brand","embeddable":true,"href":"https:\/\/secureus.se\/fr\/wp-json\/wp\/v2\/product_brand?post=52194"},{"taxonomy":"product_cat","embeddable":true,"href":"https:\/\/secureus.se\/fr\/wp-json\/wp\/v2\/product_cat?post=52194"},{"taxonomy":"product_tag","embeddable":true,"href":"https:\/\/secureus.se\/fr\/wp-json\/wp\/v2\/product_tag?post=52194"}],"curies":[{"name":"wp","href":"https:\/\/api.w.org\/{rel}","templated":true}]}}