{"id":52195,"date":"2022-06-29T12:56:21","date_gmt":"2022-06-29T10:56:21","guid":{"rendered":"https:\/\/secureus.se\/produkt\/sakringsbox-10-30v-dc-ac-skruv\/"},"modified":"2026-03-26T11:41:17","modified_gmt":"2026-03-26T10:41:17","slug":"sakringsbox-10-30v-dc-ac-skruv","status":"publish","type":"product","link":"https:\/\/secureus.se\/fr\/sakringsbox-10-30v-dc-ac-skruv\/","title":{"rendered":"Bo\u00eete \u00e0 fusibles 10-30 V DC\/AC Vis"},"content":{"rendered":"<p>Pour r\u00e9partir l&#039;alimentation 10A sur 5 sections. Fusible bipolaire avec max 2A. Relais en s\u00e9rie avec LED pour indication de fusible plein, s&#039;applique \u00e0 la fois au + et au -. Alarme totale de fermeture ou de rupture. Le couvercle est dot\u00e9 d&#039;une ouverture pour signature (le terminal de signature est inclus dans le produit). La bo\u00eete peut \u00eatre compl\u00e9t\u00e9e par des entretoises murales empilables de 6 mm ou 13 mm de long 2581.06 (5015236), 2581.13 (5015238) ainsi que par une plaque signal\u00e9tique murale\/plaque de marquage 3132.01 (5015560).<\/p>","protected":false},"excerpt":{"rendered":"<p>Pour r\u00e9partir l&#039;alimentation 10A sur 5 sections. Fusible bipolaire avec max 2A. Relais en s\u00e9rie avec LED pour indication de fusible plein, s&#039;applique \u00e0 la fois au + et au -. Alarme totale d\u00e9sactiv\u00e9e<\/p>","protected":false},"featured_media":142955,"template":"","meta":{"_acf_changed":false},"product_brand":[],"product_cat":[1545],"product_tag":[2223],"class_list":{"0":"post-52195","1":"product","2":"type-product","3":"status-publish","4":"has-post-thumbnail","6":"product_cat-kopplingsdosa-larmdosa","7":"product_tag-dosa-med-rela-sokring","8":"product_shipping_class-postnord-varubrev","9":"pa_brands-alarmtech","10":"pa_farg-ovrigt","11":"tm-no-options","13":"first","14":"outofstock","15":"sale","16":"taxable","17":"shipping-taxable","18":"purchasable","19":"product-type-simple"},"acf":[],"_links":{"self":[{"href":"https:\/\/secureus.se\/fr\/wp-json\/wp\/v2\/product\/52195","targetHints":{"allow":["GET"]}}],"collection":[{"href":"https:\/\/secureus.se\/fr\/wp-json\/wp\/v2\/product"}],"about":[{"href":"https:\/\/secureus.se\/fr\/wp-json\/wp\/v2\/types\/product"}],"wp:featuredmedia":[{"embeddable":true,"href":"https:\/\/secureus.se\/fr\/wp-json\/wp\/v2\/media\/142955"}],"wp:attachment":[{"href":"https:\/\/secureus.se\/fr\/wp-json\/wp\/v2\/media?parent=52195"}],"wp:term":[{"taxonomy":"product_brand","embeddable":true,"href":"https:\/\/secureus.se\/fr\/wp-json\/wp\/v2\/product_brand?post=52195"},{"taxonomy":"product_cat","embeddable":true,"href":"https:\/\/secureus.se\/fr\/wp-json\/wp\/v2\/product_cat?post=52195"},{"taxonomy":"product_tag","embeddable":true,"href":"https:\/\/secureus.se\/fr\/wp-json\/wp\/v2\/product_tag?post=52195"}],"curies":[{"name":"wp","href":"https:\/\/api.w.org\/{rel}","templated":true}]}}