{"id":52199,"date":"2022-06-29T12:55:28","date_gmt":"2022-06-29T10:55:28","guid":{"rendered":"https:\/\/secureus.se\/produkt\/karmoverforing-28401-250cm\/"},"modified":"2026-04-08T17:01:35","modified_gmt":"2026-04-08T15:01:35","slug":"karmoverforing-28401-250cm","status":"publish","type":"product","link":"https:\/\/secureus.se\/fr\/karmoverforing-28401-250cm\/","title":{"rendered":"Transfert de cadre 28401-250Cm"},"content":{"rendered":"<p>Bo\u00eetiers au format Mini (28401.03) avec respectivement connexion RJ45 et 10 connexions \u00e0 vis dont deux pour protection anti-sabotage\/ouverture. C\u00e2ble spiral\u00e9 d&#039;une longueur de 2500 mm, ce qui correspond \u00e0 la longueur \u00e9tendue recommand\u00e9e. En position de repos, le c\u00e2ble spiral\u00e9 mesure environ 750 mm. 8 fils color\u00e9s<\/p>","protected":false},"excerpt":{"rendered":"<p>Bo\u00eetes au format Mini (28401.03) avec respectivement connexion RJ45 et 10 connexions \u00e0 vis dont deux pour protection anti-sabotage\/ouverture. C\u00e2ble spiral\u00e9 d&#039;une longueur de 2500 mm, ce qui correspond \u00e0 la longueur \u00e9tendue recommand\u00e9e. En position de repos, le c\u00e2ble spiral\u00e9 mesure environ 750 mm. 8 couleurs<\/p>","protected":false},"featured_media":156729,"template":"","meta":{"_acf_changed":false},"product_brand":[],"product_cat":[1546],"product_tag":[],"class_list":{"0":"post-52199","1":"product","2":"type-product","3":"status-publish","4":"has-post-thumbnail","6":"product_cat-kabeloverforing","7":"product_shipping_class-postnord-varubrev","8":"tm-no-options","10":"first","11":"instock","12":"sale","13":"taxable","14":"shipping-taxable","15":"purchasable","16":"product-type-simple"},"acf":[],"_links":{"self":[{"href":"https:\/\/secureus.se\/fr\/wp-json\/wp\/v2\/product\/52199","targetHints":{"allow":["GET"]}}],"collection":[{"href":"https:\/\/secureus.se\/fr\/wp-json\/wp\/v2\/product"}],"about":[{"href":"https:\/\/secureus.se\/fr\/wp-json\/wp\/v2\/types\/product"}],"wp:featuredmedia":[{"embeddable":true,"href":"https:\/\/secureus.se\/fr\/wp-json\/wp\/v2\/media\/156729"}],"wp:attachment":[{"href":"https:\/\/secureus.se\/fr\/wp-json\/wp\/v2\/media?parent=52199"}],"wp:term":[{"taxonomy":"product_brand","embeddable":true,"href":"https:\/\/secureus.se\/fr\/wp-json\/wp\/v2\/product_brand?post=52199"},{"taxonomy":"product_cat","embeddable":true,"href":"https:\/\/secureus.se\/fr\/wp-json\/wp\/v2\/product_cat?post=52199"},{"taxonomy":"product_tag","embeddable":true,"href":"https:\/\/secureus.se\/fr\/wp-json\/wp\/v2\/product_tag?post=52199"}],"curies":[{"name":"wp","href":"https:\/\/api.w.org\/{rel}","templated":true}]}}