{"id":52201,"date":"2022-06-29T12:54:40","date_gmt":"2022-06-29T10:54:40","guid":{"rendered":"https:\/\/secureus.se\/produkt\/kopplingsbox-plat-3-plint\/"},"modified":"2026-03-26T11:43:22","modified_gmt":"2026-03-26T10:43:22","slug":"kopplingsbox-3-plintar-plat","status":"publish","type":"product","link":"https:\/\/secureus.se\/fr\/kopplingsbox-3-plintar-plat\/","title":{"rendered":"Bo\u00eete de jonction 3 Bornes T\u00f4le"},"content":{"rendered":"<p><strong>Bo\u00eete de jonction en \u00e9tain pouvant accueillir jusqu&#039;\u00e0 3 borniers<\/strong><\/p>\n<p>La bo\u00eete de jonction robuste d&#039;Alarmtech est fabriqu\u00e9e en t\u00f4le galvanis\u00e9e avec un couvercle laqu\u00e9 blanc. Le bo\u00eetier est con\u00e7u pour accueillir jusqu&#039;\u00e0 trois borniers et est \u00e9quip\u00e9 de sorties de c\u00e2bles pr\u00e9-perfor\u00e9es recouvertes de fiches en plastique pour faciliter l&#039;installation et la gestion des c\u00e2bles. Cette bo\u00eete de jonction est id\u00e9ale pour une utilisation dans les syst\u00e8mes de s\u00e9curit\u00e9 et autres installations \u00e9lectriques o\u00f9 une gestion s\u00fbre et ordonn\u00e9e des c\u00e2bles est essentielle.<\/p>\n<h4>Caract\u00e9ristiques et avantages<\/h4>\n<ul>\n<li><strong>Construction robuste\u00a0:<\/strong> Fabriqu\u00e9 en t\u00f4le galvanis\u00e9e pour une durabilit\u00e9 et une longue dur\u00e9e de vie.<\/li>\n<li><strong>Place pour jusqu&#039;\u00e0 3 bornes de connexion\u00a0:<\/strong> Adapt\u00e9 pour accueillir jusqu&#039;\u00e0 trois borniers ou un bornier plus grand.<\/li>\n<li><strong>Sorties de c\u00e2ble pr\u00e9-perfor\u00e9es\u00a0:<\/strong> Sorties pr\u00e9par\u00e9es avec fiches en plastique pour une installation et une gestion des c\u00e2bles faciles.<\/li>\n<li><strong>Bonnet blanc \u00e0 couverture compl\u00e8te\u00a0:<\/strong> Fournit un aspect propre et professionnel tout en prot\u00e9geant les composants internes.<\/li>\n<li><strong>Signature cach\u00e9e\u00a0:<\/strong> Le coffret est \u00e9galement disponible dans une version avec ouverture signature (3203.03) et est compl\u00e9t\u00e9 par une plaque signature pour le mur.<\/li>\n<li><strong>Comprend des accessoires\u00a0:<\/strong> Livr\u00e9 avec emballage d&#039;entretoise (4 entretoises, 4 vis et 4 chevilles).<\/li>\n<\/ul>\n<h4>Caract\u00e9ristiques<\/h4>\n<ul>\n<li><strong>Dimensions (L x l x H) :<\/strong> 128x167x38mm<\/li>\n<li><strong>Mat\u00e9riel:<\/strong> T\u00f4le galvanis\u00e9e avec couvercle laqu\u00e9 blanc<\/li>\n<li><strong>Compatibilit\u00e9:<\/strong> S&#039;adapte \u00e0 tous les borniers Alarmtech, y compris\u00a0:\n<ul>\n<li>1 \u00e0 3 borniers de dimensions 116 \u00d7 40 mm (occupent 1 espace chacun)<\/li>\n<li>1 bornier plus grand de dimensions 116\u00d780 mm (prend 2 places)<\/li>\n<\/ul>\n<\/li>\n<li><strong>Accessoires:<\/strong> Pack d&#039;entretoises (12,7 mm) comprenant des entretoises, des vis et des chevilles<\/li>\n<\/ul>\n<h4>Produits et accessoires connexes<\/h4>\n<ul>\n<li><strong>Plaque de signalisation pour mur\u00a0:<\/strong> N\u00b0 d&#039;article 3132.01 (5015560)<\/li>\n<li><strong>Prise suppl\u00e9mentaire\u00a0:<\/strong> Num\u00e9ro d&#039;article 0905.18 (5015540)<\/li>\n<li><strong>Distances des murs\u00a0:<\/strong> Article n\u00b0 2590.04 (5015360)<\/li>\n<\/ul>","protected":false},"excerpt":{"rendered":"<p><strong>Bo\u00eete de jonction en \u00e9tain pouvant accueillir jusqu&#039;\u00e0 3 borniers<\/strong> \u2013 Bo\u00eete de jonction robuste en t\u00f4le galvanis\u00e9e avec couvercle laqu\u00e9 blanc et sorties de c\u00e2bles pr\u00e9-perfor\u00e9es. Dimensions 128x167x38 mm. Adapt\u00e9 pour jusqu&#039;\u00e0 trois borniers. Id\u00e9al pour les syst\u00e8mes de s\u00e9curit\u00e9 et les installations \u00e9lectriques.<\/p>","protected":false},"featured_media":142585,"template":"","meta":{"_acf_changed":false},"product_brand":[],"product_cat":[1547],"product_tag":[2210],"class_list":{"0":"post-52201","1":"product","2":"type-product","3":"status-publish","4":"has-post-thumbnail","6":"product_cat-plint-larm-telebox","7":"product_tag-box-plat","8":"product_shipping_class-postnord-varubrev","9":"pa_brands-alarmtech","10":"tm-no-options","12":"first","13":"instock","14":"sale","15":"taxable","16":"shipping-taxable","17":"purchasable","18":"product-type-simple"},"acf":[],"_links":{"self":[{"href":"https:\/\/secureus.se\/fr\/wp-json\/wp\/v2\/product\/52201","targetHints":{"allow":["GET"]}}],"collection":[{"href":"https:\/\/secureus.se\/fr\/wp-json\/wp\/v2\/product"}],"about":[{"href":"https:\/\/secureus.se\/fr\/wp-json\/wp\/v2\/types\/product"}],"wp:featuredmedia":[{"embeddable":true,"href":"https:\/\/secureus.se\/fr\/wp-json\/wp\/v2\/media\/142585"}],"wp:attachment":[{"href":"https:\/\/secureus.se\/fr\/wp-json\/wp\/v2\/media?parent=52201"}],"wp:term":[{"taxonomy":"product_brand","embeddable":true,"href":"https:\/\/secureus.se\/fr\/wp-json\/wp\/v2\/product_brand?post=52201"},{"taxonomy":"product_cat","embeddable":true,"href":"https:\/\/secureus.se\/fr\/wp-json\/wp\/v2\/product_cat?post=52201"},{"taxonomy":"product_tag","embeddable":true,"href":"https:\/\/secureus.se\/fr\/wp-json\/wp\/v2\/product_tag?post=52201"}],"curies":[{"name":"wp","href":"https:\/\/api.w.org\/{rel}","templated":true}]}}