{"id":52204,"date":"2022-06-29T12:53:47","date_gmt":"2022-06-29T10:53:47","guid":{"rendered":"https:\/\/secureus.se\/produkt\/larmbox-20pol-apparatdosa\/"},"modified":"2026-04-08T16:40:36","modified_gmt":"2026-04-08T14:40:36","slug":"larmbox-20pol-apparatdosa","status":"publish","type":"product","link":"https:\/\/secureus.se\/fr\/larmbox-20pol-apparatdosa\/","title":{"rendered":"Bo\u00eete d&#039;alarme 20Pol Bo\u00eete d&#039;appareil"},"content":{"rendered":"<p>Borne de connexion pour montage encastr\u00e9 dans un bo\u00eetier d&#039;appareil avec un espacement des trous de 60 mm. Est adapt\u00e9 pour connecter facilement des \u00e9quipements p\u00e9riph\u00e9riques tels que des contacts magn\u00e9tiques et des d\u00e9tecteurs de bris de verre, etc. \u00c9galement disponible en mini-bo\u00eetier externe, voir 28120.03 (Enr 5015216). Livr\u00e9 avec un cache carr\u00e9 86 x 86 mm en plastique blanc UL94-V0.<\/p>","protected":false},"excerpt":{"rendered":"<p>Bornier pour montage encastr\u00e9 dans un bo\u00eetier d&#039;appareil avec un espacement des trous de 60 mm. Est adapt\u00e9 pour connecter facilement des \u00e9quipements p\u00e9riph\u00e9riques tels que des contacts magn\u00e9tiques et des d\u00e9tecteurs de bris de verre, etc. \u00c9galement disponible en mini-bo\u00eetier externe, voir 28120.03 (Enr<\/p>","protected":false},"featured_media":142988,"template":"","meta":{"_acf_changed":false},"product_brand":[],"product_cat":[1545],"product_tag":[2217,2222],"class_list":{"0":"post-52204","1":"product","2":"type-product","3":"status-publish","4":"has-post-thumbnail","6":"product_cat-kopplingsdosa-larmdosa","7":"product_tag-dosa-20-polig","8":"product_tag-dosa-for-kopplingsdosa-k-dosa","9":"product_shipping_class-postnord-varubrev","10":"pa_brands-alarmtech","11":"pa_farg-vit","12":"tm-no-options","14":"first","15":"instock","16":"sale","17":"taxable","18":"shipping-taxable","19":"purchasable","20":"product-type-simple"},"acf":[],"_links":{"self":[{"href":"https:\/\/secureus.se\/fr\/wp-json\/wp\/v2\/product\/52204","targetHints":{"allow":["GET"]}}],"collection":[{"href":"https:\/\/secureus.se\/fr\/wp-json\/wp\/v2\/product"}],"about":[{"href":"https:\/\/secureus.se\/fr\/wp-json\/wp\/v2\/types\/product"}],"wp:featuredmedia":[{"embeddable":true,"href":"https:\/\/secureus.se\/fr\/wp-json\/wp\/v2\/media\/142988"}],"wp:attachment":[{"href":"https:\/\/secureus.se\/fr\/wp-json\/wp\/v2\/media?parent=52204"}],"wp:term":[{"taxonomy":"product_brand","embeddable":true,"href":"https:\/\/secureus.se\/fr\/wp-json\/wp\/v2\/product_brand?post=52204"},{"taxonomy":"product_cat","embeddable":true,"href":"https:\/\/secureus.se\/fr\/wp-json\/wp\/v2\/product_cat?post=52204"},{"taxonomy":"product_tag","embeddable":true,"href":"https:\/\/secureus.se\/fr\/wp-json\/wp\/v2\/product_tag?post=52204"}],"curies":[{"name":"wp","href":"https:\/\/api.w.org\/{rel}","templated":true}]}}