{"id":52206,"date":"2022-06-29T12:53:04","date_gmt":"2022-06-29T10:53:04","guid":{"rendered":"https:\/\/secureus.se\/produkt\/sabotageplint-2-pol\/"},"modified":"2026-04-08T16:48:26","modified_gmt":"2026-04-08T14:48:26","slug":"sabotageplint-2-pol","status":"publish","type":"product","link":"https:\/\/secureus.se\/fr\/sabotageplint-2-pol\/","title":{"rendered":"Borne d&#039;autoprotection 2 p\u00f4les"},"content":{"rendered":"<p>Petit micro bornier \u00e0 deux bornes \u00e0 vis avec fonction ascenseur. Install\u00e9 en compl\u00e9ment dans les cas o\u00f9 un contact anti-sabotage ou une protection contre la d\u00e9connexion manque dans l&#039;installation. Se fixe directement \u00e0 distance avec une vis de 6 mm, ou bien au-dessus d&#039;un terminal existant (par exemple \u00e0 la place d&#039;un terminal de signature). Emball\u00e9 avec vis et \u00e9crou et un ressort d&#039;environ 12 mm de long. Taille 15x29x10mm.<\/p>","protected":false},"excerpt":{"rendered":"<p>Petit micro bornier \u00e0 deux bornes \u00e0 vis avec fonction ascenseur. Install\u00e9 en compl\u00e9ment dans les cas o\u00f9 un contact anti-sabotage ou une protection contre la d\u00e9connexion manque dans l&#039;installation. Se fixe directement \u00e0 une distance avec une vis de 6 mm ou alternativement sur une vis existante<\/p>","protected":false},"featured_media":142124,"template":"","meta":{"_acf_changed":false},"product_brand":[],"product_cat":[1545],"product_tag":[2225],"class_list":{"0":"post-52206","1":"product","2":"type-product","3":"status-publish","4":"has-post-thumbnail","6":"product_cat-kopplingsdosa-larmdosa","7":"product_tag-sabplint-utomhus-ovr","8":"product_shipping_class-postnord-varubrev","9":"pa_brands-alarmtech","10":"pa_farg-vit","11":"tm-no-options","13":"first","14":"instock","15":"sale","16":"taxable","17":"shipping-taxable","18":"purchasable","19":"product-type-simple"},"acf":[],"_links":{"self":[{"href":"https:\/\/secureus.se\/fr\/wp-json\/wp\/v2\/product\/52206","targetHints":{"allow":["GET"]}}],"collection":[{"href":"https:\/\/secureus.se\/fr\/wp-json\/wp\/v2\/product"}],"about":[{"href":"https:\/\/secureus.se\/fr\/wp-json\/wp\/v2\/types\/product"}],"wp:featuredmedia":[{"embeddable":true,"href":"https:\/\/secureus.se\/fr\/wp-json\/wp\/v2\/media\/142124"}],"wp:attachment":[{"href":"https:\/\/secureus.se\/fr\/wp-json\/wp\/v2\/media?parent=52206"}],"wp:term":[{"taxonomy":"product_brand","embeddable":true,"href":"https:\/\/secureus.se\/fr\/wp-json\/wp\/v2\/product_brand?post=52206"},{"taxonomy":"product_cat","embeddable":true,"href":"https:\/\/secureus.se\/fr\/wp-json\/wp\/v2\/product_cat?post=52206"},{"taxonomy":"product_tag","embeddable":true,"href":"https:\/\/secureus.se\/fr\/wp-json\/wp\/v2\/product_tag?post=52206"}],"curies":[{"name":"wp","href":"https:\/\/api.w.org\/{rel}","templated":true}]}}