{"id":52210,"date":"2022-06-29T12:51:16","date_gmt":"2022-06-29T10:51:16","guid":{"rendered":"https:\/\/secureus.se\/produkt\/sakringsplint-10-30v-dc-ac\/"},"modified":"2026-04-27T15:54:04","modified_gmt":"2026-04-27T13:54:04","slug":"sakringsplint-10-30v-dc-ac","status":"publish","type":"product","link":"https:\/\/secureus.se\/fr\/sakringsplint-10-30v-dc-ac\/","title":{"rendered":"Borne \u00e0 fusible 10-30 V DC\/AC"},"content":{"rendered":"<p>Pour distribution d&#039;alimentation de 10A \u00e0 5 sections. Fusible bipolaire avec max 2A. Relais en s\u00e9rie avec LED pour indication de fusible plein, s&#039;applique \u00e0 la fois au + et au -. Alarme totale de fermeture ou de rupture. Borne s\u00e9par\u00e9e pour connexion \u00e0 l&#039;\u00e9cran. Complet avec signature split 3131.01 (Enr 5015386). Le socle a une taille de 116x80x16mm et s&#039;ins\u00e8re dans la bo\u00eete en plastique 4103.02, 4103.03 ou dans les bo\u00eetes m\u00e9talliques l\u00e9g\u00e8rement plus grandes. \u00c9galement disponible sous forme de produit fini dans une bo\u00eete en plastique, voir l&#039;article n\u00b0 4103.7103 (Enr. 5015329).<\/p>","protected":false},"excerpt":{"rendered":"<p>Pour distribution d&#039;alimentation de 10A \u00e0 5 sections. Fusible bipolaire avec max 2A. Relais en s\u00e9rie avec LED pour indication de fusible plein, s&#039;applique \u00e0 la fois au + et au -. Alarme totale<\/p>","protected":false},"featured_media":142619,"template":"","meta":{"_acf_changed":false},"product_brand":[],"product_cat":[4153,1548],"product_tag":[2427,2232],"class_list":{"0":"post-52210","1":"product","2":"type-product","3":"status-publish","4":"has-post-thumbnail","6":"product_cat-sakringsmodul","7":"product_cat-relaer-elektronik","8":"product_tag-rel-relaelektonik","9":"product_tag-rela-sakringsmodul","10":"product_shipping_class-postnord-varubrev","11":"pa_brands-alarmtech","12":"pa_farg-ovrigt","13":"tm-no-options","15":"first","16":"instock","17":"sale","18":"taxable","19":"shipping-taxable","20":"purchasable","21":"product-type-simple"},"acf":[],"_links":{"self":[{"href":"https:\/\/secureus.se\/fr\/wp-json\/wp\/v2\/product\/52210","targetHints":{"allow":["GET"]}}],"collection":[{"href":"https:\/\/secureus.se\/fr\/wp-json\/wp\/v2\/product"}],"about":[{"href":"https:\/\/secureus.se\/fr\/wp-json\/wp\/v2\/types\/product"}],"wp:featuredmedia":[{"embeddable":true,"href":"https:\/\/secureus.se\/fr\/wp-json\/wp\/v2\/media\/142619"}],"wp:attachment":[{"href":"https:\/\/secureus.se\/fr\/wp-json\/wp\/v2\/media?parent=52210"}],"wp:term":[{"taxonomy":"product_brand","embeddable":true,"href":"https:\/\/secureus.se\/fr\/wp-json\/wp\/v2\/product_brand?post=52210"},{"taxonomy":"product_cat","embeddable":true,"href":"https:\/\/secureus.se\/fr\/wp-json\/wp\/v2\/product_cat?post=52210"},{"taxonomy":"product_tag","embeddable":true,"href":"https:\/\/secureus.se\/fr\/wp-json\/wp\/v2\/product_tag?post=52210"}],"curies":[{"name":"wp","href":"https:\/\/api.w.org\/{rel}","templated":true}]}}