{"id":52211,"date":"2022-06-29T12:50:58","date_gmt":"2022-06-29T10:50:58","guid":{"rendered":"https:\/\/secureus.se\/produkt\/karmoverforing-14mm-rostfri\/"},"modified":"2026-04-23T11:07:36","modified_gmt":"2026-04-23T09:07:36","slug":"karmoverforing-14mm-rostfri","status":"publish","type":"product","link":"https:\/\/secureus.se\/fr\/karmoverforing-14mm-rostfri\/","title":{"rendered":"Cadre transfert 14Mm Inox"},"content":{"rendered":"<p>Transfert de cadre avec tuyau en acier inoxydable avec protection de c\u00e2ble aux deux extr\u00e9mit\u00e9s pour prot\u00e9ger le c\u00e2ble lors du passage de la porte au cadre. 40 cm de long, diam\u00e8tre ext\u00e9rieur 14 mm, diam\u00e8tre int\u00e9rieur 10,5 mm. Diam\u00e8tre maximum du c\u00e2ble 8,8 mm. Les supports muraux mesurent 36 x 36 x 17,7 mm avec des rainures qui verrouillent le tuyau pour un montage s\u00e9curis\u00e9. Support mural en argent et tuyau en acier inoxydable. Le support mural est \u00e9galement disponible en vrac, DL H14 (argent). D&#039;autres couleurs (blanc et marron) peuvent \u00eatre command\u00e9es sp\u00e9cialement.<\/p>","protected":false},"excerpt":{"rendered":"<p>Transfert de cadre avec tuyau en acier inoxydable avec protection de c\u00e2ble aux deux extr\u00e9mit\u00e9s pour prot\u00e9ger le c\u00e2ble lors du passage de la porte au cadre. 40 cm de long, diam\u00e8tre ext\u00e9rieur 14 mm, diam\u00e8tre int\u00e9rieur 10,5 mm. Diam\u00e8tre maximum du c\u00e2ble<\/p>","protected":false},"featured_media":142139,"template":"","meta":{"_acf_changed":false},"product_brand":[],"product_cat":[1546],"product_tag":[],"class_list":{"0":"post-52211","1":"product","2":"type-product","3":"status-publish","4":"has-post-thumbnail","6":"product_cat-kabeloverforing","7":"product_shipping_class-postnord-varubrev","8":"tm-no-options","10":"first","11":"instock","12":"sale","13":"taxable","14":"shipping-taxable","15":"purchasable","16":"product-type-simple"},"acf":[],"_links":{"self":[{"href":"https:\/\/secureus.se\/fr\/wp-json\/wp\/v2\/product\/52211","targetHints":{"allow":["GET"]}}],"collection":[{"href":"https:\/\/secureus.se\/fr\/wp-json\/wp\/v2\/product"}],"about":[{"href":"https:\/\/secureus.se\/fr\/wp-json\/wp\/v2\/types\/product"}],"wp:featuredmedia":[{"embeddable":true,"href":"https:\/\/secureus.se\/fr\/wp-json\/wp\/v2\/media\/142139"}],"wp:attachment":[{"href":"https:\/\/secureus.se\/fr\/wp-json\/wp\/v2\/media?parent=52211"}],"wp:term":[{"taxonomy":"product_brand","embeddable":true,"href":"https:\/\/secureus.se\/fr\/wp-json\/wp\/v2\/product_brand?post=52211"},{"taxonomy":"product_cat","embeddable":true,"href":"https:\/\/secureus.se\/fr\/wp-json\/wp\/v2\/product_cat?post=52211"},{"taxonomy":"product_tag","embeddable":true,"href":"https:\/\/secureus.se\/fr\/wp-json\/wp\/v2\/product_tag?post=52211"}],"curies":[{"name":"wp","href":"https:\/\/api.w.org\/{rel}","templated":true}]}}