{"id":52212,"date":"2022-06-29T12:50:38","date_gmt":"2022-06-29T10:50:38","guid":{"rendered":"https:\/\/secureus.se\/produkt\/kopplingsplint-20-p-25-sk-sk\/"},"modified":"2026-04-08T16:34:57","modified_gmt":"2026-04-08T14:34:57","slug":"kopplingsplint-20-p-25-sk-sk","status":"publish","type":"product","link":"https:\/\/secureus.se\/fr\/kopplingsplint-20-p-25-sk-sk\/","title":{"rendered":"Borne de connexion 20-P 2,5 Sk\/Sk"},"content":{"rendered":"<p>Le terminal s&#039;adapte aux bo\u00eetiers modulaires Fatum en plastique UL94-V0 avec ou sans ouverture signature en rouge ou blanc et qui r\u00e9pondent \u00e0 la norme IP55. Disponible pour un module 4101.0x ou trois modules 4103.0x, avec ou sans ouverture de signature. Alternativement, une des bo\u00eetes en fer blanc Fatum de 1 \u00e0 20 terminaux, voir l&#039;article n\u00b0 3201.02-3210.02 (5015241-5015251). Les bo\u00eetes peuvent \u00eatre compl\u00e9t\u00e9es par la plaque signal\u00e9tique murale 3132.01 (5015560).<\/p>","protected":false},"excerpt":{"rendered":"<p>Le terminal s&#039;adapte aux bo\u00eetiers modulaires Fatum en plastique UL94-V0 avec ou sans ouverture signature en rouge ou blanc et qui r\u00e9pondent \u00e0 la norme IP55. Disponible pour un module 4101.0x ou trois modules 4103.0x, avec ou<\/p>","protected":false},"featured_media":142428,"template":"","meta":{"_acf_changed":false},"product_brand":[],"product_cat":[1547],"product_tag":[],"class_list":{"0":"post-52212","1":"product","2":"type-product","3":"status-publish","4":"has-post-thumbnail","6":"product_cat-plint-larm-telebox","7":"product_shipping_class-postnord-varubrev","8":"pa_brands-alarmtech","9":"pa_farg-ovrigt","10":"tm-no-options","12":"first","13":"instock","14":"sale","15":"taxable","16":"shipping-taxable","17":"purchasable","18":"product-type-simple"},"acf":[],"_links":{"self":[{"href":"https:\/\/secureus.se\/fr\/wp-json\/wp\/v2\/product\/52212","targetHints":{"allow":["GET"]}}],"collection":[{"href":"https:\/\/secureus.se\/fr\/wp-json\/wp\/v2\/product"}],"about":[{"href":"https:\/\/secureus.se\/fr\/wp-json\/wp\/v2\/types\/product"}],"wp:featuredmedia":[{"embeddable":true,"href":"https:\/\/secureus.se\/fr\/wp-json\/wp\/v2\/media\/142428"}],"wp:attachment":[{"href":"https:\/\/secureus.se\/fr\/wp-json\/wp\/v2\/media?parent=52212"}],"wp:term":[{"taxonomy":"product_brand","embeddable":true,"href":"https:\/\/secureus.se\/fr\/wp-json\/wp\/v2\/product_brand?post=52212"},{"taxonomy":"product_cat","embeddable":true,"href":"https:\/\/secureus.se\/fr\/wp-json\/wp\/v2\/product_cat?post=52212"},{"taxonomy":"product_tag","embeddable":true,"href":"https:\/\/secureus.se\/fr\/wp-json\/wp\/v2\/product_tag?post=52212"}],"curies":[{"name":"wp","href":"https:\/\/api.w.org\/{rel}","templated":true}]}}