{"id":52226,"date":"2022-06-29T12:47:56","date_gmt":"2022-06-29T10:47:56","guid":{"rendered":"https:\/\/secureus.se\/produkt\/larmbox-mini-20-pol-skruv\/"},"modified":"2026-03-26T11:48:40","modified_gmt":"2026-03-26T10:48:40","slug":"larmbox-mini-20-pol-skruv","status":"publish","type":"product","link":"https:\/\/secureus.se\/fr\/larmbox-mini-20-pol-skruv\/","title":{"rendered":"Bo\u00eete d&#039;alarme Mini 20 P\u00f4les \u00e0 Vis"},"content":{"rendered":"<p>Borne \u00e0 vis avec fonction \u00e9l\u00e9vateur et pour fil 0,14-1 mm2. Produit complet dans une petite bo\u00eete de jonction blanche en plastique UL94-V0 (ignifug\u00e9 et sans halog\u00e8ne) d&#039;\u00e9paisseur de mat\u00e9riau stable. La bo\u00eete de jonction peut \u00eatre compl\u00e9t\u00e9e par des entretoises murales empilables de 6 mm ou 13 mm de long, voir 2581.06, Enr 5015236 ou 2581.13 Enr 5015238, ainsi qu&#039;une petite plaque signal\u00e9tique murale voir 3132.01 Enr 5015560.<\/p>","protected":false},"excerpt":{"rendered":"<p>Borne \u00e0 vis avec fonction \u00e9l\u00e9vateur et pour fil 0,14-1 mm2. Produit complet dans une petite bo\u00eete de jonction blanche en plastique UL94-V0 (ignifug\u00e9 et sans halog\u00e8ne) d&#039;\u00e9paisseur de mat\u00e9riau stable. La bo\u00eete de jonction peut \u00eatre compl\u00e9t\u00e9e par des entretoises murales empilables i<\/p>","protected":false},"featured_media":142472,"template":"","meta":{"_acf_changed":false},"product_brand":[],"product_cat":[1545],"product_tag":[2217,2220],"class_list":{"0":"post-52226","1":"product","2":"type-product","3":"status-publish","4":"has-post-thumbnail","6":"product_cat-kopplingsdosa-larmdosa","7":"product_tag-dosa-20-polig","8":"product_tag-dosor-rekommenderade-lagt-pris","9":"product_shipping_class-postnord-varubrev","10":"pa_brands-alarmtech","11":"pa_farg-vit","12":"tm-no-options","14":"first","15":"instock","16":"sale","17":"taxable","18":"shipping-taxable","19":"purchasable","20":"product-type-simple"},"acf":[],"_links":{"self":[{"href":"https:\/\/secureus.se\/fr\/wp-json\/wp\/v2\/product\/52226","targetHints":{"allow":["GET"]}}],"collection":[{"href":"https:\/\/secureus.se\/fr\/wp-json\/wp\/v2\/product"}],"about":[{"href":"https:\/\/secureus.se\/fr\/wp-json\/wp\/v2\/types\/product"}],"wp:featuredmedia":[{"embeddable":true,"href":"https:\/\/secureus.se\/fr\/wp-json\/wp\/v2\/media\/142472"}],"wp:attachment":[{"href":"https:\/\/secureus.se\/fr\/wp-json\/wp\/v2\/media?parent=52226"}],"wp:term":[{"taxonomy":"product_brand","embeddable":true,"href":"https:\/\/secureus.se\/fr\/wp-json\/wp\/v2\/product_brand?post=52226"},{"taxonomy":"product_cat","embeddable":true,"href":"https:\/\/secureus.se\/fr\/wp-json\/wp\/v2\/product_cat?post=52226"},{"taxonomy":"product_tag","embeddable":true,"href":"https:\/\/secureus.se\/fr\/wp-json\/wp\/v2\/product_tag?post=52226"}],"curies":[{"name":"wp","href":"https:\/\/api.w.org\/{rel}","templated":true}]}}