{"id":52279,"date":"2022-06-28T13:17:13","date_gmt":"2022-06-28T11:17:13","guid":{"rendered":"https:\/\/secureus.se\/produkt\/skylt-allman-brand-150x150-mm\/"},"modified":"2026-03-26T11:53:06","modified_gmt":"2026-03-26T10:53:06","slug":"skylt-allman-brand-150x150-mm","status":"publish","type":"product","link":"https:\/\/secureus.se\/fr\/skylt-allman-brand-150x150-mm\/","title":{"rendered":"Panneau Feu G\u00e9n\u00e9ral 150X150 Mm"},"content":{"rendered":"<p>Panneau 150\u00d7150 mm imprim\u00e9 recto sur PET. Symbole Feu g\u00e9n\u00e9ral.<\/p>","protected":false},"excerpt":{"rendered":"<p>Panneau 150\u00d7150 mm imprim\u00e9 recto sur PET. Symbole Feu g\u00e9n\u00e9ral.<\/p>","protected":false},"featured_media":142632,"template":"","meta":{"_acf_changed":false},"product_brand":[],"product_cat":[1559],"product_tag":[],"class_list":{"0":"post-52279","1":"product","2":"type-product","3":"status-publish","4":"has-post-thumbnail","6":"product_cat-anvisningsskyltar-brandskydd","7":"product_shipping_class-tunga-paket","8":"tm-no-options","10":"first","11":"outofstock","12":"sale","13":"taxable","14":"shipping-taxable","15":"purchasable","16":"product-type-simple"},"acf":[],"_links":{"self":[{"href":"https:\/\/secureus.se\/fr\/wp-json\/wp\/v2\/product\/52279","targetHints":{"allow":["GET"]}}],"collection":[{"href":"https:\/\/secureus.se\/fr\/wp-json\/wp\/v2\/product"}],"about":[{"href":"https:\/\/secureus.se\/fr\/wp-json\/wp\/v2\/types\/product"}],"wp:featuredmedia":[{"embeddable":true,"href":"https:\/\/secureus.se\/fr\/wp-json\/wp\/v2\/media\/142632"}],"wp:attachment":[{"href":"https:\/\/secureus.se\/fr\/wp-json\/wp\/v2\/media?parent=52279"}],"wp:term":[{"taxonomy":"product_brand","embeddable":true,"href":"https:\/\/secureus.se\/fr\/wp-json\/wp\/v2\/product_brand?post=52279"},{"taxonomy":"product_cat","embeddable":true,"href":"https:\/\/secureus.se\/fr\/wp-json\/wp\/v2\/product_cat?post=52279"},{"taxonomy":"product_tag","embeddable":true,"href":"https:\/\/secureus.se\/fr\/wp-json\/wp\/v2\/product_tag?post=52279"}],"curies":[{"name":"wp","href":"https:\/\/api.w.org\/{rel}","templated":true}]}}