{"id":52489,"date":"2022-06-28T13:16:57","date_gmt":"2022-06-28T11:16:57","guid":{"rendered":"https:\/\/secureus.se\/produkt\/branddorrstang-kit-bdc-1a-kit\/"},"modified":"2026-03-26T11:53:39","modified_gmt":"2026-03-26T10:53:39","slug":"branddorrstangning-kit-bdc-1a-kit","status":"publish","type":"product","link":"https:\/\/secureus.se\/fr\/branddorrstangning-kit-bdc-1a-kit\/","title":{"rendered":"Kit de fermeture de porte coupe-feu - BDC-1A-KIT - Solution compl\u00e8te avec d\u00e9tecteurs de fum\u00e9e et aimant de porte"},"content":{"rendered":"<p>Le kit de fermeture de porte coupe-feu BDC-1A-KIT est une solution compl\u00e8te pour un contr\u00f4le s\u00fbr et fiable des portes coupe-feu via des d\u00e9tecteurs de fum\u00e9e. Le panneau de commande peut g\u00e9rer une ou deux portes et offre une temporisation pour les portes doubles, garantissant une fermeture fluide et efficace en cas d&#039;incendie. Ce kit comprend tous les composants n\u00e9cessaires \u00e0 l&#039;installation et au fonctionnement, ce qui facilite sa mise en \u0153uvre dans diff\u00e9rents types de b\u00e2timents.<\/p>\n<p><strong>Caract\u00e9ristiques et avantages\u00a0:<\/strong><\/p>\n<ul>\n<li><strong>Contr\u00f4le centralis\u00e9\u00a0:<\/strong> La centrale peut commander une ou deux portes avec temporisation pour les portes doubles.<\/li>\n<li><strong>D\u00e9tecteurs de fum\u00e9e :<\/strong> Deux d\u00e9tecteurs de fum\u00e9e avec prises sont inclus pour une d\u00e9tection d&#039;incendie fiable.<\/li>\n<li><strong>Fermeture manuelle de la porte\u00a0:<\/strong> Les portes peuvent \u00eatre ferm\u00e9es manuellement via un bouton de fermeture de porte ou contr\u00f4l\u00e9es \u00e0 distance depuis une autre installation telle qu&#039;une centrale d&#039;alarme incendie.<\/li>\n<li><strong>Sorties sir\u00e8ne\u00a0:<\/strong> La centrale dispose de sorties sir\u00e8ne pour tension fixe et puls\u00e9e.<\/li>\n<li><strong>Relais d&#039;alarme et relais de d\u00e9faut\u00a0:<\/strong> Relais de commutation sans potentiel pour l&#039;indication d&#039;alarme et d&#039;erreur.<\/li>\n<li><strong>Batterie de secours\u00a0:<\/strong> Emplacement pour batterie de secours dans le bo\u00eetier (batteries 2 x 12 V\/0,8 Ah, \u00e0 commander s\u00e9par\u00e9ment).<\/li>\n<li><strong>Indications\u00a0:<\/strong> LED verte pour le fonctionnement, LED jaune pour l&#039;erreur et LED rouge pour l&#039;alarme incendie.<\/li>\n<\/ul>\n<p><strong>Domaines d&#039;utilisation :<\/strong> Le kit de ferme-porte coupe-feu BDC-1A-KIT est id\u00e9al pour une installation dans les b\u00e2timents commerciaux, les installations industrielles, les h\u00f4pitaux et les b\u00e2timents publics o\u00f9 la s\u00e9curit\u00e9 et la fiabilit\u00e9 sont de la plus haute importance.<\/p>\n<p><strong>Sp\u00e9cification technique\u00a0:<\/strong><\/p>\n<ul>\n<li><strong>Tension dans\u00a0:<\/strong> 230 VCA 50-60 Hz<\/li>\n<li><strong>Sortie tension\u00a0:<\/strong> 24 V CC<\/li>\n<li><strong>Consommation d&#039;\u00e9nergie\u00a0:<\/strong> 25mA<\/li>\n<li><strong>Courant maximum\u00a0:<\/strong> 0,6 A<\/li>\n<li><strong>Dimensions:<\/strong> 175x125x75mm<\/li>\n<li><strong>Approbation:<\/strong> CE<\/li>\n<li><strong>Batterie de secours\u00a0:<\/strong> Max 2 batteries au plomb 12V\/0,8Ah<\/li>\n<li><strong>Poids:<\/strong> 620 grammes<\/li>\n<\/ul>\n<p><strong>Composants inclus\u00a0:<\/strong><\/p>\n<ul>\n<li>1 centrale de commande de porte coupe-feu BDC-1A<\/li>\n<li>1 aimant de porte complet avec ancre<\/li>\n<li>2 d\u00e9tecteurs de fum\u00e9e avec prises<\/li>\n<li>1 bouton de fermeture de porte incl. d\u00e9calcomanie<\/li>\n<\/ul>\n<p><strong>Accessoires suppl\u00e9mentaires (command\u00e9s s\u00e9par\u00e9ment)\u00a0:<\/strong><\/p>\n<ul>\n<li>Bouton d&#039;alarme avec r\u00e9sistance int\u00e9gr\u00e9e<\/li>\n<li>Housse de protection pour bouton d&#039;alarme<\/li>\n<li>R\u00e9veil incendie<\/li>\n<li>Autocollant d&#039;alarme incendie<\/li>\n<li>Sir\u00e8ne et feux clignotants<\/li>\n<\/ul>\n<p><strong>Installation:<\/strong><\/p>\n<ol>\n<li>Installez l&#039;unit\u00e9 de commande de porte coupe-feu.<\/li>\n<li>Connectez la tension secteur 230VAC et v\u00e9rifiez que la LED de tension secteur s&#039;allume et que la tension de sortie DO et DF est de 24VDC.<\/li>\n<li>Coupez la tension secteur et connectez tous les appareils externes (d\u00e9tecteurs de fum\u00e9e, boutons d&#039;alarme, dispositifs d&#039;alarme, boutons d&#039;ouverture, commandes de relais, commandes externes, etc.).<\/li>\n<li>D\u00e9placez la r\u00e9sistance de terminaison de la sortie de la boucle du d\u00e9tecteur vers le dernier d\u00e9tecteur de la boucle.<\/li>\n<li>Connectez la tension secteur, puis les \u00e9ventuelles batteries.<\/li>\n<li>Charge maximale totale 0,5A.<\/li>\n<\/ol>\n<p><strong>Avantages :<\/strong><\/p>\n<ul>\n<li>Prot\u00e9g\u00e9 contre les surcharges et les courts-circuits<\/li>\n<li>Protection int\u00e9gr\u00e9e contre la d\u00e9charge profonde des batteries<\/li>\n<li>Facile \u00e0 installer et \u00e0 entretenir<\/li>\n<\/ul>\n<p>Le kit de fermeture de porte coupe-feu BDC-1A-KIT est la solution parfaite pour assurer la s\u00e9curit\u00e9 et la fiabilit\u00e9 de votre b\u00e2timent. Avec ce kit, vous obtenez tout ce dont vous avez besoin pour une fermeture efficace de votre porte coupe-feu.<\/p>","protected":false},"excerpt":{"rendered":"<p>Porte coupe-feu centrale avec 2 d\u00e9tecteurs de fum\u00e9e incl. plinthes, aimant de porte, ancre et bouton de fermeture de porte. La centrale contr\u00f4le une ou deux portes avec temporisation pour les portes doubles. Comprend un emplacement pour batterie de secours (piles command\u00e9es s\u00e9par\u00e9ment).<\/p>","protected":false},"featured_media":142803,"template":"","meta":{"_acf_changed":false},"product_brand":[],"product_cat":[1560],"product_tag":[],"class_list":{"0":"post-52489","1":"product","2":"type-product","3":"status-publish","4":"has-post-thumbnail","6":"product_cat-branddorrstangning","7":"product_shipping_class-tunga-paket","8":"pa_brands-ateco","9":"tm-no-options","11":"first","12":"instock","13":"sale","14":"taxable","15":"shipping-taxable","16":"purchasable","17":"product-type-simple"},"acf":[],"_links":{"self":[{"href":"https:\/\/secureus.se\/fr\/wp-json\/wp\/v2\/product\/52489","targetHints":{"allow":["GET"]}}],"collection":[{"href":"https:\/\/secureus.se\/fr\/wp-json\/wp\/v2\/product"}],"about":[{"href":"https:\/\/secureus.se\/fr\/wp-json\/wp\/v2\/types\/product"}],"wp:featuredmedia":[{"embeddable":true,"href":"https:\/\/secureus.se\/fr\/wp-json\/wp\/v2\/media\/142803"}],"wp:attachment":[{"href":"https:\/\/secureus.se\/fr\/wp-json\/wp\/v2\/media?parent=52489"}],"wp:term":[{"taxonomy":"product_brand","embeddable":true,"href":"https:\/\/secureus.se\/fr\/wp-json\/wp\/v2\/product_brand?post=52489"},{"taxonomy":"product_cat","embeddable":true,"href":"https:\/\/secureus.se\/fr\/wp-json\/wp\/v2\/product_cat?post=52489"},{"taxonomy":"product_tag","embeddable":true,"href":"https:\/\/secureus.se\/fr\/wp-json\/wp\/v2\/product_tag?post=52489"}],"curies":[{"name":"wp","href":"https:\/\/api.w.org\/{rel}","templated":true}]}}