{"id":52490,"date":"2022-06-28T13:16:47","date_gmt":"2022-06-28T11:16:47","guid":{"rendered":"https:\/\/secureus.se\/produkt\/dorrmagnet-cq-komp-24v-490n\/"},"modified":"2026-04-08T16:37:22","modified_gmt":"2026-04-08T14:37:22","slug":"dorrmagnet-cq-komp-24v-490n","status":"publish","type":"product","link":"https:\/\/secureus.se\/fr\/dorrmagnet-cq-komp-24v-490n\/","title":{"rendered":"Aimant de porte Cq Comp. 24V\/490N"},"content":{"rendered":"<p>CQ Aimant de porte complet 24VDC, 490N avec trou central M8 incl. La plaque de base d&#039;ancrage flexible est livr\u00e9e dans un emballage s\u00e9par\u00e9 de l&#039;aimant. Aimant de porte approuv\u00e9 pour les portes coupe-feu selon la norme europ\u00e9enne harmonis\u00e9e EN1155. Diodes int\u00e9gr\u00e9es pour g\u00e9rer les pics de courant. La goupille centrale avec ressort de r\u00e9pulsion emp\u00eache la porte de rester en position \u00e9rig\u00e9e en raison du magn\u00e9tisme r\u00e9siduel. 490N, 24V, 62mA. Dimensions aimant mm : 50\u00d730. Le bo\u00eetier de c\u00e2ble en plastique comporte des \u00ab\u00a0d\u00e9bouchures\u00a0\u00bb des deux c\u00f4t\u00e9s pour l&#039;entr\u00e9e de c\u00e2ble par le c\u00f4t\u00e9. Lorsque vous utilisez le support d&#039;angle CQ (E6300008), utilisez les vis M8 fournies avec CQ Komplett et CQ M8 car le filetage maximum dans l&#039;aimant est de 8 mm. CQ Komplett est livr\u00e9 avec un ancrage flexible, un aimant de porte avec trou central M8, une vis M8, une plaque inf\u00e9rieure s\u00e9par\u00e9ment et 3 vis pour la possibilit\u00e9 de fixer la plaque inf\u00e9rieure \u00e0 l&#039;aimant si n\u00e9cessaire.<\/p>","protected":false},"excerpt":{"rendered":"<p>CQ Aimant de porte complet 24VDC, 490N avec trou central M8 incl. La plaque de base d&#039;ancrage flexible est livr\u00e9e dans un emballage s\u00e9par\u00e9 de l&#039;aimant. Aimant de porte approuv\u00e9 pour les portes coupe-feu selon la norme europ\u00e9enne harmonis\u00e9e EN1155. Diodes int\u00e9gr\u00e9es<\/p>","protected":false},"featured_media":142382,"template":"","meta":{"_acf_changed":false},"product_brand":[],"product_cat":[1560],"product_tag":[],"class_list":{"0":"post-52490","1":"product","2":"type-product","3":"status-publish","4":"has-post-thumbnail","6":"product_cat-branddorrstangning","7":"product_shipping_class-tunga-paket","8":"tm-no-options","10":"first","11":"outofstock","12":"sale","13":"taxable","14":"shipping-taxable","15":"purchasable","16":"product-type-simple"},"acf":[],"_links":{"self":[{"href":"https:\/\/secureus.se\/fr\/wp-json\/wp\/v2\/product\/52490","targetHints":{"allow":["GET"]}}],"collection":[{"href":"https:\/\/secureus.se\/fr\/wp-json\/wp\/v2\/product"}],"about":[{"href":"https:\/\/secureus.se\/fr\/wp-json\/wp\/v2\/types\/product"}],"wp:featuredmedia":[{"embeddable":true,"href":"https:\/\/secureus.se\/fr\/wp-json\/wp\/v2\/media\/142382"}],"wp:attachment":[{"href":"https:\/\/secureus.se\/fr\/wp-json\/wp\/v2\/media?parent=52490"}],"wp:term":[{"taxonomy":"product_brand","embeddable":true,"href":"https:\/\/secureus.se\/fr\/wp-json\/wp\/v2\/product_brand?post=52490"},{"taxonomy":"product_cat","embeddable":true,"href":"https:\/\/secureus.se\/fr\/wp-json\/wp\/v2\/product_cat?post=52490"},{"taxonomy":"product_tag","embeddable":true,"href":"https:\/\/secureus.se\/fr\/wp-json\/wp\/v2\/product_tag?post=52490"}],"curies":[{"name":"wp","href":"https:\/\/api.w.org\/{rel}","templated":true}]}}