{"id":52497,"date":"2022-06-28T13:15:40","date_gmt":"2022-06-28T11:15:40","guid":{"rendered":"https:\/\/secureus.se\/produkt\/brandslackarlarm-9v\/"},"modified":"2026-04-08T16:38:39","modified_gmt":"2026-04-08T14:38:39","slug":"brandslackarlarm-9v","status":"publish","type":"product","link":"https:\/\/secureus.se\/fr\/brandslackarlarm-9v\/","title":{"rendered":"Alarme extincteur 9V"},"content":{"rendered":"<p>Le BSA-1 est une alarme tr\u00e8s visible pour \u00e9viter une mauvaise utilisation des extincteurs. Un fil est mont\u00e9 \u00e0 une extr\u00e9mit\u00e9 de l&#039;extincteur et l&#039;autre extr\u00e9mit\u00e9 est ins\u00e9r\u00e9e dans l&#039;alarme de l&#039;extincteur. Si le fil de l&#039;alarme est retir\u00e9, cela retentit fort et les environs prennent conscience de l&#039;action.<\/p>","protected":false},"excerpt":{"rendered":"<p>Le BSA-1 est une alarme tr\u00e8s visible pour \u00e9viter une mauvaise utilisation des extincteurs. Un fil est mont\u00e9 \u00e0 une extr\u00e9mit\u00e9 de l&#039;extincteur et l&#039;autre extr\u00e9mit\u00e9 est ins\u00e9r\u00e9e dans l&#039;alarme de l&#039;extincteur. Si le fil est retir\u00e9<\/p>","protected":false},"featured_media":142427,"template":"","meta":{"_acf_changed":false},"product_brand":[],"product_cat":[1533],"product_tag":[],"class_list":{"0":"post-52497","1":"product","2":"type-product","3":"status-publish","4":"has-post-thumbnail","6":"product_cat-brandslackare","7":"product_shipping_class-tunga-paket","8":"tm-no-options","10":"first","11":"outofstock","12":"sale","13":"taxable","14":"shipping-taxable","15":"purchasable","16":"product-type-simple"},"acf":[],"_links":{"self":[{"href":"https:\/\/secureus.se\/fr\/wp-json\/wp\/v2\/product\/52497","targetHints":{"allow":["GET"]}}],"collection":[{"href":"https:\/\/secureus.se\/fr\/wp-json\/wp\/v2\/product"}],"about":[{"href":"https:\/\/secureus.se\/fr\/wp-json\/wp\/v2\/types\/product"}],"wp:featuredmedia":[{"embeddable":true,"href":"https:\/\/secureus.se\/fr\/wp-json\/wp\/v2\/media\/142427"}],"wp:attachment":[{"href":"https:\/\/secureus.se\/fr\/wp-json\/wp\/v2\/media?parent=52497"}],"wp:term":[{"taxonomy":"product_brand","embeddable":true,"href":"https:\/\/secureus.se\/fr\/wp-json\/wp\/v2\/product_brand?post=52497"},{"taxonomy":"product_cat","embeddable":true,"href":"https:\/\/secureus.se\/fr\/wp-json\/wp\/v2\/product_cat?post=52497"},{"taxonomy":"product_tag","embeddable":true,"href":"https:\/\/secureus.se\/fr\/wp-json\/wp\/v2\/product_tag?post=52497"}],"curies":[{"name":"wp","href":"https:\/\/api.w.org\/{rel}","templated":true}]}}