{"id":52500,"date":"2022-06-28T13:15:28","date_gmt":"2022-06-28T11:15:28","guid":{"rendered":"https:\/\/secureus.se\/produkt\/brandfilt-silikon-120x180cm\/"},"modified":"2026-04-23T11:15:32","modified_gmt":"2026-04-23T09:15:32","slug":"brandfilt-silikon-120x180cm","status":"publish","type":"product","link":"https:\/\/secureus.se\/fr\/brandfilt-silikon-120x180cm\/","title":{"rendered":"Couverture anti-feu Silicone 120X180Cm"},"content":{"rendered":"<h1>Couverture anti-feu Silicone 120X180Cm<\/h1>\n<p>Couverture anti-feu en silicone 120 x 180 cm.<\/p>\n<p>Une couverture anti-feu recouverte de silicone \u00e9touffe le feu plus rapidement et r\u00e9duit consid\u00e9rablement le risque de r\u00e9inflammation.<\/p>\n<p>La couverture anti-feu r\u00e9siste \u00e0 la p\u00e9n\u00e9tration du gaz et peut supporter des temp\u00e9ratures allant jusqu&#039;\u00e0 500 degr\u00e9s et \u00e9teint rapidement les petits incendies dans, par exemple, les v\u00eatements ou les casseroles.<\/p>\n<p>Une couverture anti-feu est recommand\u00e9e en compl\u00e9ment d&#039;un extincteur de 6 kg.<\/p>\n<p>Placez la couverture anti-feu de mani\u00e8re visible l\u00e0 o\u00f9 il peut y avoir un risque d&#039;incendie, par exemple dans la cuisine, le garage ou \u00e0 c\u00f4t\u00e9 d&#039;une chemin\u00e9e.<\/p>\n<p>Dimensions du bo\u00eetier (LxH) : 200 x 330 mm.<\/p>\n<p>Travaux de nettoyage minimes apr\u00e8s extinction.<\/p>\n<p>Extinction plus rapide, moins de risque de r\u00e9inflammation.<\/p>\n<p>Conforme aux exigences de la norme EN 1869:2019.<\/p>","protected":false},"excerpt":{"rendered":"<p>Brandfilt Silikon 120X180Cm Brandfilt silikon 120 x 180 cm. En silikonbelagd brandfilt kv\u00e4ver branden snabbare och minskar avsev\u00e4rt risken f\u00f6r \u00e5terant\u00e4ndning. Brandfilten st\u00e5r emot gasgenomtr\u00e4ngning och t\u00e5l temperaturer upp till<\/p>","protected":false},"featured_media":142540,"template":"","meta":{"_acf_changed":false},"product_brand":[],"product_cat":[1533],"product_tag":[],"class_list":{"0":"post-52500","1":"product","2":"type-product","3":"status-publish","4":"has-post-thumbnail","6":"product_cat-brandslackare","7":"product_shipping_class-tunga-paket","8":"tm-no-options","10":"first","11":"outofstock","12":"sale","13":"taxable","14":"shipping-taxable","15":"purchasable","16":"product-type-simple"},"acf":[],"_links":{"self":[{"href":"https:\/\/secureus.se\/fr\/wp-json\/wp\/v2\/product\/52500","targetHints":{"allow":["GET"]}}],"collection":[{"href":"https:\/\/secureus.se\/fr\/wp-json\/wp\/v2\/product"}],"about":[{"href":"https:\/\/secureus.se\/fr\/wp-json\/wp\/v2\/types\/product"}],"wp:featuredmedia":[{"embeddable":true,"href":"https:\/\/secureus.se\/fr\/wp-json\/wp\/v2\/media\/142540"}],"wp:attachment":[{"href":"https:\/\/secureus.se\/fr\/wp-json\/wp\/v2\/media?parent=52500"}],"wp:term":[{"taxonomy":"product_brand","embeddable":true,"href":"https:\/\/secureus.se\/fr\/wp-json\/wp\/v2\/product_brand?post=52500"},{"taxonomy":"product_cat","embeddable":true,"href":"https:\/\/secureus.se\/fr\/wp-json\/wp\/v2\/product_cat?post=52500"},{"taxonomy":"product_tag","embeddable":true,"href":"https:\/\/secureus.se\/fr\/wp-json\/wp\/v2\/product_tag?post=52500"}],"curies":[{"name":"wp","href":"https:\/\/api.w.org\/{rel}","templated":true}]}}