{"id":52501,"date":"2022-06-28T13:15:24","date_gmt":"2022-06-28T11:15:24","guid":{"rendered":"https:\/\/secureus.se\/produkt\/pulverslackare-2-kg-rod-13a\/"},"modified":"2026-04-23T11:15:40","modified_gmt":"2026-04-23T09:15:40","slug":"pulverslackare-2-kg-rod-13a","status":"publish","type":"product","link":"https:\/\/secureus.se\/fr\/pulverslackare-2-kg-rod-13a\/","title":{"rendered":"Extincteur \u00e0 poudre 2 Kg Rouge 13A"},"content":{"rendered":"<p>Convient pour l&#039;appartement, la maison d&#039;\u00e9t\u00e9, le d\u00e9barras, la caravane, le mobil-home, la voiture, le bateau, etc. Classe de puissance 13A 89B C. Qualit\u00e9 assur\u00e9e et certifi\u00e9e par DNV. Rechargeable par un technicien de service agr\u00e9\u00e9. Support mural inclus. Extincteur \u00e0 poudre sous pression, poudre chimique s\u00e8che. Poids rempli : 3,7 kg. Moyens d&#039;extinction : poudre ABC. Gaz propulseur : Azote (N2). Pression de service : 14 bars \u00e0 +20\u00b0C. Fonctionnel entre -30\u00b0C et +60\u00b0C. Distance de s\u00e9curit\u00e9 : 1 m\u00e8tre. Temps de vidange : 13 sec. L&#039;extincteur est homologu\u00e9 selon SS-EN3-7. Inclus dans Pro Select.<\/p>","protected":false},"excerpt":{"rendered":"<p>Convient pour l&#039;appartement, la maison d&#039;\u00e9t\u00e9, le d\u00e9barras, la caravane, le mobil-home, la voiture, le bateau, etc. Classe de puissance 13A 89B C. Qualit\u00e9 assur\u00e9e et certifi\u00e9e par DNV. Rechargeable par un technicien de service agr\u00e9\u00e9. Support mural inclus. Extincteur \u00e0 poudre sous pression, poudre chimique s\u00e8che.<\/p>","protected":false},"featured_media":143312,"template":"","meta":{"_acf_changed":false},"product_brand":[],"product_cat":[1533],"product_tag":[],"class_list":{"0":"post-52501","1":"product","2":"type-product","3":"status-publish","4":"has-post-thumbnail","6":"product_cat-brandslackare","7":"product_shipping_class-tunga-paket","8":"tm-no-options","10":"first","11":"outofstock","12":"sale","13":"taxable","14":"shipping-taxable","15":"purchasable","16":"product-type-simple"},"acf":[],"_links":{"self":[{"href":"https:\/\/secureus.se\/fr\/wp-json\/wp\/v2\/product\/52501","targetHints":{"allow":["GET"]}}],"collection":[{"href":"https:\/\/secureus.se\/fr\/wp-json\/wp\/v2\/product"}],"about":[{"href":"https:\/\/secureus.se\/fr\/wp-json\/wp\/v2\/types\/product"}],"wp:featuredmedia":[{"embeddable":true,"href":"https:\/\/secureus.se\/fr\/wp-json\/wp\/v2\/media\/143312"}],"wp:attachment":[{"href":"https:\/\/secureus.se\/fr\/wp-json\/wp\/v2\/media?parent=52501"}],"wp:term":[{"taxonomy":"product_brand","embeddable":true,"href":"https:\/\/secureus.se\/fr\/wp-json\/wp\/v2\/product_brand?post=52501"},{"taxonomy":"product_cat","embeddable":true,"href":"https:\/\/secureus.se\/fr\/wp-json\/wp\/v2\/product_cat?post=52501"},{"taxonomy":"product_tag","embeddable":true,"href":"https:\/\/secureus.se\/fr\/wp-json\/wp\/v2\/product_tag?post=52501"}],"curies":[{"name":"wp","href":"https:\/\/api.w.org\/{rel}","templated":true}]}}