{"id":52502,"date":"2022-06-28T13:15:09","date_gmt":"2022-06-28T11:15:09","guid":{"rendered":"https:\/\/secureus.se\/produkt\/pulverslackare-6-kg-55a-rod\/"},"modified":"2026-03-26T11:56:24","modified_gmt":"2026-03-26T10:56:24","slug":"pulverslackare-6-kg-55a-rod","status":"publish","type":"product","link":"https:\/\/secureus.se\/fr\/pulverslackare-6-kg-55a-rod\/","title":{"rendered":"Extincteur \u00e0 poudre 6 Kg 55A Rouge"},"content":{"rendered":"<p>Convient au bureau, dans les ateliers, les locaux, la villa, l&#039;appartement etc. Classe de puissance 55A 233B C (classe la plus \u00e9lev\u00e9e). Rechargeable par un technicien de service agr\u00e9\u00e9. Anneau de pied Extincteur \u00e0 poudre sous pression, poudre chimique s\u00e8che. Poids rempli : 17,5 kg. Moyens d&#039;extinction : poudre ABC. Gaz propulseur : Azote (N2). Pression de service : 14 bars \u00e0 +20\u00b0C. Fonctionnel entre -30\u00b0C et +60\u00b0C. Distance de s\u00e9curit\u00e9 : 1 m\u00e8tre. Temps de vidange : 31 sec. L&#039;extincteur est homologu\u00e9 selon SS-EN3-7. Texte en su\u00e9dois\/norv\u00e9gien Inclus dans Pro Select<\/p>","protected":false},"excerpt":{"rendered":"<p>Convient au bureau, dans les ateliers, les locaux, la villa, l&#039;appartement etc. Classe de puissance 55A 233B C (classe la plus \u00e9lev\u00e9e). Rechargeable par un technicien de service agr\u00e9\u00e9. Anneau de pied Extincteur \u00e0 poudre sous pression, poudre chimique s\u00e8che. Poids rempli : 17,5 kg. Moyens d&#039;extinction\u00a0:<\/p>","protected":false},"featured_media":142550,"template":"","meta":{"_acf_changed":false},"product_brand":[],"product_cat":[1533],"product_tag":[],"class_list":{"0":"post-52502","1":"product","2":"type-product","3":"status-publish","4":"has-post-thumbnail","6":"product_cat-brandslackare","7":"product_shipping_class-tunga-paket","8":"tm-no-options","10":"first","11":"instock","12":"sale","13":"taxable","14":"shipping-taxable","15":"purchasable","16":"product-type-simple"},"acf":[],"_links":{"self":[{"href":"https:\/\/secureus.se\/fr\/wp-json\/wp\/v2\/product\/52502","targetHints":{"allow":["GET"]}}],"collection":[{"href":"https:\/\/secureus.se\/fr\/wp-json\/wp\/v2\/product"}],"about":[{"href":"https:\/\/secureus.se\/fr\/wp-json\/wp\/v2\/types\/product"}],"wp:featuredmedia":[{"embeddable":true,"href":"https:\/\/secureus.se\/fr\/wp-json\/wp\/v2\/media\/142550"}],"wp:attachment":[{"href":"https:\/\/secureus.se\/fr\/wp-json\/wp\/v2\/media?parent=52502"}],"wp:term":[{"taxonomy":"product_brand","embeddable":true,"href":"https:\/\/secureus.se\/fr\/wp-json\/wp\/v2\/product_brand?post=52502"},{"taxonomy":"product_cat","embeddable":true,"href":"https:\/\/secureus.se\/fr\/wp-json\/wp\/v2\/product_cat?post=52502"},{"taxonomy":"product_tag","embeddable":true,"href":"https:\/\/secureus.se\/fr\/wp-json\/wp\/v2\/product_tag?post=52502"}],"curies":[{"name":"wp","href":"https:\/\/api.w.org\/{rel}","templated":true}]}}