{"id":52503,"date":"2022-06-28T13:14:57","date_gmt":"2022-06-28T11:14:57","guid":{"rendered":"https:\/\/secureus.se\/produkt\/brandslackare-6-kg-palmblad\/"},"modified":"2026-04-23T11:15:49","modified_gmt":"2026-04-23T09:15:49","slug":"brandslackare-6-kg-palmblad","status":"publish","type":"product","link":"https:\/\/secureus.se\/fr\/brandslackare-6-kg-palmblad\/","title":{"rendered":"Extincteur 6 Kg Feuilles de Palmier - Design \u00e9l\u00e9gant"},"content":{"rendered":"<p>Extincteur Nexa adapt\u00e9 \u00e0 la villa, appartement, chalet d&#039;\u00e9t\u00e9, caravane, camping-car, bateau, etc. Classe d&#039;efficacit\u00e9 43A 233B C. Extincteur \u00e0 poudre sous pression, poudre chimique s\u00e8che. V\u00e9rifiez r\u00e9guli\u00e8rement le manom\u00e8tre au moins une fois par an. Moyens d&#039;extinction : poudre ABC. Gaz propulseur : Azote (N2). Pression de service : 14 bars \u00e0 +20\u00b0. Fonctionnel entre -30\u00b0 et +60\u00b0. Distance de s\u00e9curit\u00e9 1 m. Support mural inclus.<\/p>","protected":false},"excerpt":{"rendered":"<p>Extincteur Nexa adapt\u00e9 \u00e0 la villa, appartement, chalet d&#039;\u00e9t\u00e9, caravane, camping-car, bateau, etc. Classe d&#039;efficacit\u00e9 43A 233B C. Extincteur \u00e0 poudre sous pression, poudre chimique s\u00e8che. V\u00e9rifiez r\u00e9guli\u00e8rement le manom\u00e8tre au moins une fois par an. Moyens d&#039;extinction : poudre ABC. Gaz propulseur\u00a0: Azote<\/p>","protected":false},"featured_media":142887,"template":"","meta":{"_acf_changed":false},"product_brand":[],"product_cat":[1533],"product_tag":[],"class_list":{"0":"post-52503","1":"product","2":"type-product","3":"status-publish","4":"has-post-thumbnail","6":"product_cat-brandslackare","7":"product_shipping_class-tunga-paket","8":"pa_brands-nexa","9":"tm-no-options","11":"first","12":"instock","13":"sale","14":"taxable","15":"shipping-taxable","16":"purchasable","17":"product-type-simple"},"acf":[],"_links":{"self":[{"href":"https:\/\/secureus.se\/fr\/wp-json\/wp\/v2\/product\/52503","targetHints":{"allow":["GET"]}}],"collection":[{"href":"https:\/\/secureus.se\/fr\/wp-json\/wp\/v2\/product"}],"about":[{"href":"https:\/\/secureus.se\/fr\/wp-json\/wp\/v2\/types\/product"}],"wp:featuredmedia":[{"embeddable":true,"href":"https:\/\/secureus.se\/fr\/wp-json\/wp\/v2\/media\/142887"}],"wp:attachment":[{"href":"https:\/\/secureus.se\/fr\/wp-json\/wp\/v2\/media?parent=52503"}],"wp:term":[{"taxonomy":"product_brand","embeddable":true,"href":"https:\/\/secureus.se\/fr\/wp-json\/wp\/v2\/product_brand?post=52503"},{"taxonomy":"product_cat","embeddable":true,"href":"https:\/\/secureus.se\/fr\/wp-json\/wp\/v2\/product_cat?post=52503"},{"taxonomy":"product_tag","embeddable":true,"href":"https:\/\/secureus.se\/fr\/wp-json\/wp\/v2\/product_tag?post=52503"}],"curies":[{"name":"wp","href":"https:\/\/api.w.org\/{rel}","templated":true}]}}