{"id":52524,"date":"2022-06-28T13:09:09","date_gmt":"2022-06-28T11:09:09","guid":{"rendered":"https:\/\/secureus.se\/produkt\/blixtljus-vit-blatt-solex\/"},"modified":"2026-03-26T11:58:47","modified_gmt":"2026-03-26T10:58:47","slug":"blixtljus-vit-blatt-solex","status":"publish","type":"product","link":"https:\/\/secureus.se\/fr\/blixtljus-vit-blatt-solex\/","title":{"rendered":"Lampe flash Blanc\/Bleu Solex"},"content":{"rendered":"<h1>Blixtljus Vit\/Bl\u00e5tt Solex<\/h1>\n<p data-start=\"205\" data-end=\"324\"><span class=\"relative -mx-px my-[-0.2rem] rounded px-px py-[0.2rem]\">Solex \u00e4r ett h\u00f6gkvalitativt elektroniskt blixtljus designat f\u00f6r att uppfylla kraven i moderna larmsystem.<\/span><\/p>\n<p data-start=\"205\" data-end=\"324\"><span class=\"relative -mx-px my-[-0.2rem] rounded px-px py-[0.2rem]\">Tillverkat av Fulleon, en ledande akt\u00f6r inom larmteknik, erbjuder Solex en kombination av h\u00f6g ljusstyrka och energieffektivitet.<\/span>\u200b<\/p>\n<p data-start=\"326\" data-end=\"346\"><strong data-start=\"326\" data-end=\"346\">Huvudfunktioner:<\/strong><\/p>\n<ul data-start=\"348\" data-end=\"1560\">\n<li data-start=\"348\" data-end=\"495\">\n<p data-start=\"350\" data-end=\"495\"><strong data-start=\"350\" data-end=\"375\">Kraftfull ljuseffekt:<\/strong> <span class=\"relative -mx-px my-[-0.2rem] rounded px-px py-[0.2rem]\">Solex producerar en ljuseffekt p\u00e5 10 Cd (2 Joule), vilket s\u00e4kerst\u00e4ller att larmet \u00e4r tydligt synligt \u00e4ven i ljusa milj\u00f6er.<\/span><\/p>\n<\/li>\n<li data-start=\"497\" data-end=\"648\">\n<p data-start=\"499\" data-end=\"648\"><strong data-start=\"499\" data-end=\"522\">Bred driftsp\u00e4nning:<\/strong> <span class=\"relative -mx-px my-[-0.2rem] rounded px-px py-[0.2rem]\">Enheten fungerar inom ett sp\u00e4nningsomr\u00e5de p\u00e5 10\u201360 V DC, vilket ger flexibilitet vid installation och kompatibilitet med olika larmsystem.<\/span> \u200b<\/p>\n<\/li>\n<li data-start=\"650\" data-end=\"803\">\n<p data-start=\"652\" data-end=\"803\"><strong data-start=\"652\" data-end=\"677\">L\u00e5g str\u00f6mf\u00f6rbrukning:<\/strong> <span class=\"relative -mx-px my-[-0.2rem] rounded px-px py-[0.2rem]\">Med en str\u00f6mf\u00f6rbrukning p\u00e5 88 mA vid 24 V DC \u00e4r Solex energieffektiv, vilket bidrar till l\u00e4gre driftskostnader och minimerar behovet av frekventa underh\u00e5ll.<\/span> \u200b<\/p>\n<\/li>\n<li data-start=\"805\" data-end=\"958\">\n<p data-start=\"807\" data-end=\"958\"><strong data-start=\"807\" data-end=\"832\">H\u00e5llbar konstruktion:<\/strong> <span class=\"relative -mx-px my-[-0.2rem] rounded px-px py-[0.2rem]\">Tillverkad av robust plastmaterial med IP54-klassning, \u00e4r Solex skyddad mot damm och vattenst\u00e4nk, vilket g\u00f6r den l\u00e4mplig f\u00f6r b\u00e5de inomhus- och utomhusbruk.<\/span><\/p>\n<\/li>\n<li data-start=\"960\" data-end=\"1106\">\n<p data-start=\"962\" data-end=\"1106\"><strong data-start=\"962\" data-end=\"980\">Blixtfrekvens:<\/strong> <span class=\"relative -mx-px my-[-0.2rem] rounded px-px py-[0.2rem]\">Med en blixtfrekvens p\u00e5 1 Hz (60 blinkningar per minut) \u00e4r enheten effektiv f\u00f6r att dra uppm\u00e4rksamhet vid larm, vilket \u00f6kar s\u00e4kerheten.<\/span> \u200b<\/p>\n<\/li>\n<li data-start=\"1108\" data-end=\"1256\">\n<p data-start=\"1110\" data-end=\"1256\"><strong data-start=\"1110\" data-end=\"1130\">Temperaturt\u00e5lig:<\/strong> <span class=\"relative -mx-px my-[-0.2rem] rounded px-px py-[0.2rem]\">Solex \u00e4r designad f\u00f6r att fungera optimalt i temperaturer mellan -25\u00b0C och +70\u00b0C, vilket g\u00f6r den p\u00e5litlig under olika klimatf\u00f6rh\u00e5llanden.<\/span><\/p>\n<\/li>\n<li data-start=\"1258\" data-end=\"1411\">\n<p data-start=\"1260\" data-end=\"1411\"><strong data-start=\"1260\" data-end=\"1285\">Flera f\u00e4rgalternativ:<\/strong> <span class=\"relative -mx-px my-[-0.2rem] rounded px-px py-[0.2rem]\">Standardutf\u00f6randet har en transparent lins, men enheten kan specialbest\u00e4llas med linser i r\u00f6d, orange, bl\u00e5 eller gr\u00f6n f\u00f6r att passa specifika installationskrav.<\/span> \u200b<\/p>\n<\/li>\n<li data-start=\"1413\" data-end=\"1560\">\n<p data-start=\"1415\" data-end=\"1560\"><strong data-start=\"1415\" data-end=\"1434\">Kompatibilitet:<\/strong> <span class=\"relative -mx-px my-[-0.2rem] rounded px-px py-[0.2rem]\">Solex kan monteras direkt p\u00e5 en Squashni-siren, vilket f\u00f6renklar installationen och sparar utrymme.<\/span><\/p>\n<\/li>\n<\/ul>\n<p data-start=\"1562\" data-end=\"1591\"><strong data-start=\"1562\" data-end=\"1591\">Tekniska specifikationer:<\/strong><\/p>\n<ul data-start=\"1593\" data-end=\"2228\">\n<li data-start=\"1593\" data-end=\"1699\">\n<p data-start=\"1595\" data-end=\"1699\"><strong data-start=\"1595\" data-end=\"1613\">Driftsp\u00e4nning:<\/strong> <span class=\"relative -mx-px my-[-0.2rem] rounded px-px py-[0.2rem]\">10\u201360 V DC<\/span>\u200b<\/p>\n<\/li>\n<li data-start=\"1701\" data-end=\"1810\">\n<p data-start=\"1703\" data-end=\"1810\"><strong data-start=\"1703\" data-end=\"1724\">Str\u00f6mf\u00f6rbrukning:<\/strong> <span class=\"relative -mx-px my-[-0.2rem] rounded px-px py-[0.2rem]\">Varierar mellan 40\u2013245 mA beroende p\u00e5 sp\u00e4nning; 88 mA vid 24 V DC<\/span>\u200b<\/p>\n<\/li>\n<li data-start=\"1812\" data-end=\"1915\">\n<p data-start=\"1814\" data-end=\"1915\"><strong data-start=\"1814\" data-end=\"1829\">Ljuseffekt:<\/strong> <span class=\"relative -mx-px my-[-0.2rem] rounded px-px py-[0.2rem]\">10 Cd<\/span><\/p>\n<\/li>\n<li data-start=\"1917\" data-end=\"2018\">\n<p data-start=\"1919\" data-end=\"2018\"><strong data-start=\"1919\" data-end=\"1932\">IP-klass:<\/strong> <span class=\"relative -mx-px my-[-0.2rem] rounded px-px py-[0.2rem]\">IP54<\/span>\u200b<\/p>\n<\/li>\n<li data-start=\"2020\" data-end=\"2129\">\n<p data-start=\"2022\" data-end=\"2129\"><strong data-start=\"2022\" data-end=\"2043\">Arbetstemperatur:<\/strong> <span class=\"relative -mx-px my-[-0.2rem] rounded px-px py-[0.2rem]\">-25\u00b0C till +70\u00b0C<\/span><\/p>\n<\/li>\n<li data-start=\"2131\" data-end=\"2228\">\n<p data-start=\"2133\" data-end=\"2228\"><strong data-start=\"2133\" data-end=\"2142\">F\u00e4rg:<\/strong> <span class=\"relative -mx-px my-[-0.2rem] rounded px-px py-[0.2rem]\">Bl\u00e5<\/span>\u200b<\/p>\n<\/li>\n<\/ul>\n<p data-start=\"2230\" data-end=\"2253\"><strong data-start=\"2230\" data-end=\"2253\">Anv\u00e4ndningsomr\u00e5den:<\/strong><\/p>\n<p data-start=\"2255\" data-end=\"2380\"><span class=\"relative -mx-px my-[-0.2rem] rounded px-px py-[0.2rem]\">Solex \u00e4r idealisk f\u00f6r anv\u00e4ndning i olika larmsystem, inklusive brandlarm, inbrottslarm, gaslarm och industriella larm.<\/span><\/p>\n<p data-start=\"2255\" data-end=\"2380\"><span class=\"relative -mx-px my-[-0.2rem] rounded px-px py-[0.2rem]\">Den h\u00f6ga ljusstyrkan och p\u00e5litligheten g\u00f6r den l\u00e4mplig f\u00f6r b\u00e5de kommersiella och industriella applikationer d\u00e4r tydlig visuell varning \u00e4r kritisk.<\/span><\/p>\n<p data-start=\"2382\" data-end=\"2401\"><strong data-start=\"2382\" data-end=\"2401\">Sammanfattning:<\/strong><\/p>\n<p data-start=\"2403\" data-end=\"2528\"><span class=\"relative -mx-px my-[-0.2rem] rounded px-px py-[0.2rem]\">Solex elektroniska blixtljus kombinerar h\u00f6g ljuseffekt, energieffektivitet och h\u00e5llbar design, vilket g\u00f6r det till ett utm\u00e4rkt val f\u00f6r moderna larmsystem.<\/span><\/p>\n<p data-start=\"2403\" data-end=\"2528\"><span class=\"relative -mx-px my-[-0.2rem] rounded px-px py-[0.2rem]\">Med sin breda driftsp\u00e4nning och flexibilitet i installation passar den i en m\u00e4ngd olika s\u00e4kerhetsapplikationer.<\/span><\/p>\n","protected":false},"excerpt":{"rendered":"<p><span class=\"relative -mx-px my-[-0.2rem] rounded px-px py-[0.2rem]\">Solex \u00e4r ett elektroniskt blixtljus fr\u00e5n Fulleon som erbjuder en kraftfull ljuseffekt p\u00e5 10 candela (Cd) med l\u00e5g str\u00f6mf\u00f6rbrukning.<\/span><\/p>\n<p><span class=\"relative -mx-px my-[-0.2rem] rounded px-px py-[0.2rem]\">Med en bred driftsp\u00e4nning p\u00e5 10\u201360 V DC och en blixtfrekvens p\u00e5 1 Hz, \u00e4r det en p\u00e5litlig komponent f\u00f6r olika larmsystem.<\/span><\/p>\n<p><span class=\"relative -mx-px my-[-0.2rem] rounded px-px py-[0.2rem]\">Den kompakta och eleganta designen g\u00f6r det enkelt att integrera i b\u00e5de nya och befintliga installationer.<\/span><\/p>\n","protected":false},"featured_media":143036,"template":"","meta":{"_acf_changed":false},"product_brand":[],"product_cat":[5103,1562],"product_tag":[2270],"class_list":{"0":"post-52524","1":"product","2":"type-product","3":"status-publish","4":"has-post-thumbnail","6":"product_cat-blixtljus-kombisiren","7":"product_cat-larmdon-blixtljus","8":"product_tag-larmdon-blixtljus-bla","9":"product_shipping_class-tunga-paket","10":"pa_brands-fulleon","11":"tm-no-options","13":"first","14":"outofstock","15":"sale","16":"taxable","17":"shipping-taxable","18":"purchasable","19":"product-type-simple"},"acf":[],"_links":{"self":[{"href":"https:\/\/secureus.se\/fr\/wp-json\/wp\/v2\/product\/52524","targetHints":{"allow":["GET"]}}],"collection":[{"href":"https:\/\/secureus.se\/fr\/wp-json\/wp\/v2\/product"}],"about":[{"href":"https:\/\/secureus.se\/fr\/wp-json\/wp\/v2\/types\/product"}],"wp:featuredmedia":[{"embeddable":true,"href":"https:\/\/secureus.se\/fr\/wp-json\/wp\/v2\/media\/143036"}],"wp:attachment":[{"href":"https:\/\/secureus.se\/fr\/wp-json\/wp\/v2\/media?parent=52524"}],"wp:term":[{"taxonomy":"product_brand","embeddable":true,"href":"https:\/\/secureus.se\/fr\/wp-json\/wp\/v2\/product_brand?post=52524"},{"taxonomy":"product_cat","embeddable":true,"href":"https:\/\/secureus.se\/fr\/wp-json\/wp\/v2\/product_cat?post=52524"},{"taxonomy":"product_tag","embeddable":true,"href":"https:\/\/secureus.se\/fr\/wp-json\/wp\/v2\/product_tag?post=52524"}],"curies":[{"name":"wp","href":"https:\/\/api.w.org\/{rel}","templated":true}]}}