{"id":53397,"date":"2022-06-23T15:28:56","date_gmt":"2022-06-23T13:28:56","guid":{"rendered":"https:\/\/secureus.se\/produkt\/sladdtryckknapp-2m-no\/"},"modified":"2026-03-26T12:11:03","modified_gmt":"2026-03-26T11:11:03","slug":"sladdtryckknapp-2m-no","status":"publish","type":"product","link":"https:\/\/secureus.se\/fr\/sladdtryckknapp-2m-no\/","title":{"rendered":"Bouton poussoir cordon 2M Non"},"content":{"rendered":"<p>L&#039;appareil contient un bouton de fonction rouge. Le raccordement s&#039;effectue \u00e0 la prise de fonction 6,35 mm o\u00f9 le bouton-poussoir du cordon est connect\u00e9 via une fiche t\u00e9l\u00e9 coud\u00e9e mont\u00e9e sur un c\u00e2ble blanc d&#039;une longueur de 2 m\u00e8tres. Couverture thermoplastique blanche.<\/p>","protected":false},"excerpt":{"rendered":"<p>L&#039;appareil contient un bouton de fonction rouge. Le raccordement s&#039;effectue \u00e0 la prise de fonction 6,35 mm o\u00f9 le bouton-poussoir du cordon est connect\u00e9 via une fiche t\u00e9l\u00e9 coud\u00e9e mont\u00e9e sur un c\u00e2ble blanc d&#039;une longueur de 2 m\u00e8tres. Couverture thermoplastique blanche.<\/p>","protected":false},"featured_media":143723,"template":"","meta":{"_acf_changed":false},"product_brand":[],"product_cat":[1603],"product_tag":[],"class_list":{"0":"post-53397","1":"product","2":"type-product","3":"status-publish","4":"has-post-thumbnail","6":"product_cat-tillbehor-till-rwc-larm","7":"product_shipping_class-tunga-paket","8":"pa_farg-vit","9":"tm-no-options","11":"first","12":"instock","13":"sale","14":"taxable","15":"shipping-taxable","16":"purchasable","17":"product-type-simple"},"acf":[],"_links":{"self":[{"href":"https:\/\/secureus.se\/fr\/wp-json\/wp\/v2\/product\/53397","targetHints":{"allow":["GET"]}}],"collection":[{"href":"https:\/\/secureus.se\/fr\/wp-json\/wp\/v2\/product"}],"about":[{"href":"https:\/\/secureus.se\/fr\/wp-json\/wp\/v2\/types\/product"}],"wp:featuredmedia":[{"embeddable":true,"href":"https:\/\/secureus.se\/fr\/wp-json\/wp\/v2\/media\/143723"}],"wp:attachment":[{"href":"https:\/\/secureus.se\/fr\/wp-json\/wp\/v2\/media?parent=53397"}],"wp:term":[{"taxonomy":"product_brand","embeddable":true,"href":"https:\/\/secureus.se\/fr\/wp-json\/wp\/v2\/product_brand?post=53397"},{"taxonomy":"product_cat","embeddable":true,"href":"https:\/\/secureus.se\/fr\/wp-json\/wp\/v2\/product_cat?post=53397"},{"taxonomy":"product_tag","embeddable":true,"href":"https:\/\/secureus.se\/fr\/wp-json\/wp\/v2\/product_tag?post=53397"}],"curies":[{"name":"wp","href":"https:\/\/api.w.org\/{rel}","templated":true}]}}