{"id":53404,"date":"2022-06-23T15:27:31","date_gmt":"2022-06-23T13:27:31","guid":{"rendered":"https:\/\/secureus.se\/produkt\/rwc-ljussignal-s-1-vit\/"},"modified":"2026-03-26T12:12:31","modified_gmt":"2026-03-26T11:12:31","slug":"rwc-ljussignal-s-1-vit","status":"publish","type":"product","link":"https:\/\/secureus.se\/fr\/rwc-ljussignal-s-1-vit\/","title":{"rendered":"Rwc Signal lumineux S.1 Blanc"},"content":{"rendered":"<p>Signal lumineux avec cadre, 4 LED rouges, le signal peut \u00eatre r\u00e9gl\u00e9 constant ou puls\u00e9, raccordement \u00e0 vis, 24 V, s\u00e9rie berker S.1, blanc.<\/p>","protected":false},"excerpt":{"rendered":"<p>Signal lumineux avec cadre, 4 LED rouges, le signal peut \u00eatre r\u00e9gl\u00e9 constant ou puls\u00e9, raccordement \u00e0 vis, 24 V, s\u00e9rie berker S.1, blanc.<\/p>","protected":false},"featured_media":144153,"template":"","meta":{"_acf_changed":false},"product_brand":[],"product_cat":[1605],"product_tag":[],"class_list":{"0":"post-53404","1":"product","2":"type-product","3":"status-publish","4":"has-post-thumbnail","6":"product_cat-komponenter-till-rwc-larm","7":"product_shipping_class-tunga-paket","8":"pa_farg-vit","9":"tm-no-options","11":"first","12":"outofstock","13":"sale","14":"taxable","15":"shipping-taxable","16":"purchasable","17":"product-type-simple"},"acf":[],"_links":{"self":[{"href":"https:\/\/secureus.se\/fr\/wp-json\/wp\/v2\/product\/53404","targetHints":{"allow":["GET"]}}],"collection":[{"href":"https:\/\/secureus.se\/fr\/wp-json\/wp\/v2\/product"}],"about":[{"href":"https:\/\/secureus.se\/fr\/wp-json\/wp\/v2\/types\/product"}],"wp:featuredmedia":[{"embeddable":true,"href":"https:\/\/secureus.se\/fr\/wp-json\/wp\/v2\/media\/144153"}],"wp:attachment":[{"href":"https:\/\/secureus.se\/fr\/wp-json\/wp\/v2\/media?parent=53404"}],"wp:term":[{"taxonomy":"product_brand","embeddable":true,"href":"https:\/\/secureus.se\/fr\/wp-json\/wp\/v2\/product_brand?post=53404"},{"taxonomy":"product_cat","embeddable":true,"href":"https:\/\/secureus.se\/fr\/wp-json\/wp\/v2\/product_cat?post=53404"},{"taxonomy":"product_tag","embeddable":true,"href":"https:\/\/secureus.se\/fr\/wp-json\/wp\/v2\/product_tag?post=53404"}],"curies":[{"name":"wp","href":"https:\/\/api.w.org\/{rel}","templated":true}]}}