{"id":53408,"date":"2022-06-23T15:26:29","date_gmt":"2022-06-23T13:26:29","guid":{"rendered":"https:\/\/secureus.se\/produkt\/rwc-nodknapp-med-dragkontakt\/"},"modified":"2026-04-08T16:44:51","modified_gmt":"2026-04-08T14:44:51","slug":"rwc-nodknapp-med-dragkontakt","status":"publish","type":"product","link":"https:\/\/secureus.se\/fr\/rwc-nodknapp-med-dragkontakt\/","title":{"rendered":"Bouton d&#039;urgence Rwc avec contact \u00e0 tirer"},"content":{"rendered":"<p>Le bouton de signal d&#039;urgence avec contact \u00e0 tirer (cordon de 2 m) est associ\u00e9 aux appareils de la gamme Exxact RWC pour un syst\u00e8me complet. Pour montage dans un bo\u00eetier d&#039;appareil c\/c 60 mm ou montage en saillie dans un bo\u00eetier de 21 mm. Complet avec cadre Exact en option.<\/p>","protected":false},"excerpt":{"rendered":"<p>Le bouton de signal d&#039;urgence avec contact \u00e0 tirer (cordon de 2 m) est associ\u00e9 aux appareils de la gamme Exxact RWC pour un syst\u00e8me complet. Pour montage dans un bo\u00eetier d&#039;appareil c\/c 60 mm ou montage en saillie dans un bo\u00eetier de 21 mm. Complet avec cadre Exact en option.<\/p>","protected":false},"featured_media":143518,"template":"","meta":{"_acf_changed":false},"product_brand":[],"product_cat":[1605],"product_tag":[],"class_list":{"0":"post-53408","1":"product","2":"type-product","3":"status-publish","4":"has-post-thumbnail","6":"product_cat-komponenter-till-rwc-larm","7":"product_shipping_class-tunga-paket","8":"pa_farg-vit","9":"tm-no-options","11":"first","12":"instock","13":"sale","14":"taxable","15":"shipping-taxable","16":"purchasable","17":"product-type-simple"},"acf":[],"_links":{"self":[{"href":"https:\/\/secureus.se\/fr\/wp-json\/wp\/v2\/product\/53408","targetHints":{"allow":["GET"]}}],"collection":[{"href":"https:\/\/secureus.se\/fr\/wp-json\/wp\/v2\/product"}],"about":[{"href":"https:\/\/secureus.se\/fr\/wp-json\/wp\/v2\/types\/product"}],"wp:featuredmedia":[{"embeddable":true,"href":"https:\/\/secureus.se\/fr\/wp-json\/wp\/v2\/media\/143518"}],"wp:attachment":[{"href":"https:\/\/secureus.se\/fr\/wp-json\/wp\/v2\/media?parent=53408"}],"wp:term":[{"taxonomy":"product_brand","embeddable":true,"href":"https:\/\/secureus.se\/fr\/wp-json\/wp\/v2\/product_brand?post=53408"},{"taxonomy":"product_cat","embeddable":true,"href":"https:\/\/secureus.se\/fr\/wp-json\/wp\/v2\/product_cat?post=53408"},{"taxonomy":"product_tag","embeddable":true,"href":"https:\/\/secureus.se\/fr\/wp-json\/wp\/v2\/product_tag?post=53408"}],"curies":[{"name":"wp","href":"https:\/\/api.w.org\/{rel}","templated":true}]}}