{"id":53411,"date":"2022-06-23T15:25:54","date_gmt":"2022-06-23T13:25:54","guid":{"rendered":"https:\/\/secureus.se\/produkt\/aterstallningsknapp-rs16\/"},"modified":"2026-04-08T16:48:27","modified_gmt":"2026-04-08T14:48:27","slug":"aterstallningsknapp-rs16","status":"publish","type":"product","link":"https:\/\/secureus.se\/fr\/aterstallningsknapp-rs16\/","title":{"rendered":"Bouton de r\u00e9initialisation Rs16"},"content":{"rendered":"<p>Bouton-poussoir de r\u00e9armement RS. Bouton-poussoir \u00e0 membrane avec le texte &quot;RESET&quot; et indication LED. Pour montage encastr\u00e9 dans un coffret d&#039;appareil avec un entraxe de vis de fixation de 60 mm ou \u00e0 l&#039;ext\u00e9rieur dans un cadre d&#039;extension. Dimensions : 84\u00d784 mm. Profondeur d&#039;encastrement : 24 mm. Couleur blanc montagne<\/p>","protected":false},"excerpt":{"rendered":"<p>Bouton-poussoir de r\u00e9armement RS. Bouton-poussoir \u00e0 membrane avec le texte &quot;RESET&quot; et indication LED. Pour montage encastr\u00e9 dans un coffret d&#039;appareil avec un entraxe de vis de fixation de 60 mm ou \u00e0 l&#039;ext\u00e9rieur dans un cadre d&#039;extension. Dimensions : 84\u00d784 mm. Profondeur d&#039;encastrement : 24 mm. Couleur blanc montagne<\/p>","protected":false},"featured_media":143530,"template":"","meta":{"_acf_changed":false},"product_brand":[],"product_cat":[1605],"product_tag":[],"class_list":{"0":"post-53411","1":"product","2":"type-product","3":"status-publish","4":"has-post-thumbnail","6":"product_cat-komponenter-till-rwc-larm","7":"product_shipping_class-tunga-paket","8":"pa_farg-vit","9":"tm-no-options","11":"first","12":"instock","13":"sale","14":"taxable","15":"shipping-taxable","16":"purchasable","17":"product-type-simple"},"acf":[],"_links":{"self":[{"href":"https:\/\/secureus.se\/fr\/wp-json\/wp\/v2\/product\/53411","targetHints":{"allow":["GET"]}}],"collection":[{"href":"https:\/\/secureus.se\/fr\/wp-json\/wp\/v2\/product"}],"about":[{"href":"https:\/\/secureus.se\/fr\/wp-json\/wp\/v2\/types\/product"}],"wp:featuredmedia":[{"embeddable":true,"href":"https:\/\/secureus.se\/fr\/wp-json\/wp\/v2\/media\/143530"}],"wp:attachment":[{"href":"https:\/\/secureus.se\/fr\/wp-json\/wp\/v2\/media?parent=53411"}],"wp:term":[{"taxonomy":"product_brand","embeddable":true,"href":"https:\/\/secureus.se\/fr\/wp-json\/wp\/v2\/product_brand?post=53411"},{"taxonomy":"product_cat","embeddable":true,"href":"https:\/\/secureus.se\/fr\/wp-json\/wp\/v2\/product_cat?post=53411"},{"taxonomy":"product_tag","embeddable":true,"href":"https:\/\/secureus.se\/fr\/wp-json\/wp\/v2\/product_tag?post=53411"}],"curies":[{"name":"wp","href":"https:\/\/api.w.org\/{rel}","templated":true}]}}