{"id":53412,"date":"2022-06-23T15:25:21","date_gmt":"2022-06-23T13:25:21","guid":{"rendered":"https:\/\/secureus.se\/produkt\/rwc-nodknapp-med-signaluttag\/"},"modified":"2026-04-23T11:58:15","modified_gmt":"2026-04-23T09:58:15","slug":"rwc-nodknapp-med-signaluttag","status":"publish","type":"product","link":"https:\/\/secureus.se\/fr\/rwc-nodknapp-med-signaluttag\/","title":{"rendered":"Bouton d&#039;urgence Rwc avec prise de signal"},"content":{"rendered":"<p>Le bouton de signal d&#039;urgence avec prise de signal est combin\u00e9 avec les appareils de la gamme Exxact RWC pour un syst\u00e8me complet. Pour montage dans un bo\u00eetier d&#039;appareil c\/c 60 mm ou montage en saillie dans un bo\u00eetier de 21 mm. Complet avec cadre Exact en option.<\/p>","protected":false},"excerpt":{"rendered":"<p>Le bouton de signal d&#039;urgence avec prise de signal est combin\u00e9 avec les appareils de la gamme Exxact RWC pour un syst\u00e8me complet. Pour montage dans un bo\u00eetier d&#039;appareil c\/c 60 mm ou montage en saillie dans un bo\u00eetier de 21 mm. Complet avec cadre Exact en option.<\/p>","protected":false},"featured_media":144197,"template":"","meta":{"_acf_changed":false},"product_brand":[],"product_cat":[1605],"product_tag":[],"class_list":{"0":"post-53412","1":"product","2":"type-product","3":"status-publish","4":"has-post-thumbnail","6":"product_cat-komponenter-till-rwc-larm","7":"product_shipping_class-tunga-paket","8":"pa_farg-vit","9":"tm-no-options","11":"first","12":"instock","13":"sale","14":"taxable","15":"shipping-taxable","16":"purchasable","17":"product-type-simple"},"acf":[],"_links":{"self":[{"href":"https:\/\/secureus.se\/fr\/wp-json\/wp\/v2\/product\/53412","targetHints":{"allow":["GET"]}}],"collection":[{"href":"https:\/\/secureus.se\/fr\/wp-json\/wp\/v2\/product"}],"about":[{"href":"https:\/\/secureus.se\/fr\/wp-json\/wp\/v2\/types\/product"}],"wp:featuredmedia":[{"embeddable":true,"href":"https:\/\/secureus.se\/fr\/wp-json\/wp\/v2\/media\/144197"}],"wp:attachment":[{"href":"https:\/\/secureus.se\/fr\/wp-json\/wp\/v2\/media?parent=53412"}],"wp:term":[{"taxonomy":"product_brand","embeddable":true,"href":"https:\/\/secureus.se\/fr\/wp-json\/wp\/v2\/product_brand?post=53412"},{"taxonomy":"product_cat","embeddable":true,"href":"https:\/\/secureus.se\/fr\/wp-json\/wp\/v2\/product_cat?post=53412"},{"taxonomy":"product_tag","embeddable":true,"href":"https:\/\/secureus.se\/fr\/wp-json\/wp\/v2\/product_tag?post=53412"}],"curies":[{"name":"wp","href":"https:\/\/api.w.org\/{rel}","templated":true}]}}