{"id":53426,"date":"2022-06-23T15:25:32","date_gmt":"2022-06-23T13:25:32","guid":{"rendered":"https:\/\/secureus.se\/produkt\/anropsapp-kn-uttag-nodsignal\/"},"modified":"2026-04-23T11:57:56","modified_gmt":"2026-04-23T09:57:56","slug":"anropsapp-kn-uttag-nodsignal","status":"publish","type":"product","link":"https:\/\/secureus.se\/fr\/anropsapp-kn-uttag-nodsignal\/","title":{"rendered":"Appelez l&#039;application Kn Outlet &quot;Signal d&#039;urgence&quot;"},"content":{"rendered":"<p>L&#039;appareil contient un bouton de fonction rouge, une prise de fonction 6,35 mm et une diode d&#039;acquittement rouge sous un guide de lumi\u00e8re de 2 mm dans le couvercle. Appuyez sur le couvercle : \u00ab\u00a0Signal d&#039;urgence\u00a0\u00bb. Le raccordement s&#039;effectue sur une borne \u00e0 vis jackable avec protection des fils. Pour montage encastr\u00e9 dans un bo\u00eetier d&#039;appareil rond c\/c 60 mm ou en saillie dans un cadre mural 5020012 (hauteur 16 mm). Capuchon \u00e0 visser en thermoplastique blanc.<\/p>","protected":false},"excerpt":{"rendered":"<p>L&#039;appareil contient un bouton de fonction rouge, une prise de fonction 6,35 mm et une diode d&#039;acquittement rouge sous un guide de lumi\u00e8re de 2 mm dans le couvercle. Appuyez sur le couvercle : \u00ab\u00a0Signal d&#039;urgence\u00a0\u00bb. Le raccordement s&#039;effectue sur une borne \u00e0 vis jackable avec protection des fils. Pour montage encastr\u00e9 dans<\/p>","protected":false},"featured_media":143540,"template":"","meta":{"_acf_changed":false},"product_brand":[],"product_cat":[1605],"product_tag":[],"class_list":{"0":"post-53426","1":"product","2":"type-product","3":"status-publish","4":"has-post-thumbnail","6":"product_cat-komponenter-till-rwc-larm","7":"product_shipping_class-tunga-paket","8":"pa_farg-vit","9":"tm-no-options","11":"first","12":"instock","13":"sale","14":"taxable","15":"shipping-taxable","16":"purchasable","17":"product-type-simple"},"acf":[],"_links":{"self":[{"href":"https:\/\/secureus.se\/fr\/wp-json\/wp\/v2\/product\/53426","targetHints":{"allow":["GET"]}}],"collection":[{"href":"https:\/\/secureus.se\/fr\/wp-json\/wp\/v2\/product"}],"about":[{"href":"https:\/\/secureus.se\/fr\/wp-json\/wp\/v2\/types\/product"}],"wp:featuredmedia":[{"embeddable":true,"href":"https:\/\/secureus.se\/fr\/wp-json\/wp\/v2\/media\/143540"}],"wp:attachment":[{"href":"https:\/\/secureus.se\/fr\/wp-json\/wp\/v2\/media?parent=53426"}],"wp:term":[{"taxonomy":"product_brand","embeddable":true,"href":"https:\/\/secureus.se\/fr\/wp-json\/wp\/v2\/product_brand?post=53426"},{"taxonomy":"product_cat","embeddable":true,"href":"https:\/\/secureus.se\/fr\/wp-json\/wp\/v2\/product_cat?post=53426"},{"taxonomy":"product_tag","embeddable":true,"href":"https:\/\/secureus.se\/fr\/wp-json\/wp\/v2\/product_tag?post=53426"}],"curies":[{"name":"wp","href":"https:\/\/api.w.org\/{rel}","templated":true}]}}