{"id":53427,"date":"2022-06-23T15:25:10","date_gmt":"2022-06-23T13:25:10","guid":{"rendered":"https:\/\/secureus.se\/produkt\/rwc-rumslampa-med-summer\/"},"modified":"2026-04-23T11:56:07","modified_gmt":"2026-04-23T09:56:07","slug":"rwc-rumslampa-med-summer","status":"publish","type":"product","link":"https:\/\/secureus.se\/fr\/rwc-rumslampa-med-summer\/","title":{"rendered":"Lampe de chambre RWC avec buzzer"},"content":{"rendered":"<p>Lampe d&#039;ambiance avec buzzer pouvant \u00eatre combin\u00e9e avec d&#039;autres appareils de la gamme Exxact RWC. Pour un syst\u00e8me complet, une unit\u00e9 de m\u00e9moire, des boutons d&#039;urgence et une alimentation \u00e9lectrique sont n\u00e9cessaires. Pour montage dans un bo\u00eetier d&#039;appareil c\/c 60 mm ou montage en saillie dans un bo\u00eetier de 21 mm. Complet avec cadre Exact en option. Buzzer 3,1 Khz et volume 80dB un m\u00e8tre.<\/p>","protected":false},"excerpt":{"rendered":"<p>Lampe d&#039;ambiance avec buzzer pouvant \u00eatre combin\u00e9e avec d&#039;autres appareils de la gamme Exxact RWC. Pour un syst\u00e8me complet, une unit\u00e9 de m\u00e9moire, des boutons d&#039;urgence et une alimentation \u00e9lectrique sont n\u00e9cessaires. Pour montage dans un bo\u00eetier d&#039;appareil c\/c 60 mm ou montage en saillie dans un bo\u00eetier de 21 mm.<\/p>","protected":false},"featured_media":144212,"template":"","meta":{"_acf_changed":false},"product_brand":[],"product_cat":[1605],"product_tag":[],"class_list":{"0":"post-53427","1":"product","2":"type-product","3":"status-publish","4":"has-post-thumbnail","6":"product_cat-komponenter-till-rwc-larm","7":"product_shipping_class-tunga-paket","8":"pa_farg-vit","9":"tm-no-options","11":"first","12":"instock","13":"sale","14":"taxable","15":"shipping-taxable","16":"purchasable","17":"product-type-simple"},"acf":[],"_links":{"self":[{"href":"https:\/\/secureus.se\/fr\/wp-json\/wp\/v2\/product\/53427","targetHints":{"allow":["GET"]}}],"collection":[{"href":"https:\/\/secureus.se\/fr\/wp-json\/wp\/v2\/product"}],"about":[{"href":"https:\/\/secureus.se\/fr\/wp-json\/wp\/v2\/types\/product"}],"wp:featuredmedia":[{"embeddable":true,"href":"https:\/\/secureus.se\/fr\/wp-json\/wp\/v2\/media\/144212"}],"wp:attachment":[{"href":"https:\/\/secureus.se\/fr\/wp-json\/wp\/v2\/media?parent=53427"}],"wp:term":[{"taxonomy":"product_brand","embeddable":true,"href":"https:\/\/secureus.se\/fr\/wp-json\/wp\/v2\/product_brand?post=53427"},{"taxonomy":"product_cat","embeddable":true,"href":"https:\/\/secureus.se\/fr\/wp-json\/wp\/v2\/product_cat?post=53427"},{"taxonomy":"product_tag","embeddable":true,"href":"https:\/\/secureus.se\/fr\/wp-json\/wp\/v2\/product_tag?post=53427"}],"curies":[{"name":"wp","href":"https:\/\/api.w.org\/{rel}","templated":true}]}}