{"id":53428,"date":"2022-06-23T15:24:58","date_gmt":"2022-06-23T13:24:58","guid":{"rendered":"https:\/\/secureus.se\/produkt\/rwc-minnesenhet-m-aterst-nod\/"},"modified":"2026-04-23T11:56:24","modified_gmt":"2026-04-23T09:56:24","slug":"rwc-minnesenhet-m-aterst-nod","status":"publish","type":"product","link":"https:\/\/secureus.se\/fr\/rwc-minnesenhet-m-aterst-nod\/","title":{"rendered":"Rwc Unit\u00e9 de m\u00e9moire M Restant\/Urgence"},"content":{"rendered":"<p>Unit\u00e9 de m\u00e9moire avec bouton de r\u00e9initialisation et de signal d&#039;urgence. L&#039;appareil est le c\u0153ur du syst\u00e8me RWC et ici vous pouvez r\u00e9initialiser l&#039;alarme, mais aussi cr\u00e9er une alarme. Pour un syst\u00e8me complet, l&#039;unit\u00e9 m\u00e9moire est interconnect\u00e9e avec les boutons d&#039;urgence, l&#039;\u00e9clairage ambiant et l&#039;alimentation \u00e9lectrique de la gamme Exxact RWC. Tension d&#039;alimentation 12V AC\/DC (+-15%). Pour montage dans un bo\u00eetier d&#039;appareil c\/c 60 mm ou montage en saillie dans un bo\u00eetier de 21 mm. L&#039;unit\u00e9 m\u00e9moire est blanche et est compl\u00e9t\u00e9e par un cadre Exxact en option.<\/p>","protected":false},"excerpt":{"rendered":"<p>Unit\u00e9 de m\u00e9moire avec bouton de r\u00e9initialisation et d&#039;urgence. L&#039;appareil est le c\u0153ur du syst\u00e8me RWC et ici vous pouvez r\u00e9initialiser l&#039;alarme, mais aussi cr\u00e9er une alarme. Pour un syst\u00e8me complet, l&#039;unit\u00e9 m\u00e9moire est interconnect\u00e9e avec des boutons d&#039;urgence,<\/p>","protected":false},"featured_media":143290,"template":"","meta":{"_acf_changed":false},"product_brand":[],"product_cat":[1605],"product_tag":[],"class_list":{"0":"post-53428","1":"product","2":"type-product","3":"status-publish","4":"has-post-thumbnail","6":"product_cat-komponenter-till-rwc-larm","7":"product_shipping_class-tunga-paket","8":"pa_farg-vit","9":"tm-no-options","11":"first","12":"instock","13":"sale","14":"taxable","15":"shipping-taxable","16":"purchasable","17":"product-type-simple"},"acf":[],"_links":{"self":[{"href":"https:\/\/secureus.se\/fr\/wp-json\/wp\/v2\/product\/53428","targetHints":{"allow":["GET"]}}],"collection":[{"href":"https:\/\/secureus.se\/fr\/wp-json\/wp\/v2\/product"}],"about":[{"href":"https:\/\/secureus.se\/fr\/wp-json\/wp\/v2\/types\/product"}],"wp:featuredmedia":[{"embeddable":true,"href":"https:\/\/secureus.se\/fr\/wp-json\/wp\/v2\/media\/143290"}],"wp:attachment":[{"href":"https:\/\/secureus.se\/fr\/wp-json\/wp\/v2\/media?parent=53428"}],"wp:term":[{"taxonomy":"product_brand","embeddable":true,"href":"https:\/\/secureus.se\/fr\/wp-json\/wp\/v2\/product_brand?post=53428"},{"taxonomy":"product_cat","embeddable":true,"href":"https:\/\/secureus.se\/fr\/wp-json\/wp\/v2\/product_cat?post=53428"},{"taxonomy":"product_tag","embeddable":true,"href":"https:\/\/secureus.se\/fr\/wp-json\/wp\/v2\/product_tag?post=53428"}],"curies":[{"name":"wp","href":"https:\/\/api.w.org\/{rel}","templated":true}]}}