{"id":53430,"date":"2022-06-23T15:23:29","date_gmt":"2022-06-23T13:23:29","guid":{"rendered":"https:\/\/secureus.se\/produkt\/nodlarm-rwc-paket-gra\/"},"modified":"2026-04-23T11:57:13","modified_gmt":"2026-04-23T09:57:13","slug":"nodlarm-rwc-paket-gra","status":"publish","type":"product","link":"https:\/\/secureus.se\/fr\/nodlarm-rwc-paket-gra\/","title":{"rendered":"Alarme d&#039;urgence Rwc Package Gris"},"content":{"rendered":"<p>Les alarmes sont activ\u00e9es via le bouton de fonction \u00ab\u00a0Signal d&#039;urgence\u00a0\u00bb sur le dispositif de r\u00e9initialisation ou sur l&#039;un des dispositifs d&#039;appel. En cas d&#039;alarme, l&#039;indication acoustique et optique du tableau d&#039;affichage est activ\u00e9e, ainsi que la diode d&#039;acquittement du dispositif de r\u00e9initialisation et des dispositifs d&#039;appel. Les alarmes sont r\u00e9initialis\u00e9es via le bouton de fonction \u00ab\u00a0Reset\u00a0\u00bb ou via l&#039;entr\u00e9e de r\u00e9initialisation externe. Les alarmes peuvent \u00eatre transmises depuis la sortie relais dans le dispositif de r\u00e9initialisation.<\/p>","protected":false},"excerpt":{"rendered":"<p>Les alarmes sont activ\u00e9es via le bouton de fonction \u00ab\u00a0Signal d&#039;urgence\u00a0\u00bb sur le dispositif de r\u00e9initialisation ou sur l&#039;un des dispositifs d&#039;appel. En cas d&#039;alarme, l&#039;indication acoustique et optique du tableau d&#039;affichage est activ\u00e9e, ainsi que la diode d&#039;acquittement du dispositif de r\u00e9initialisation et des dispositifs d&#039;appel. L&#039;alarme est r\u00e9initialis\u00e9e via le bouton de fonction<\/p>","protected":false},"featured_media":143552,"template":"","meta":{"_acf_changed":false},"product_brand":[],"product_cat":[1606],"product_tag":[],"class_list":{"0":"post-53430","1":"product","2":"type-product","3":"status-publish","4":"has-post-thumbnail","6":"product_cat-rwc-larm","7":"product_shipping_class-tunga-paket","8":"pa_farg-gra","9":"tm-no-options","11":"first","12":"outofstock","13":"sale","14":"taxable","15":"shipping-taxable","16":"purchasable","17":"product-type-simple"},"acf":[],"_links":{"self":[{"href":"https:\/\/secureus.se\/fr\/wp-json\/wp\/v2\/product\/53430","targetHints":{"allow":["GET"]}}],"collection":[{"href":"https:\/\/secureus.se\/fr\/wp-json\/wp\/v2\/product"}],"about":[{"href":"https:\/\/secureus.se\/fr\/wp-json\/wp\/v2\/types\/product"}],"wp:featuredmedia":[{"embeddable":true,"href":"https:\/\/secureus.se\/fr\/wp-json\/wp\/v2\/media\/143552"}],"wp:attachment":[{"href":"https:\/\/secureus.se\/fr\/wp-json\/wp\/v2\/media?parent=53430"}],"wp:term":[{"taxonomy":"product_brand","embeddable":true,"href":"https:\/\/secureus.se\/fr\/wp-json\/wp\/v2\/product_brand?post=53430"},{"taxonomy":"product_cat","embeddable":true,"href":"https:\/\/secureus.se\/fr\/wp-json\/wp\/v2\/product_cat?post=53430"},{"taxonomy":"product_tag","embeddable":true,"href":"https:\/\/secureus.se\/fr\/wp-json\/wp\/v2\/product_tag?post=53430"}],"curies":[{"name":"wp","href":"https:\/\/api.w.org\/{rel}","templated":true}]}}