{"id":53431,"date":"2022-06-23T15:23:17","date_gmt":"2022-06-23T13:23:17","guid":{"rendered":"https:\/\/secureus.se\/produkt\/rwc-set-impressivo-vit\/"},"modified":"2026-04-23T11:57:27","modified_gmt":"2026-04-23T09:57:27","slug":"rwc-set-impressivo-vit","status":"publish","type":"product","link":"https:\/\/secureus.se\/fr\/rwc-set-impressivo-vit\/","title":{"rendered":"Rwc-Set Impressionnant Blanc"},"content":{"rendered":"<div class=\"col-12 col-lg-6\">\n<div class=\"product-description pe-lg-5\">Ensemble complet pour installations RWC (sans transformateur) au design blanc impressionnant. Ce coffret contient : 1 coffret avec 1 bouton poussoir d&#039;alarme (cf. FAP2001), 1 coffret avec un bouton poussoir d&#039;alarme et un contact \u00e0 tirer (cf. FAP3002), 1 coffret avec 1 bouton poussoir de r\u00e9armement, et 1 bouton poussoir d&#039;alarme (cf. FAP2002), et 1 appareil principal avec dispositif d&#039;alarme (comparer avec FEH2001) et enfin 1\u00e8re r\u00e9sistance 1000 Ohm.<\/div>\n<div class=\"product-description pe-lg-5\">\nCet ensemble peut \u00eatre compl\u00e9t\u00e9 par des boutons-poussoirs\/prises de signal suppl\u00e9mentaires si n\u00e9cessaire. Etiquette verte et rouge incluse<br \/>\nTension de fonctionnement 15-28 Vca \/18-35 Vdc.<br \/>\nConsommation \u00e9lectrique 110 mAac\/60 mA cc<\/div>\n<\/div>\n<div class=\"col-12 col-lg-6\">\n<div class=\"product-downloads\">\n<h3 class=\"mb-4\">T\u00e9l\u00e9chargements<\/h3>\n<ul class=\"list-unstyled\">\n<li><a class=\"d-flex mb-3 event-tracking-btn\" href=\"https:\/\/www.installationsprodukter.se\/product\/pdf?pdf_id=2TKA00003573\" target=\"_blank\" rel=\"noopener\" data-tracking-category=\"Product\" data-tracking-action=\"PDF Download\" data-tracking-label=\"2TKA00003573 | Impressivo Vit med larm och reset-knapp i samma enhet\" data-once=\"button\">Fiche produit PDF<\/a><\/li>\n<li><a class=\"d-flex mb-3 event-tracking-btn\" href=\"https:\/\/search.abb.com\/library\/Download.aspx?DocumentID=9AKK107045A8158&amp;LanguageCode=en&amp;LanguageCode=sv&amp;DocumentPartId=&amp;Action=Launch\" target=\"_blank\" rel=\"noopener\" data-tracking-category=\"Product\" data-tracking-action=\"II Download\" data-tracking-label=\"2TKA00003573 | https:\/\/search.abb.com\/library\/Download.aspx?DocumentID=9AKK107045A8158&amp;LanguageCode=en&amp;LanguageCode=sv&amp;DocumentPartId=&amp;Action=Launch\" data-once=\"button\">Instructions de montage<\/a><\/li>\n<li><a class=\"d-flex mb-3 event-tracking-btn\" href=\"https:\/\/search.abb.com\/library\/Download.aspx?DocumentID=9AKK108466A2494&amp;LanguageCode=sv&amp;DocumentPartId=&amp;Action=Launch\" target=\"_blank\" rel=\"noopener\" data-tracking-category=\"Product\" data-tracking-action=\"CE Download\" data-tracking-label=\"2TKA00003573 | https:\/\/search.abb.com\/library\/Download.aspx?DocumentID=9AKK108466A2494&amp;LanguageCode=sv&amp;DocumentPartId=&amp;Action=Launch\" data-once=\"button\">D\u00e9claration CE<\/a><\/li>\n<li><a class=\"d-flex mb-3 event-tracking-btn\" href=\"https:\/\/search.abb.com\/library\/Download.aspx?DocumentID=9AKK106713A4634&amp;LanguageCode=en&amp;DocumentPartId=&amp;Action=Launch\" target=\"_blank\" rel=\"noopener\" data-tracking-category=\"Product\" data-tracking-action=\"MD49 Download\" data-tracking-label=\"2TKA00003573 | https:\/\/search.abb.com\/library\/Download.aspx?DocumentID=9AKK106713A4634&amp;LanguageCode=en&amp;DocumentPartId=&amp;Action=Launch\" data-once=\"button\">D\u00e9claration RoHS<\/a><\/li>\n<li><a class=\"d-flex mb-3 event-tracking-btn\" href=\"https:\/\/search.abb.com\/library\/Download.aspx?DocumentID=9AKK108466A2494&amp;LanguageCode=en&amp;DocumentPartId=&amp;Action=Launch\" target=\"_blank\" rel=\"noopener\" data-tracking-category=\"Product\" data-tracking-action=\"MD52 Download\" data-tracking-label=\"2TKA00003573 | https:\/\/search.abb.com\/library\/Download.aspx?DocumentID=9AKK108466A2494&amp;LanguageCode=en&amp;DocumentPartId=&amp;Action=Launch\" data-once=\"button\">D\u00e9claration de conformit\u00e9 CE<\/a><\/li>\n<li><a class=\"d-flex mb-3 event-tracking-btn\" href=\"https:\/\/search.abb.com\/library\/Download.aspx?DocumentID=9AKK106713A4633&amp;LanguageCode=en&amp;DocumentPartId=&amp;Action=Launch\" target=\"_blank\" rel=\"noopener\" data-tracking-category=\"Product\" data-tracking-action=\"MD05 Download\" data-tracking-label=\"2TKA00003573 | https:\/\/search.abb.com\/library\/Download.aspx?DocumentID=9AKK106713A4633&amp;LanguageCode=en&amp;DocumentPartId=&amp;Action=Launch\" data-once=\"button\">REACH des liens profonds<\/a><\/li>\n<\/ul>\n<\/div>\n<\/div>","protected":false},"excerpt":{"rendered":"<p>Ensemble complet pour installations RWC (sans transformateur) au design blanc impressionnant. Ce coffret contient : 1 coffret avec 1 bouton poussoir d&#039;alarme (cf. avec FAP2001), 1 coffret avec un bouton poussoir d&#039;alarme et un contact \u00e0 tirer (cf.<\/p>","protected":false},"featured_media":143760,"template":"","meta":{"_acf_changed":false},"product_brand":[],"product_cat":[1606],"product_tag":[],"class_list":{"0":"post-53431","1":"product","2":"type-product","3":"status-publish","4":"has-post-thumbnail","6":"product_cat-rwc-larm","7":"product_shipping_class-tunga-paket","8":"pa_brands-abb","9":"pa_farg-vit","10":"tm-no-options","12":"first","13":"outofstock","14":"sale","15":"taxable","16":"shipping-taxable","17":"purchasable","18":"product-type-simple"},"acf":[],"_links":{"self":[{"href":"https:\/\/secureus.se\/fr\/wp-json\/wp\/v2\/product\/53431","targetHints":{"allow":["GET"]}}],"collection":[{"href":"https:\/\/secureus.se\/fr\/wp-json\/wp\/v2\/product"}],"about":[{"href":"https:\/\/secureus.se\/fr\/wp-json\/wp\/v2\/types\/product"}],"wp:featuredmedia":[{"embeddable":true,"href":"https:\/\/secureus.se\/fr\/wp-json\/wp\/v2\/media\/143760"}],"wp:attachment":[{"href":"https:\/\/secureus.se\/fr\/wp-json\/wp\/v2\/media?parent=53431"}],"wp:term":[{"taxonomy":"product_brand","embeddable":true,"href":"https:\/\/secureus.se\/fr\/wp-json\/wp\/v2\/product_brand?post=53431"},{"taxonomy":"product_cat","embeddable":true,"href":"https:\/\/secureus.se\/fr\/wp-json\/wp\/v2\/product_cat?post=53431"},{"taxonomy":"product_tag","embeddable":true,"href":"https:\/\/secureus.se\/fr\/wp-json\/wp\/v2\/product_tag?post=53431"}],"curies":[{"name":"wp","href":"https:\/\/api.w.org\/{rel}","templated":true}]}}