{"id":53437,"date":"2022-06-23T15:20:11","date_gmt":"2022-06-23T13:20:11","guid":{"rendered":"https:\/\/secureus.se\/produkt\/undercentral-evaq-2-kn\/"},"modified":"2026-04-08T17:00:32","modified_gmt":"2026-04-08T15:00:32","slug":"undercentral-evaq-2-kn","status":"publish","type":"product","link":"https:\/\/secureus.se\/fr\/undercentral-evaq-2-kn\/","title":{"rendered":"Evaq sous-central 2 Kn"},"content":{"rendered":"<p>L&#039;appareil contient un \u00e9cran avec 8 caract\u00e8res alphanum\u00e9riques rouge\/vert (hauteur des caract\u00e8res 12 mm) et 2 boutons de fonction verts. Diode d&#039;acquittement rouge et indication de fonctionnement verte sous un guide lumineux de 2 mm dans le couvercle. Buzzer avec volume r\u00e9glable et entr\u00e9e pour fonction de contr\u00f4le (activation du \u00ab\u00a0Re\u00e7u\u00a0\u00bb). Sorties pour buzzer, alarme totale et alarme d&#039;erreur. Appuyer sur le couvercle : &quot;R\u00e9ception&quot;. Le raccordement s&#039;effectue sur une borne \u00e0 vis avec protection de fil plac\u00e9e sur un bornier enfichable. Le mod\u00e8le de programmation est renseign\u00e9 avant la livraison.<\/p>","protected":false},"excerpt":{"rendered":"<p>Apparaten inneh\u00e5ller display med 8 r\u00f6da\/gr\u00f6na alfanumeriska tecken (teckenh\u00f6jd 12mm)och 2st gr\u00f6na funktionsknappar. R\u00f6d kvitteringsdiod och gr\u00f6n driftindikering under en 2mm ljusledare i locket. Summer med justerbar volym och ing\u00e5ng<\/p>","protected":false},"featured_media":143764,"template":"","meta":{"_acf_changed":false},"product_brand":[],"product_cat":[1609],"product_tag":[],"class_list":{"0":"post-53437","1":"product","2":"type-product","3":"status-publish","4":"has-post-thumbnail","6":"product_cat-nod-evakueringslarm","7":"product_shipping_class-tunga-paket","8":"tm-no-options","10":"first","11":"outofstock","12":"sale","13":"taxable","14":"shipping-taxable","15":"purchasable","16":"product-type-simple"},"acf":[],"_links":{"self":[{"href":"https:\/\/secureus.se\/fr\/wp-json\/wp\/v2\/product\/53437","targetHints":{"allow":["GET"]}}],"collection":[{"href":"https:\/\/secureus.se\/fr\/wp-json\/wp\/v2\/product"}],"about":[{"href":"https:\/\/secureus.se\/fr\/wp-json\/wp\/v2\/types\/product"}],"wp:featuredmedia":[{"embeddable":true,"href":"https:\/\/secureus.se\/fr\/wp-json\/wp\/v2\/media\/143764"}],"wp:attachment":[{"href":"https:\/\/secureus.se\/fr\/wp-json\/wp\/v2\/media?parent=53437"}],"wp:term":[{"taxonomy":"product_brand","embeddable":true,"href":"https:\/\/secureus.se\/fr\/wp-json\/wp\/v2\/product_brand?post=53437"},{"taxonomy":"product_cat","embeddable":true,"href":"https:\/\/secureus.se\/fr\/wp-json\/wp\/v2\/product_cat?post=53437"},{"taxonomy":"product_tag","embeddable":true,"href":"https:\/\/secureus.se\/fr\/wp-json\/wp\/v2\/product_tag?post=53437"}],"curies":[{"name":"wp","href":"https:\/\/api.w.org\/{rel}","templated":true}]}}