{"id":53438,"date":"2022-06-23T15:20:01","date_gmt":"2022-06-23T13:20:01","guid":{"rendered":"https:\/\/secureus.se\/produkt\/omkoppl-nyckel-2pol-18mm-rod\/"},"modified":"2026-04-08T17:01:03","modified_gmt":"2026-04-08T15:01:03","slug":"omkoppl-nyckel-2pol-18mm-rod","status":"publish","type":"product","link":"https:\/\/secureus.se\/fr\/omkoppl-nyckel-2pol-18mm-rod\/","title":{"rendered":"Cl\u00e9 de commutation 2Pol 1*8Mm rouge"},"content":{"rendered":"<p>L&#039;appareil contient un interrupteur \u00e0 cl\u00e9 et une indication optique rouge, LED 8 mm. Appuyez sur le couvercle : \u00ab ON \u00bb et \u00ab OFF \u00bb. Le raccordement s&#039;effectue sur une borne \u00e0 vis avec protection des fils. Pour montage encastr\u00e9 autour du bo\u00eetier de l&#039;appareil c\/c 60 mm ou en saillie dans le cadre mural 5020090 (hauteur 26 mm). Capuchon \u00e0 visser en thermoplastique blanc.<\/p>","protected":false},"excerpt":{"rendered":"<p>Apparaten inneh\u00e5ller nyckelomkopplare och r\u00f6d optisk indikering, lysdiod 8mm. Tryck p\u00e5locket: \u201cTILL\u201d och \u201cFR\u00c5N\u201d. Inkoppling sker p\u00e5 skruvplint med tr\u00e5dskydd. F\u00f6r inf\u00e4llt montage irund apparatdosa c\/c 60mm eller utanp\u00e5liggande i<\/p>","protected":false},"featured_media":143423,"template":"","meta":{"_acf_changed":false},"product_brand":[],"product_cat":[1609],"product_tag":[],"class_list":{"0":"post-53438","1":"product","2":"type-product","3":"status-publish","4":"has-post-thumbnail","6":"product_cat-nod-evakueringslarm","7":"product_shipping_class-tunga-paket","8":"tm-no-options","10":"first","11":"instock","12":"sale","13":"taxable","14":"shipping-taxable","15":"purchasable","16":"product-type-simple"},"acf":[],"_links":{"self":[{"href":"https:\/\/secureus.se\/fr\/wp-json\/wp\/v2\/product\/53438","targetHints":{"allow":["GET"]}}],"collection":[{"href":"https:\/\/secureus.se\/fr\/wp-json\/wp\/v2\/product"}],"about":[{"href":"https:\/\/secureus.se\/fr\/wp-json\/wp\/v2\/types\/product"}],"wp:featuredmedia":[{"embeddable":true,"href":"https:\/\/secureus.se\/fr\/wp-json\/wp\/v2\/media\/143423"}],"wp:attachment":[{"href":"https:\/\/secureus.se\/fr\/wp-json\/wp\/v2\/media?parent=53438"}],"wp:term":[{"taxonomy":"product_brand","embeddable":true,"href":"https:\/\/secureus.se\/fr\/wp-json\/wp\/v2\/product_brand?post=53438"},{"taxonomy":"product_cat","embeddable":true,"href":"https:\/\/secureus.se\/fr\/wp-json\/wp\/v2\/product_cat?post=53438"},{"taxonomy":"product_tag","embeddable":true,"href":"https:\/\/secureus.se\/fr\/wp-json\/wp\/v2\/product_tag?post=53438"}],"curies":[{"name":"wp","href":"https:\/\/api.w.org\/{rel}","templated":true}]}}