{"id":53439,"date":"2022-06-23T15:19:56","date_gmt":"2022-06-23T13:19:56","guid":{"rendered":"https:\/\/secureus.se\/produkt\/anropsapp-aterstalln-evaq-2-kn\/"},"modified":"2026-03-26T12:16:26","modified_gmt":"2026-03-26T11:16:26","slug":"anropsapp-aterstalln-evaq-2-kn","status":"publish","type":"product","link":"https:\/\/secureus.se\/fr\/anropsapp-aterstalln-evaq-2-kn\/","title":{"rendered":"Tjeders EVAQ 2 Kn Appareil d&#039;appel \/ R\u00e9initialisation de l&#039;appareil"},"content":{"rendered":"<p>L&#039;appareil contient un afficheur avec 8 caract\u00e8res alphanum\u00e9riques rouge\/vert (hauteur des caract\u00e8res 12 mm), 1 bouton de fonction rouge et 1 bouton de fonction vert. Diode d&#039;acquittement rouge et indication de fonctionnement verte sous un guide lumineux de 2 mm dans le couvercle. Buzzer avec volume r\u00e9glable et entr\u00e9e\/sortie d&#039;alarme. Appuyez sur le couvercle : \u00ab\u00a0Signal d&#039;urgence\u00a0\u00bb et \u00ab\u00a0R\u00e9initialisation\u00a0\u00bb. Le raccordement s&#039;effectue sur une borne \u00e0 vis avec protection de fil plac\u00e9e sur un bornier jackable. Pensez \u00e0 remplir le mod\u00e8le de programmation lors de votre commande, la centrale \u00e9tant programm\u00e9e avant livraison.<\/p>\n<p>N\u00b0 de courrier \u00e9lectronique 5500531<\/p>\n<div id=\"section-c18\" class=\"section row section-1-cells entity-selectable\">\n<div class=\"cells wide\">\n<div id=\"c20\" class=\"cell column is-light twelve span-12 entity-selectable\">\n<div class=\"content\">\n<div class=\"widget html-widget\">\n<div class=\"tinymce\">\n<h2 id=\"ic_toc_link_1\"><strong>Appeler l&#039;application\/R\u00e9initialiser Evaq 2 Kn C<\/strong><\/h2>\n<\/div>\n<\/div>\n<\/div>\n<\/div>\n<\/div>\n<\/div>\n<div id=\"section-c28\" class=\"section row section-2-cells entity-selectable\">\n<div class=\"cells wide\">\n<div id=\"c34\" class=\"cell column is-light four span-4 entity-selectable\">\n<div class=\"content\">\n<div class=\"widget html-widget\">\n<div class=\"tinymce\">\n<p>Appeler et r\u00e9initialiser l&#039;appareil Evaq avec \u00e9cran, bouton de fonction rouge et vert. Texte &quot;Signal d&#039;urgence&quot; et &quot;R\u00e9cup\u00e9ration&quot;.<\/p>\n<\/div>\n<\/div>\n<\/div>\n<\/div>\n<\/div>\n<\/div>\n<h3 class=\"action-buttons\"><strong>Description fonctionnelle<\/strong><\/h3>\n<div id=\"section-c48\" class=\"section row section-2-cells entity-selectable\">\n<div class=\"cells wide\">\n<div id=\"c50\" class=\"cell column is-light six span-6 entity-selectable\">\n<div class=\"content\">\n<div class=\"widget html-widget\">\n<div class=\"tinymce\">\n<p>L&#039;appareil contient un afficheur avec 8 caract\u00e8res alphanum\u00e9riques rouge\/vert (hauteur des caract\u00e8res 12 mm), 1 bouton de fonction rouge et 1 bouton de fonction vert.<\/p>\n<p>Diode d&#039;acquittement rouge et indication de fonctionnement verte sous un guide lumineux de 2 mm dans le couvercle. Buzzer avec volume r\u00e9glable et entr\u00e9e\/sortie d&#039;alarme. Appuyez sur le couvercle : \u00ab\u00a0Signal d&#039;urgence\u00a0\u00bb et \u00ab\u00a0R\u00e9initialisation\u00a0\u00bb. Le raccordement s&#039;effectue sur une borne \u00e0 vis avec protection de fil plac\u00e9e sur un bornier jackable.<\/p>\n<p>Pour montage encastr\u00e9 dans un bo\u00eetier d&#039;appareil rond c\/c 60 mm ou en saillie dans un cadre mural 11060068 (E-no. 5020012) (hauteur 26 mm). Capuchon \u00e0 visser en thermoplastique blanc.<\/p>\n<ul>\n<li><strong>Entr\u00e9e d&#039;alarme<\/strong><br \/>\nL&#039;activation de l&#039;entr\u00e9e (fermeture du contact) g\u00e9n\u00e8re une alarme sur l&#039;appareil.<\/li>\n<li><strong>Sortie d&#039;alarme 1<\/strong><br \/>\nLa sortie est activ\u00e9e en cas d&#039;alarme sur l&#039;appareil et d\u00e9sactiv\u00e9e lorsque l&#039;alarme est r\u00e9initialis\u00e9e.<\/li>\n<li><strong>Sortie d&#039;alarme 2<\/strong><br \/>\nLa sortie est activ\u00e9e en cas d&#039;alarme sur l&#039;appareil et d\u00e9sactiv\u00e9e lorsque l&#039;alarme a \u00e9t\u00e9 acquitt\u00e9e.<\/li>\n<\/ul>\n<\/div>\n<\/div>\n<\/div>\n<\/div>\n<div id=\"c54\" class=\"cell column is-light six span-6 entity-selectable\">\n<div class=\"content\">\n<div class=\"widget html-widget callout-widget left\">\n<div class=\"content-toolbar\"><\/div>\n<div class=\"tinymce callout\">\n<h3 id=\"ic_toc_link_4\"><strong>Sp\u00e9cification technique<\/strong><\/h3>\n<table class=\"procydoTable\" border=\"1\">\n<tbody>\n<tr>\n<td>Poids<\/td>\n<td>133g<\/td>\n<\/tr>\n<tr>\n<td>D\u00e9lai de mise en \u0153uvre<\/td>\n<td>10 jours<\/td>\n<\/tr>\n<tr>\n<td>Tension de fonctionnement<\/td>\n<td>12-24 VCC +\/-15%<\/td>\n<\/tr>\n<tr>\n<td>Entr\u00e9e pour contact de signal<\/td>\n<td>Fermeture\/Rupture<\/td>\n<\/tr>\n<tr>\n<td>Dimensions (Appareil, non emball\u00e9) (H*L*Dj, mm)<\/td>\n<td>90x90x29<\/td>\n<\/tr>\n<tr>\n<td>Dimensions (Appareil, emball\u00e9 dans une bo\u00eete) (H*L*Dj, mm)<\/td>\n<td>93x93x40<\/td>\n<\/tr>\n<tr>\n<td>Sortie transistor, type collecteur ouvert (GND)<\/td>\n<td>Conclusion<\/td>\n<\/tr>\n<tr>\n<td>Sortie, tension maximale (VDC)<\/td>\n<td>50<\/td>\n<\/tr>\n<tr>\n<td>Sortie, courant maximum (mA)<\/td>\n<td>500<\/td>\n<\/tr>\n<tr>\n<td>Poids (grammes)<\/td>\n<td>133<\/td>\n<\/tr>\n<tr>\n<td>Consommation de courant maximale \u00e0 12 VDC (, mA)<\/td>\n<td>130<\/td>\n<\/tr>\n<tr>\n<td>Consommation de courant maximale \u00e0 24 VDC (, mA)<\/td>\n<td>70<\/td>\n<\/tr>\n<\/tbody>\n<\/table>\n<\/div>\n<div class=\"pointer-container\"><\/div>\n<\/div>\n<\/div>\n<\/div>\n<\/div>\n<\/div>\n<div id=\"section-c68\" class=\"section row section-2-cells entity-selectable\">\n<div class=\"cells wide\">\n<div id=\"c74\" class=\"cell column is-light eight span-8 entity-selectable\">\n<div class=\"content\">\n<div class=\"widget html-widget\">\n<div class=\"tinymce\">\n<h4 id=\"ic_toc_link_5\"><strong>Installation \/ Connexion<\/strong><\/h4>\n<p>L&#039;appareil est mont\u00e9 encastr\u00e9 dans un bo\u00eetier d&#039;appareil rond c\/c 60 mm ou \u00e0 l&#039;ext\u00e9rieur dans un cadre mural.<\/p>\n<p>Un certain nombre d&#039;accessoires sont disponibles pour une installation dans diff\u00e9rents environnements.<\/p>\n<p>Le raccordement s&#039;effectue sur des bornes \u00e0 vis avec protection des fils.<br \/>\nLa connexion de l\u2019entr\u00e9e d\u2019alarme et des sorties d\u2019alarme s\u2019effectue selon le sch\u00e9ma de principe.<\/p>\n<p><strong>Alimentation<\/strong><\/p>\n<p>L&#039;unit\u00e9 est aliment\u00e9e en 12 \u2013 24 VDC. La plage de tension d&#039;entr\u00e9e de l&#039;unit\u00e9 peut g\u00e9rer +\/- 15%.<\/p>\n<\/div>\n<\/div>\n<\/div>\n<\/div>\n<\/div>\n<\/div>\n<div id=\"section-c80\" class=\"section row section-1-cells entity-selectable\">\n<div class=\"cells wide\">\n<div id=\"c82\" class=\"cell column is-light twelve span-12 entity-selectable\">\n<div class=\"content\">\n<div class=\"widget html-widget\">\n<div class=\"tinymce\">\n<div class=\"image-cell\"><img decoding=\"async\" src=\"https:\/\/tjeders.infocaption.com\/media\/20210128\/247\/image_3.png\" alt=\"\" \/><\/div>\n<\/div>\n<\/div>\n<\/div>\n<\/div>\n<\/div>\n<\/div>\n<div id=\"section-c88\" class=\"section row section-1-cells entity-selectable\">\n<div class=\"section-sibling\"><\/div>\n<\/div>\n<div id=\"section-c96\" class=\"section row section-2-cells entity-selectable\">\n<div class=\"cells wide\">\n<div id=\"c102\" class=\"cell column is-light eight span-8 entity-selectable\">\n<div class=\"content\">\n<div class=\"widget html-widget\">\n<div class=\"tinymce\">\n<h4 id=\"ic_toc_link_6\"><strong>Assemblage \/ Placement<\/strong><\/h4>\n<p>Pour montage encastr\u00e9 dans un bo\u00eetier d&#039;appareil rond c\/c 60 mm ou en saillie dans un cadre mural 11060068 (E-no. 5020012) (hauteur 26 mm). Capuchon \u00e0 visser en thermoplastique blanc.<\/p>\n<p>L&#039;appareil peut \u00eatre plac\u00e9 \u00e0 n&#039;importe quelle position dans la boucle.<\/p>\n<\/div>\n<\/div>\n<\/div>\n<\/div>\n<\/div>\n<\/div>\n<div id=\"section-c116\" class=\"section row section-2-cells entity-selectable\">\n<div class=\"cells wide\">\n<div id=\"c122\" class=\"cell column is-light eight span-8 entity-selectable\">\n<div class=\"content\">\n<div class=\"widget html-widget\">\n<div class=\"content-toolbar\"><\/div>\n<div class=\"tinymce\">\n<h4 id=\"ic_toc_link_7\"><strong>Programmation \/ Adressage \/ Param\u00e8tres<\/strong><\/h4>\n<p>L&#039;adresse de l&#039;appareil est d\u00e9finie conform\u00e9ment \u00e0 la documentation sp\u00e9cifique de l&#039;installation. Chaque adresse poss\u00e8de son propre texte unique pour l&#039;affichage des alarmes dans les unit\u00e9s centrales.<\/p>\n<p>Tous les appareils Call App\/Restore doivent \u00eatre adress\u00e9s dans l\u2019ordre en commen\u00e7ant par l\u2019adresse 1 jusqu\u2019\u00e0 un maximum de 50.<\/p>\n<\/div>\n<\/div>\n<\/div>\n<\/div>\n<\/div>\n<\/div>\n<div id=\"section-c128\" class=\"section row section-2-cells entity-selectable\">\n<div class=\"cells wide\">\n<div id=\"c130\" class=\"cell column is-light six span-6 entity-selectable\">\n<div class=\"content\">\n<div class=\"widget html-widget\">\n<div class=\"tinymce\">\n<div class=\"image-cell\"><img decoding=\"async\" src=\"https:\/\/tjeders.infocaption.com\/media\/20210128\/247\/image_1.png\" alt=\"\" \/><\/div>\n<\/div>\n<\/div>\n<\/div>\n<\/div>\n<div id=\"c134\" class=\"cell column is-light six span-6 entity-selectable\">\n<div class=\"action-buttons\"><\/div>\n<div class=\"content-toolbar\"><\/div>\n<div class=\"content\">\n<div class=\"widget html-widget\">\n<div class=\"content-toolbar\"><\/div>\n<div class=\"tinymce\">\n<div class=\"image-cell\"><img decoding=\"async\" src=\"https:\/\/tjeders.infocaption.com\/media\/20210128\/247\/image_2.png\" alt=\"\" \/><\/div>\n<\/div>\n<\/div>\n<\/div>\n<\/div>\n<\/div>\n<\/div>","protected":false},"excerpt":{"rendered":"<p>L&#039;appareil contient un afficheur avec 8 caract\u00e8res alphanum\u00e9riques rouge\/vert (hauteur des caract\u00e8res 12 mm), 1 bouton de fonction rouge et 1 bouton de fonction vert. Diode d&#039;acquittement rouge et indication de fonctionnement verte sous un guide lumineux de 2 mm dans le couvercle. Buzzer \u00e0 volume r\u00e9glable<\/p>","protected":false},"featured_media":143774,"template":"","meta":{"_acf_changed":false},"product_brand":[],"product_cat":[1609],"product_tag":[],"class_list":{"0":"post-53439","1":"product","2":"type-product","3":"status-publish","4":"has-post-thumbnail","6":"product_cat-nod-evakueringslarm","7":"product_shipping_class-tunga-paket","8":"pa_brands-tjeders","9":"pa_farg-vit","10":"tm-no-options","12":"first","13":"instock","14":"sale","15":"taxable","16":"shipping-taxable","17":"purchasable","18":"product-type-simple"},"acf":[],"_links":{"self":[{"href":"https:\/\/secureus.se\/fr\/wp-json\/wp\/v2\/product\/53439","targetHints":{"allow":["GET"]}}],"collection":[{"href":"https:\/\/secureus.se\/fr\/wp-json\/wp\/v2\/product"}],"about":[{"href":"https:\/\/secureus.se\/fr\/wp-json\/wp\/v2\/types\/product"}],"wp:featuredmedia":[{"embeddable":true,"href":"https:\/\/secureus.se\/fr\/wp-json\/wp\/v2\/media\/143774"}],"wp:attachment":[{"href":"https:\/\/secureus.se\/fr\/wp-json\/wp\/v2\/media?parent=53439"}],"wp:term":[{"taxonomy":"product_brand","embeddable":true,"href":"https:\/\/secureus.se\/fr\/wp-json\/wp\/v2\/product_brand?post=53439"},{"taxonomy":"product_cat","embeddable":true,"href":"https:\/\/secureus.se\/fr\/wp-json\/wp\/v2\/product_cat?post=53439"},{"taxonomy":"product_tag","embeddable":true,"href":"https:\/\/secureus.se\/fr\/wp-json\/wp\/v2\/product_tag?post=53439"}],"curies":[{"name":"wp","href":"https:\/\/api.w.org\/{rel}","templated":true}]}}