{"id":53444,"date":"2022-06-23T15:14:11","date_gmt":"2022-06-23T13:14:11","guid":{"rendered":"https:\/\/secureus.se\/produkt\/aterstalln-knapp-2slingor\/"},"modified":"2026-03-26T12:16:58","modified_gmt":"2026-03-26T11:16:58","slug":"aterstalln-knapp-2slingor","status":"publish","type":"product","link":"https:\/\/secureus.se\/fr\/aterstalln-knapp-2slingor\/","title":{"rendered":"Bouton de r\u00e9initialisation 2 boucles"},"content":{"rendered":"<p>La boucle se contr\u00f4le contre les courts-circuits et les interruptions. Possibilit\u00e9 de connecter des contacts sans potentiel normalement ouverts et normalement ferm\u00e9s. Retard d&#039;entr\u00e9e s\u00e9lectionnable 150 ms ou 2,5 s. Possibilit\u00e9 d&#039;activer\/d\u00e9sactiver la fonction m\u00e9moire. Sortie sans potentiel. Bouton de commande avec LED. Bonnes possibilit\u00e9s de marquage sur le bouton et la plaque signal\u00e9tique. Tension de fonctionnement : 15 \u2013 28 V CA \/ 18 \u2013 35 V CC. Consommation de courant : 110 mA AC \/ 60 mA DC.<\/p>","protected":false},"excerpt":{"rendered":"<p>La boucle se contr\u00f4le contre les courts-circuits et les interruptions. Possibilit\u00e9 de connecter des contacts sans potentiel normalement ouverts et normalement ferm\u00e9s. Retard d&#039;entr\u00e9e s\u00e9lectionnable 150 ms ou 2,5 s. Possibilit\u00e9 d&#039;activer\/d\u00e9sactiver<\/p>","protected":false},"featured_media":143567,"template":"","meta":{"_acf_changed":false},"product_brand":[],"product_cat":[1612],"product_tag":[],"class_list":{"0":"post-53444","1":"product","2":"type-product","3":"status-publish","4":"has-post-thumbnail","6":"product_cat-aterstallningsenhet","7":"product_shipping_class-tunga-paket","8":"pa_farg-vit","9":"tm-no-options","11":"first","12":"outofstock","13":"sale","14":"taxable","15":"shipping-taxable","16":"purchasable","17":"product-type-simple"},"acf":[],"_links":{"self":[{"href":"https:\/\/secureus.se\/fr\/wp-json\/wp\/v2\/product\/53444","targetHints":{"allow":["GET"]}}],"collection":[{"href":"https:\/\/secureus.se\/fr\/wp-json\/wp\/v2\/product"}],"about":[{"href":"https:\/\/secureus.se\/fr\/wp-json\/wp\/v2\/types\/product"}],"wp:featuredmedia":[{"embeddable":true,"href":"https:\/\/secureus.se\/fr\/wp-json\/wp\/v2\/media\/143567"}],"wp:attachment":[{"href":"https:\/\/secureus.se\/fr\/wp-json\/wp\/v2\/media?parent=53444"}],"wp:term":[{"taxonomy":"product_brand","embeddable":true,"href":"https:\/\/secureus.se\/fr\/wp-json\/wp\/v2\/product_brand?post=53444"},{"taxonomy":"product_cat","embeddable":true,"href":"https:\/\/secureus.se\/fr\/wp-json\/wp\/v2\/product_cat?post=53444"},{"taxonomy":"product_tag","embeddable":true,"href":"https:\/\/secureus.se\/fr\/wp-json\/wp\/v2\/product_tag?post=53444"}],"curies":[{"name":"wp","href":"https:\/\/api.w.org\/{rel}","templated":true}]}}