{"id":53446,"date":"2022-06-23T15:13:50","date_gmt":"2022-06-23T13:13:50","guid":{"rendered":"https:\/\/secureus.se\/produkt\/aterstalln-minne-2-kn-2\/"},"modified":"2026-03-26T12:17:13","modified_gmt":"2026-03-26T11:17:13","slug":"aterstalln-minne-2-kn-2","status":"publish","type":"product","link":"https:\/\/secureus.se\/fr\/aterstalln-minne-2-kn-2\/","title":{"rendered":"Restaurer la m\u00e9moire 2 Kn"},"content":{"rendered":"<p>L&#039;appareil contient 1 bouton de fonction rouge et 1 bouton de fonction vert et une diode d&#039;acquittement rouge sous un guide lumineux de 2 mm dans le couvercle. Fonction m\u00e9moire et entr\u00e9es pour alarme et r\u00e9initialisation. Sorties relais pour alarmes. Appuyez sur le couvercle : \u00ab\u00a0Signal d&#039;urgence\u00a0\u00bb et \u00ab\u00a0R\u00e9initialisation\u00a0\u00bb. Le raccordement s&#039;effectue sur une borne \u00e0 vis avec protection des fils. Pour montage encastr\u00e9 dans un bo\u00eetier d&#039;appareil rond c\/c 60 mm ou en saillie dans un cadre mural 5020012 (hauteur 26 mm). Capuchon \u00e0 visser en thermoplastique blanc.<\/p>","protected":false},"excerpt":{"rendered":"<p>L&#039;appareil contient 1 bouton de fonction rouge et 1 bouton de fonction vert et une diode d&#039;acquittement rouge sous un guide lumineux de 2 mm dans le couvercle. Fonction m\u00e9moire et entr\u00e9es pour alarme et r\u00e9initialisation. Sorties relais pour alarmes. Appuyez sur le couvercle\u00a0:<\/p>","protected":false},"featured_media":143328,"template":"","meta":{"_acf_changed":false},"product_brand":[],"product_cat":[1612],"product_tag":[],"class_list":{"0":"post-53446","1":"product","2":"type-product","3":"status-publish","4":"has-post-thumbnail","6":"product_cat-aterstallningsenhet","7":"product_shipping_class-tunga-paket","8":"pa_farg-vit","9":"tm-no-options","11":"first","12":"outofstock","13":"sale","14":"taxable","15":"shipping-taxable","16":"purchasable","17":"product-type-simple"},"acf":[],"_links":{"self":[{"href":"https:\/\/secureus.se\/fr\/wp-json\/wp\/v2\/product\/53446","targetHints":{"allow":["GET"]}}],"collection":[{"href":"https:\/\/secureus.se\/fr\/wp-json\/wp\/v2\/product"}],"about":[{"href":"https:\/\/secureus.se\/fr\/wp-json\/wp\/v2\/types\/product"}],"wp:featuredmedia":[{"embeddable":true,"href":"https:\/\/secureus.se\/fr\/wp-json\/wp\/v2\/media\/143328"}],"wp:attachment":[{"href":"https:\/\/secureus.se\/fr\/wp-json\/wp\/v2\/media?parent=53446"}],"wp:term":[{"taxonomy":"product_brand","embeddable":true,"href":"https:\/\/secureus.se\/fr\/wp-json\/wp\/v2\/product_brand?post=53446"},{"taxonomy":"product_cat","embeddable":true,"href":"https:\/\/secureus.se\/fr\/wp-json\/wp\/v2\/product_cat?post=53446"},{"taxonomy":"product_tag","embeddable":true,"href":"https:\/\/secureus.se\/fr\/wp-json\/wp\/v2\/product_tag?post=53446"}],"curies":[{"name":"wp","href":"https:\/\/api.w.org\/{rel}","templated":true}]}}