{"id":53447,"date":"2022-06-23T15:13:37","date_gmt":"2022-06-23T13:13:37","guid":{"rendered":"https:\/\/secureus.se\/produkt\/aterstalln-minne\/"},"modified":"2026-04-23T12:02:14","modified_gmt":"2026-04-23T10:02:14","slug":"aterstalln-minne","status":"publish","type":"product","link":"https:\/\/secureus.se\/fr\/aterstalln-minne\/","title":{"rendered":"Restaurer la m\u00e9moire"},"content":{"rendered":"<p>Fonction m\u00e9moire et entr\u00e9es pour alarme et r\u00e9initialisation. Sorties relais pour alarmes. Le raccordement s&#039;effectue sur une borne \u00e0 vis avec protection des fils. Pour montage encastr\u00e9 dans un bo\u00eetier d&#039;appareil rond c\/c 60 mm ou en saillie dans un cadre mural 5020012 (hauteur 26 mm). Capuchon \u00e0 visser en thermoplastique blanc.<\/p>","protected":false},"excerpt":{"rendered":"<p>Fonction m\u00e9moire et entr\u00e9es pour alarme et r\u00e9initialisation. Sorties relais pour alarmes. Le raccordement s&#039;effectue sur une borne \u00e0 vis avec protection des fils. Pour montage encastr\u00e9 dans un bo\u00eetier d&#039;appareil rond c\/c 60 mm ou en saillie dans un cadre mural 5020012 (hauteur<\/p>","protected":false},"featured_media":144250,"template":"","meta":{"_acf_changed":false},"product_brand":[],"product_cat":[1612],"product_tag":[],"class_list":{"0":"post-53447","1":"product","2":"type-product","3":"status-publish","4":"has-post-thumbnail","6":"product_cat-aterstallningsenhet","7":"product_shipping_class-tunga-paket","8":"pa_farg-vit","9":"tm-no-options","11":"first","12":"outofstock","13":"sale","14":"taxable","15":"shipping-taxable","16":"purchasable","17":"product-type-simple"},"acf":[],"_links":{"self":[{"href":"https:\/\/secureus.se\/fr\/wp-json\/wp\/v2\/product\/53447","targetHints":{"allow":["GET"]}}],"collection":[{"href":"https:\/\/secureus.se\/fr\/wp-json\/wp\/v2\/product"}],"about":[{"href":"https:\/\/secureus.se\/fr\/wp-json\/wp\/v2\/types\/product"}],"wp:featuredmedia":[{"embeddable":true,"href":"https:\/\/secureus.se\/fr\/wp-json\/wp\/v2\/media\/144250"}],"wp:attachment":[{"href":"https:\/\/secureus.se\/fr\/wp-json\/wp\/v2\/media?parent=53447"}],"wp:term":[{"taxonomy":"product_brand","embeddable":true,"href":"https:\/\/secureus.se\/fr\/wp-json\/wp\/v2\/product_brand?post=53447"},{"taxonomy":"product_cat","embeddable":true,"href":"https:\/\/secureus.se\/fr\/wp-json\/wp\/v2\/product_cat?post=53447"},{"taxonomy":"product_tag","embeddable":true,"href":"https:\/\/secureus.se\/fr\/wp-json\/wp\/v2\/product_tag?post=53447"}],"curies":[{"name":"wp","href":"https:\/\/api.w.org\/{rel}","templated":true}]}}