{"id":53453,"date":"2022-06-23T15:12:39","date_gmt":"2022-06-23T13:12:39","guid":{"rendered":"https:\/\/secureus.se\/produkt\/aterstalln-minne-kn\/"},"modified":"2026-03-26T12:18:01","modified_gmt":"2026-03-26T11:18:01","slug":"aterstalln-minne-kn","status":"publish","type":"product","link":"https:\/\/secureus.se\/fr\/aterstalln-minne-kn\/","title":{"rendered":"Restaurer la m\u00e9moire Kn"},"content":{"rendered":"<p>L&#039;appareil contient un bouton de fonction vert et une diode d&#039;acquittement rouge sous un guide lumineux de 2 mm dans le couvercle. Fonction m\u00e9moire et entr\u00e9es pour alarme et r\u00e9initialisation. Sorties relais pour alarmes. Appuyez sur le couvercle\u00a0: &quot;R\u00e9cup\u00e9ration&quot;. Le raccordement s&#039;effectue sur une borne \u00e0 vis avec protection des fils. Pour montage encastr\u00e9 dans un bo\u00eetier d&#039;appareil rond c\/c 60 mm ou en saillie dans un cadre mural 5020012 (hauteur 26 mm). Capuchon \u00e0 visser en thermoplastique blanc.<\/p>","protected":false},"excerpt":{"rendered":"<p>L&#039;appareil contient un bouton de fonction vert et une diode d&#039;acquittement rouge sous un guide lumineux de 2 mm dans le couvercle. Fonction m\u00e9moire et entr\u00e9es pour alarme et r\u00e9initialisation. Sorties relais pour alarmes. Appuyez sur le couvercle : \u00ab\u00a0R\u00e9initialiser\u00a0\u00bb. La connexion s&#039;effectue le<\/p>","protected":false},"featured_media":143807,"template":"","meta":{"_acf_changed":false},"product_brand":[],"product_cat":[1612],"product_tag":[],"class_list":{"0":"post-53453","1":"product","2":"type-product","3":"status-publish","4":"has-post-thumbnail","6":"product_cat-aterstallningsenhet","7":"product_shipping_class-tunga-paket","8":"pa_farg-vit","9":"tm-no-options","11":"first","12":"outofstock","13":"sale","14":"taxable","15":"shipping-taxable","16":"purchasable","17":"product-type-simple"},"acf":[],"_links":{"self":[{"href":"https:\/\/secureus.se\/fr\/wp-json\/wp\/v2\/product\/53453","targetHints":{"allow":["GET"]}}],"collection":[{"href":"https:\/\/secureus.se\/fr\/wp-json\/wp\/v2\/product"}],"about":[{"href":"https:\/\/secureus.se\/fr\/wp-json\/wp\/v2\/types\/product"}],"wp:featuredmedia":[{"embeddable":true,"href":"https:\/\/secureus.se\/fr\/wp-json\/wp\/v2\/media\/143807"}],"wp:attachment":[{"href":"https:\/\/secureus.se\/fr\/wp-json\/wp\/v2\/media?parent=53453"}],"wp:term":[{"taxonomy":"product_brand","embeddable":true,"href":"https:\/\/secureus.se\/fr\/wp-json\/wp\/v2\/product_brand?post=53453"},{"taxonomy":"product_cat","embeddable":true,"href":"https:\/\/secureus.se\/fr\/wp-json\/wp\/v2\/product_cat?post=53453"},{"taxonomy":"product_tag","embeddable":true,"href":"https:\/\/secureus.se\/fr\/wp-json\/wp\/v2\/product_tag?post=53453"}],"curies":[{"name":"wp","href":"https:\/\/api.w.org\/{rel}","templated":true}]}}