{"id":53455,"date":"2022-06-23T15:11:30","date_gmt":"2022-06-23T13:11:30","guid":{"rendered":"https:\/\/secureus.se\/produkt\/anropsapp-drag\/"},"modified":"2026-03-26T12:18:28","modified_gmt":"2026-03-26T11:18:28","slug":"anropsapp-drag","status":"publish","type":"product","link":"https:\/\/secureus.se\/fr\/anropsapp-drag\/","title":{"rendered":"Appeler l&#039;application Faites glisser"},"content":{"rendered":"<p>L&#039;appareil contient un cordon de traction de 2 m\u00e8tres et une diode d&#039;acquittement rouge sous un guide de lumi\u00e8re de 2 mm dans le couvercle. Appuyez sur le couvercle : \u00ab\u00a0Signal\u00a0\u00bb. Le raccordement s&#039;effectue sur une borne \u00e0 vis jackable avec protection des fils. Pour montage encastr\u00e9 dans un bo\u00eetier d&#039;appareil rond c\/c 60 mm ou en saillie dans un cadre mural 5020012 (hauteur 26 mm). Capuchon \u00e0 visser en thermoplastique blanc.<\/p>","protected":false},"excerpt":{"rendered":"<p>L&#039;appareil contient un cordon de traction de 2 m\u00e8tres et une diode d&#039;acquittement rouge sous un guide de lumi\u00e8re de 2 mm dans le couvercle. Appuyez sur le couvercle : \u00ab\u00a0Signal\u00a0\u00bb. Le raccordement s&#039;effectue sur une borne \u00e0 vis jackable avec protection des fils. Pour montage encastr\u00e9 en rond<\/p>","protected":false},"featured_media":143445,"template":"","meta":{"_acf_changed":false},"product_brand":[],"product_cat":[1608],"product_tag":[],"class_list":{"0":"post-53455","1":"product","2":"type-product","3":"status-publish","4":"has-post-thumbnail","6":"product_cat-larmknappar","7":"product_shipping_class-tunga-paket","8":"tm-no-options","10":"first","11":"outofstock","12":"sale","13":"taxable","14":"shipping-taxable","15":"purchasable","16":"product-type-simple"},"acf":[],"_links":{"self":[{"href":"https:\/\/secureus.se\/fr\/wp-json\/wp\/v2\/product\/53455","targetHints":{"allow":["GET"]}}],"collection":[{"href":"https:\/\/secureus.se\/fr\/wp-json\/wp\/v2\/product"}],"about":[{"href":"https:\/\/secureus.se\/fr\/wp-json\/wp\/v2\/types\/product"}],"wp:featuredmedia":[{"embeddable":true,"href":"https:\/\/secureus.se\/fr\/wp-json\/wp\/v2\/media\/143445"}],"wp:attachment":[{"href":"https:\/\/secureus.se\/fr\/wp-json\/wp\/v2\/media?parent=53455"}],"wp:term":[{"taxonomy":"product_brand","embeddable":true,"href":"https:\/\/secureus.se\/fr\/wp-json\/wp\/v2\/product_brand?post=53455"},{"taxonomy":"product_cat","embeddable":true,"href":"https:\/\/secureus.se\/fr\/wp-json\/wp\/v2\/product_cat?post=53455"},{"taxonomy":"product_tag","embeddable":true,"href":"https:\/\/secureus.se\/fr\/wp-json\/wp\/v2\/product_tag?post=53455"}],"curies":[{"name":"wp","href":"https:\/\/api.w.org\/{rel}","templated":true}]}}