{"id":53456,"date":"2022-06-23T15:11:29","date_gmt":"2022-06-23T13:11:29","guid":{"rendered":"https:\/\/secureus.se\/produkt\/anropsapp-kn-signal\/"},"modified":"2026-03-26T12:18:33","modified_gmt":"2026-03-26T11:18:33","slug":"anropsapp-kn-signal","status":"publish","type":"product","link":"https:\/\/secureus.se\/fr\/anropsapp-kn-signal\/","title":{"rendered":"Appel de l&#039;application Kn \u00ab\u00a0Signal\u00a0\u00bb"},"content":{"rendered":"<p>Appareil d&#039;appel contenant un bouton de fonction rouge et une diode d&#039;acquittement rouge sous un guide lumineux de 2 mm dans le couvercle. Appuyez sur le couvercle : \u00ab\u00a0Signal\u00a0\u00bb. Le raccordement s&#039;effectue sur une borne \u00e0 vis jackable avec protection des fils. Pour montage encastr\u00e9 dans un bo\u00eetier d&#039;appareil rond c\/c 60 mm ou en saillie dans un cadre mural 5020012 (hauteur 26 mm). Capuchon \u00e0 visser en thermoplastique blanc<\/p>","protected":false},"excerpt":{"rendered":"<p>Appareil d&#039;appel contenant un bouton de fonction rouge et une diode d&#039;acquittement rouge sous un guide lumineux de 2 mm dans le couvercle. Appuyez sur le couvercle : \u00ab\u00a0Signal\u00a0\u00bb. Le raccordement s&#039;effectue sur une borne \u00e0 vis jackable avec protection des fils. Pour montage encastr\u00e9 dans un bo\u00eetier d&#039;appareil rond<\/p>","protected":false},"featured_media":143594,"template":"","meta":{"_acf_changed":false},"product_brand":[],"product_cat":[1608],"product_tag":[],"class_list":{"0":"post-53456","1":"product","2":"type-product","3":"status-publish","4":"has-post-thumbnail","6":"product_cat-larmknappar","7":"product_shipping_class-tunga-paket","8":"pa_farg-vit","9":"tm-no-options","11":"first","12":"outofstock","13":"sale","14":"taxable","15":"shipping-taxable","16":"purchasable","17":"product-type-simple"},"acf":[],"_links":{"self":[{"href":"https:\/\/secureus.se\/fr\/wp-json\/wp\/v2\/product\/53456","targetHints":{"allow":["GET"]}}],"collection":[{"href":"https:\/\/secureus.se\/fr\/wp-json\/wp\/v2\/product"}],"about":[{"href":"https:\/\/secureus.se\/fr\/wp-json\/wp\/v2\/types\/product"}],"wp:featuredmedia":[{"embeddable":true,"href":"https:\/\/secureus.se\/fr\/wp-json\/wp\/v2\/media\/143594"}],"wp:attachment":[{"href":"https:\/\/secureus.se\/fr\/wp-json\/wp\/v2\/media?parent=53456"}],"wp:term":[{"taxonomy":"product_brand","embeddable":true,"href":"https:\/\/secureus.se\/fr\/wp-json\/wp\/v2\/product_brand?post=53456"},{"taxonomy":"product_cat","embeddable":true,"href":"https:\/\/secureus.se\/fr\/wp-json\/wp\/v2\/product_cat?post=53456"},{"taxonomy":"product_tag","embeddable":true,"href":"https:\/\/secureus.se\/fr\/wp-json\/wp\/v2\/product_tag?post=53456"}],"curies":[{"name":"wp","href":"https:\/\/api.w.org\/{rel}","templated":true}]}}