{"id":53463,"date":"2022-06-22T11:25:24","date_gmt":"2022-06-22T09:25:24","guid":{"rendered":"https:\/\/secureus.se\/produkt\/radiosandare-s2tr2641e4\/"},"modified":"2026-04-23T12:03:12","modified_gmt":"2026-04-23T10:03:12","slug":"radiosandare-s2tr2641e4","status":"publish","type":"product","link":"https:\/\/secureus.se\/fr\/radiosandare-s2tr2641e4\/","title":{"rendered":"Emetteur radio S2Tr2641E4 - CDVI 433 MHz, 4 boutons, KeeLoq"},"content":{"rendered":"<h3 data-start=\"1148\" data-end=\"1212\">\u00c9metteur radio \u00e0 4 boutons \u2013 facile \u00e0 utiliser, haute s\u00e9curit\u00e9<\/h3>\n<p data-start=\"1213\" data-end=\"1484\">Le CDVI Erone S2TR2641E4 est un \u00e9metteur radio ergonomique avec <strong data-start=\"1269\" data-end=\"1303\">quatre gros boutons transparents<\/strong>, Con\u00e7u pour \u00eatre facile \u00e0 utiliser m\u00eame si vous avez une force l\u00e9g\u00e8rement moindre dans les mains. Parfait pour contr\u00f4ler par exemple\u2026. <strong data-start=\"1413\" data-end=\"1483\">ouvre-portes, portails, portes de garage, fonctions d&#039;\u00e9clairage ou d&#039;alarme<\/strong>.<\/p>\n<h3 data-start=\"1486\" data-end=\"1526\">Signal s\u00e9curis\u00e9 avec code tournant KeeLoq<\/h3>\n<p data-start=\"1527\" data-end=\"1711\">L&#039;\u00e9metteur utilise <strong data-start=\"1545\" data-end=\"1576\">Code tournant KeeLoq<\/strong>, ce qui signifie que le code change \u00e0 chaque frappe au clavier afin de r\u00e9duire le risque de copie.<\/p>\n<h3 data-start=\"1713\" data-end=\"1758\">Compatible avec les r\u00e9cepteurs CDVI\/Erone \u00e0 433,92 MHz<\/h3>\n<p data-start=\"1759\" data-end=\"1970\">Le S2TR2641E4 est compatible avec tous les <strong data-start=\"1783\" data-end=\"1808\">R\u00e9cepteur radio CDVI<\/strong> qui utilise la m\u00eame fr\u00e9quence (<strong data-start=\"1838\" data-end=\"1852\">433,92 MHz<\/strong>) et peut \u00eatre programm\u00e9 dans un ou plusieurs r\u00e9cepteurs selon l&#039;installation.<\/p>\n<h3 data-start=\"1972\" data-end=\"1998\">Batterie et indication<\/h3>\n<p data-start=\"1999\" data-end=\"2222\">L&#039;\u00e9metteur est aliment\u00e9 par un <strong data-start=\"2021\" data-end=\"2048\">Batterie 23A\/L1028 12V<\/strong>. La LED indique la transmission et, lorsque le niveau de la batterie est faible, son comportement peut varier (par exemple, en clignotant), ce qui constitue un bon signal pour changer la batterie.<\/p>\n<p class=\"not-prose mt-0! mb-0! flex-auto truncate\">Manuel S2TR2641Ex EN<\/p>\n<hr data-start=\"2224\" data-end=\"2227\" \/>\n<h2 data-start=\"2229\" data-end=\"2253\">Avantages<\/h2>\n<ul data-start=\"2254\" data-end=\"2750\">\n<li data-start=\"2254\" data-end=\"2321\">\n<p data-start=\"2256\" data-end=\"2321\"><strong data-start=\"2256\" data-end=\"2281\">4 boutons \/ 4 canaux<\/strong><\/p>\n<\/li>\n<li data-start=\"2322\" data-end=\"2387\">\n<p data-start=\"2324\" data-end=\"2387\"><strong data-start=\"2324\" data-end=\"2338\">433,92 MHz<\/strong> (AM\/ASK)<\/p>\n<\/li>\n<li data-start=\"2388\" data-end=\"2470\">\n<p data-start=\"2390\" data-end=\"2470\"><strong data-start=\"2390\" data-end=\"2413\">Code tournant KeeLoq<\/strong> (haute s\u00e9curit\u00e9)<\/p>\n<\/li>\n<li data-start=\"2471\" data-end=\"2553\">\n<p data-start=\"2473\" data-end=\"2553\"><strong data-start=\"2473\" data-end=\"2511\">Port\u00e9e en champ ouvert d&#039;environ 150 \u00e0 250 m<\/strong><\/p>\n<\/li>\n<li data-start=\"2554\" data-end=\"2594\">\n<p data-start=\"2556\" data-end=\"2594\"><strong data-start=\"2556\" data-end=\"2592\">Conception ergonomique, gros boutons<\/strong><\/p>\n<\/li>\n<li data-start=\"2595\" data-end=\"2639\">\n<p data-start=\"2597\" data-end=\"2639\">Convient <strong data-start=\"2604\" data-end=\"2627\">Support mural SESMT03<\/strong> (facultatif)<\/p>\n<\/li>\n<li data-start=\"2640\" data-end=\"2750\">\n<p data-start=\"2642\" data-end=\"2750\">Batterie: <strong data-start=\"2651\" data-end=\"2672\">23A \/ L1028 (12V)<\/strong>, dur\u00e9e de vie typique <strong data-start=\"2691\" data-end=\"2708\">12 \u00e0 18 mois<\/strong><\/p>\n<\/li>\n<\/ul>","protected":false},"excerpt":{"rendered":"<p>Emetteur radio ergonomique \u00e0 4 boutons (433,92 MHz) avec cryptage KeeLoq pour un contr\u00f4le s\u00e9curis\u00e9 des portes automatiques, des portails, de l'\u00e9clairage et des alarmes. S'adapte aux r\u00e9cepteurs CDVI\/Erone sur la m\u00eame fr\u00e9quence et fonctionne \u00e9galement avec notre support mural.<\/p>","protected":false},"featured_media":143400,"template":"","meta":{"_acf_changed":false},"product_brand":[],"product_cat":[1616],"product_tag":[2273],"class_list":{"0":"post-53463","1":"product","2":"type-product","3":"status-publish","4":"has-post-thumbnail","6":"product_cat-radiosandare-mottagare","7":"product_tag-radio-sandare-erone","8":"product_shipping_class-postnord-varubrev","9":"pa_brands-cdvi","10":"tm-no-options","12":"first","13":"instock","14":"sale","15":"taxable","16":"shipping-taxable","17":"purchasable","18":"product-type-simple"},"acf":[],"_links":{"self":[{"href":"https:\/\/secureus.se\/fr\/wp-json\/wp\/v2\/product\/53463","targetHints":{"allow":["GET"]}}],"collection":[{"href":"https:\/\/secureus.se\/fr\/wp-json\/wp\/v2\/product"}],"about":[{"href":"https:\/\/secureus.se\/fr\/wp-json\/wp\/v2\/types\/product"}],"wp:featuredmedia":[{"embeddable":true,"href":"https:\/\/secureus.se\/fr\/wp-json\/wp\/v2\/media\/143400"}],"wp:attachment":[{"href":"https:\/\/secureus.se\/fr\/wp-json\/wp\/v2\/media?parent=53463"}],"wp:term":[{"taxonomy":"product_brand","embeddable":true,"href":"https:\/\/secureus.se\/fr\/wp-json\/wp\/v2\/product_brand?post=53463"},{"taxonomy":"product_cat","embeddable":true,"href":"https:\/\/secureus.se\/fr\/wp-json\/wp\/v2\/product_cat?post=53463"},{"taxonomy":"product_tag","embeddable":true,"href":"https:\/\/secureus.se\/fr\/wp-json\/wp\/v2\/product_tag?post=53463"}],"curies":[{"name":"wp","href":"https:\/\/api.w.org\/{rel}","templated":true}]}}