{"id":53469,"date":"2022-06-22T11:22:35","date_gmt":"2022-06-22T09:22:35","guid":{"rendered":"https:\/\/secureus.se\/produkt\/radiosandare-setmc1c12v\/"},"modified":"2026-04-08T16:43:30","modified_gmt":"2026-04-08T14:43:30","slug":"radiosandare-setmc1c12v","status":"publish","type":"product","link":"https:\/\/secureus.se\/fr\/radiosandare-setmc1c12v\/","title":{"rendered":"\u00c9metteur radio Setmc1C12V"},"content":{"rendered":"<p>Petit \u00e9metteur radio int\u00e9gr\u00e9, parfait pour \u00eatre int\u00e9gr\u00e9 \u00e0 d&#039;autres appareils, alimentation 12 V CC requise. Convient \u00e0 tous les r\u00e9cepteurs radio CDVI fonctionnant sur la m\u00eame fr\u00e9quence (433,92 MHz). Excellent pour contr\u00f4ler les op\u00e9rateurs de portes automatiques, l&#039;\u00e9clairage, les alarmes, etc.<\/p>","protected":false},"excerpt":{"rendered":"<p>Petit \u00e9metteur radio \u00e0 installer, id\u00e9al pour l&#039;int\u00e9gration \u00e0 d&#039;autres appareils. Alimentation 12 V CC requise. Compatible avec tous les r\u00e9cepteurs radio CDVI fonctionnant sur la m\u00eame fr\u00e9quence (433,92 MHz). Id\u00e9al pour le contr\u00f4le.<\/p>","protected":false},"featured_media":143414,"template":"","meta":{"_acf_changed":false},"product_brand":[],"product_cat":[1616],"product_tag":[2273],"class_list":{"0":"post-53469","1":"product","2":"type-product","3":"status-publish","4":"has-post-thumbnail","6":"product_cat-radiosandare-mottagare","7":"product_tag-radio-sandare-erone","8":"product_shipping_class-postnord-varubrev","9":"pa_brands-cdvi","10":"tm-no-options","12":"first","13":"outofstock","14":"sale","15":"taxable","16":"shipping-taxable","17":"purchasable","18":"product-type-simple"},"acf":[],"_links":{"self":[{"href":"https:\/\/secureus.se\/fr\/wp-json\/wp\/v2\/product\/53469","targetHints":{"allow":["GET"]}}],"collection":[{"href":"https:\/\/secureus.se\/fr\/wp-json\/wp\/v2\/product"}],"about":[{"href":"https:\/\/secureus.se\/fr\/wp-json\/wp\/v2\/types\/product"}],"wp:featuredmedia":[{"embeddable":true,"href":"https:\/\/secureus.se\/fr\/wp-json\/wp\/v2\/media\/143414"}],"wp:attachment":[{"href":"https:\/\/secureus.se\/fr\/wp-json\/wp\/v2\/media?parent=53469"}],"wp:term":[{"taxonomy":"product_brand","embeddable":true,"href":"https:\/\/secureus.se\/fr\/wp-json\/wp\/v2\/product_brand?post=53469"},{"taxonomy":"product_cat","embeddable":true,"href":"https:\/\/secureus.se\/fr\/wp-json\/wp\/v2\/product_cat?post=53469"},{"taxonomy":"product_tag","embeddable":true,"href":"https:\/\/secureus.se\/fr\/wp-json\/wp\/v2\/product_tag?post=53469"}],"curies":[{"name":"wp","href":"https:\/\/api.w.org\/{rel}","templated":true}]}}