{"id":53477,"date":"2022-06-22T11:19:28","date_gmt":"2022-06-22T09:19:28","guid":{"rendered":"https:\/\/secureus.se\/produkt\/radiosandare-s2tr2641e2\/"},"modified":"2026-04-08T16:42:21","modified_gmt":"2026-04-08T14:42:21","slug":"radiosandare-s2tr2641e2","status":"publish","type":"product","link":"https:\/\/secureus.se\/fr\/radiosandare-s2tr2641e2\/","title":{"rendered":"\u00c9metteur radio S2Tr2641E2"},"content":{"rendered":"<p>\u00c9metteur radio \u00e0 deux boutons au design ergonomique, qui s&#039;adapte \u00e0 notre support mural SESMT03. Convient \u00e0 tous les r\u00e9cepteurs radio CDVI fonctionnant sur la m\u00eame fr\u00e9quence (433,92 MHz). Excellent pour contr\u00f4ler les op\u00e9rateurs de portes automatiques, l&#039;\u00e9clairage, les alarmes, etc.<\/p>","protected":false},"excerpt":{"rendered":"<p>Radios\u00e4ndare med tv\u00e5 knappar i ergonomisk design, som passar till v\u00e5ran v\u00e4ggh\u00e5llare SESMT03. Passar till alla CDVI:s radiomottagare som arbetar p\u00e5 samma frekvens (433.92MHz). Utm\u00e4rkt f\u00f6r att styra d\u00f6rrautomatiker, belysning,<\/p>","protected":false},"featured_media":144360,"template":"","meta":{"_acf_changed":false},"product_brand":[],"product_cat":[1616],"product_tag":[2273],"class_list":{"0":"post-53477","1":"product","2":"type-product","3":"status-publish","4":"has-post-thumbnail","6":"product_cat-radiosandare-mottagare","7":"product_tag-radio-sandare-erone","8":"product_shipping_class-postnord-varubrev","9":"pa_brands-cdvi","10":"tm-no-options","12":"first","13":"outofstock","14":"sale","15":"taxable","16":"shipping-taxable","17":"purchasable","18":"product-type-simple"},"acf":[],"_links":{"self":[{"href":"https:\/\/secureus.se\/fr\/wp-json\/wp\/v2\/product\/53477","targetHints":{"allow":["GET"]}}],"collection":[{"href":"https:\/\/secureus.se\/fr\/wp-json\/wp\/v2\/product"}],"about":[{"href":"https:\/\/secureus.se\/fr\/wp-json\/wp\/v2\/types\/product"}],"wp:featuredmedia":[{"embeddable":true,"href":"https:\/\/secureus.se\/fr\/wp-json\/wp\/v2\/media\/144360"}],"wp:attachment":[{"href":"https:\/\/secureus.se\/fr\/wp-json\/wp\/v2\/media?parent=53477"}],"wp:term":[{"taxonomy":"product_brand","embeddable":true,"href":"https:\/\/secureus.se\/fr\/wp-json\/wp\/v2\/product_brand?post=53477"},{"taxonomy":"product_cat","embeddable":true,"href":"https:\/\/secureus.se\/fr\/wp-json\/wp\/v2\/product_cat?post=53477"},{"taxonomy":"product_tag","embeddable":true,"href":"https:\/\/secureus.se\/fr\/wp-json\/wp\/v2\/product_tag?post=53477"}],"curies":[{"name":"wp","href":"https:\/\/api.w.org\/{rel}","templated":true}]}}