{"id":53480,"date":"2022-06-22T11:19:24","date_gmt":"2022-06-22T09:19:24","guid":{"rendered":"https:\/\/secureus.se\/produkt\/antenn-433-92-mhz\/"},"modified":"2026-03-26T12:17:58","modified_gmt":"2026-03-26T11:17:58","slug":"antenn-433-92-mhz","status":"publish","type":"product","link":"https:\/\/secureus.se\/fr\/antenn-433-92-mhz\/","title":{"rendered":"Antenne 433,92 MHz"},"content":{"rendered":"<p>Antenne avec c\u00e2ble blind\u00e9 qui offre une port\u00e9e extra longue pour les t\u00e9l\u00e9commandes sans fil. Profil de montage inclus et connect\u00e9 au r\u00e9cepteur, c\u00e2ble de 3,5 m\u00e8tres. Fr\u00e9quence : 433,92 MHz<\/p>\n<p>&nbsp;<\/p>","protected":false},"excerpt":{"rendered":"<p>Antenne avec c\u00e2ble blind\u00e9 qui offre une port\u00e9e extra longue pour les t\u00e9l\u00e9commandes sans fil. Profil de montage inclus et connect\u00e9 au r\u00e9cepteur, c\u00e2ble de 3,5 m\u00e8tres. Fr\u00e9quence : 433,92 MHz &nbsp;<\/p>","protected":false},"featured_media":143571,"template":"","meta":{"_acf_changed":false},"product_brand":[],"product_cat":[1616],"product_tag":[],"class_list":{"0":"post-53480","1":"product","2":"type-product","3":"status-publish","4":"has-post-thumbnail","6":"product_cat-radiosandare-mottagare","7":"product_shipping_class-postnord-varubrev","8":"pa_brands-cdvi","9":"tm-no-options","11":"first","12":"instock","13":"taxable","14":"shipping-taxable","15":"purchasable","16":"product-type-simple"},"acf":[],"_links":{"self":[{"href":"https:\/\/secureus.se\/fr\/wp-json\/wp\/v2\/product\/53480","targetHints":{"allow":["GET"]}}],"collection":[{"href":"https:\/\/secureus.se\/fr\/wp-json\/wp\/v2\/product"}],"about":[{"href":"https:\/\/secureus.se\/fr\/wp-json\/wp\/v2\/types\/product"}],"wp:featuredmedia":[{"embeddable":true,"href":"https:\/\/secureus.se\/fr\/wp-json\/wp\/v2\/media\/143571"}],"wp:attachment":[{"href":"https:\/\/secureus.se\/fr\/wp-json\/wp\/v2\/media?parent=53480"}],"wp:term":[{"taxonomy":"product_brand","embeddable":true,"href":"https:\/\/secureus.se\/fr\/wp-json\/wp\/v2\/product_brand?post=53480"},{"taxonomy":"product_cat","embeddable":true,"href":"https:\/\/secureus.se\/fr\/wp-json\/wp\/v2\/product_cat?post=53480"},{"taxonomy":"product_tag","embeddable":true,"href":"https:\/\/secureus.se\/fr\/wp-json\/wp\/v2\/product_tag?post=53480"}],"curies":[{"name":"wp","href":"https:\/\/api.w.org\/{rel}","templated":true}]}}