{"id":53495,"date":"2022-06-22T11:35:09","date_gmt":"2022-06-22T09:35:09","guid":{"rendered":"https:\/\/secureus.se\/produkt\/digitag-mottagare-dtrr1434r\/"},"modified":"2026-03-26T12:19:05","modified_gmt":"2026-03-26T11:19:05","slug":"digitag-mottagare-dtrr1434r","status":"publish","type":"product","link":"https:\/\/secureus.se\/fr\/digitag-mottagare-dtrr1434r\/","title":{"rendered":"R\u00e9cepteur Digitag Dtrr1434R"},"content":{"rendered":"<p>Le r\u00e9cepteur sans contact DigiTag est une s\u00e9rie de tags de proximit\u00e9 dits actifs ou tags longue distance, pour un passage v\u00e9ritablement sans contact. DigiTag est id\u00e9al dans les h\u00f4pitaux, les parkings, les entrep\u00f4ts\/entrep\u00f4ts et autres installations n\u00e9cessitant un passage sans contact dans des espaces prot\u00e9g\u00e9s. La port\u00e9e de l&#039;\u00e9metteur peut \u00eatre ajust\u00e9e de 1 \u00e0 15 m\u00e8tres. Le signal entre l&#039;\u00e9metteur et le r\u00e9cepteur est crypt\u00e9 avec le &quot;Rolling code&quot; Kelloq\u00ae, ce qui rend sa copie tr\u00e8s difficile. Approuv\u00e9 CE et certifi\u00e9 R&amp;TTE. Le r\u00e9cepteur est de conception autonome et dispose d&#039;une m\u00e9moire interne pouvant accueillir jusqu&#039;\u00e0 30 r\u00e9cepteurs et d&#039;une sortie relais.<\/p>","protected":false},"excerpt":{"rendered":"<p>Le r\u00e9cepteur sans contact DigiTag est une s\u00e9rie de tags de proximit\u00e9 dits actifs ou tags longue distance, pour un passage v\u00e9ritablement sans contact. DigiTag est id\u00e9al dans les h\u00f4pitaux, les parkings, les entrep\u00f4ts et autres installations qui en ont besoin<\/p>","protected":false},"featured_media":143827,"template":"","meta":{"_acf_changed":false},"product_brand":[],"product_cat":[1616],"product_tag":[],"class_list":{"0":"post-53495","1":"product","2":"type-product","3":"status-publish","4":"has-post-thumbnail","6":"product_cat-radiosandare-mottagare","7":"product_shipping_class-tunga-paket","8":"tm-no-options","10":"first","11":"outofstock","12":"sale","13":"taxable","14":"shipping-taxable","15":"purchasable","16":"product-type-simple"},"acf":[],"_links":{"self":[{"href":"https:\/\/secureus.se\/fr\/wp-json\/wp\/v2\/product\/53495","targetHints":{"allow":["GET"]}}],"collection":[{"href":"https:\/\/secureus.se\/fr\/wp-json\/wp\/v2\/product"}],"about":[{"href":"https:\/\/secureus.se\/fr\/wp-json\/wp\/v2\/types\/product"}],"wp:featuredmedia":[{"embeddable":true,"href":"https:\/\/secureus.se\/fr\/wp-json\/wp\/v2\/media\/143827"}],"wp:attachment":[{"href":"https:\/\/secureus.se\/fr\/wp-json\/wp\/v2\/media?parent=53495"}],"wp:term":[{"taxonomy":"product_brand","embeddable":true,"href":"https:\/\/secureus.se\/fr\/wp-json\/wp\/v2\/product_brand?post=53495"},{"taxonomy":"product_cat","embeddable":true,"href":"https:\/\/secureus.se\/fr\/wp-json\/wp\/v2\/product_cat?post=53495"},{"taxonomy":"product_tag","embeddable":true,"href":"https:\/\/secureus.se\/fr\/wp-json\/wp\/v2\/product_tag?post=53495"}],"curies":[{"name":"wp","href":"https:\/\/api.w.org\/{rel}","templated":true}]}}