{"id":53502,"date":"2022-06-22T11:30:13","date_gmt":"2022-06-22T09:30:13","guid":{"rendered":"https:\/\/secureus.se\/produkt\/radiomottagare-sel2641r433-z2\/"},"modified":"2026-04-08T16:47:26","modified_gmt":"2026-04-08T14:47:26","slug":"radiomottagare-sel2641r433-z2","status":"publish","type":"product","link":"https:\/\/secureus.se\/fr\/radiomottagare-sel2641r433-z2\/","title":{"rendered":"R\u00e9cepteur radio Sel2641R433-Z2"},"content":{"rendered":"<p>R\u00e9cepteur radio sans fil pouvant accueillir 85 \u00e9metteurs. Excellent pour contr\u00f4ler les portails, portails, \u00e9clairages, alarmes, etc. Deux sorties relais programmables en impulsion ou en alternance. Le r\u00e9cepteur radio est mont\u00e9 dans un bo\u00eetier \u00e9tanche, IP-56. Il est possible d&#039;augmenter la port\u00e9e \u00e0 l&#039;aide d&#039;une antenne externe (SEA433). Cryptage : KeeLoq\u00ae Rolling Code. Fr\u00e9quence : 433,92 MHz.<\/p>","protected":false},"excerpt":{"rendered":"<p>R\u00e9cepteur radio sans fil pouvant accueillir 85 \u00e9metteurs. Excellent pour contr\u00f4ler les portails, portails, \u00e9clairages, alarmes, etc. Deux sorties relais programmables en impulsion ou en alternance. Le r\u00e9cepteur radio est mont\u00e9 dans une bo\u00eete scell\u00e9e,<\/p>","protected":false},"featured_media":143478,"template":"","meta":{"_acf_changed":false},"product_brand":[],"product_cat":[1616],"product_tag":[2272],"class_list":{"0":"post-53502","1":"product","2":"type-product","3":"status-publish","4":"has-post-thumbnail","6":"product_cat-radiosandare-mottagare","7":"product_tag-radio-mottagare-erone","8":"product_shipping_class-tunga-paket","9":"tm-no-options","11":"first","12":"instock","13":"sale","14":"taxable","15":"shipping-taxable","16":"purchasable","17":"product-type-simple"},"acf":[],"_links":{"self":[{"href":"https:\/\/secureus.se\/fr\/wp-json\/wp\/v2\/product\/53502","targetHints":{"allow":["GET"]}}],"collection":[{"href":"https:\/\/secureus.se\/fr\/wp-json\/wp\/v2\/product"}],"about":[{"href":"https:\/\/secureus.se\/fr\/wp-json\/wp\/v2\/types\/product"}],"wp:featuredmedia":[{"embeddable":true,"href":"https:\/\/secureus.se\/fr\/wp-json\/wp\/v2\/media\/143478"}],"wp:attachment":[{"href":"https:\/\/secureus.se\/fr\/wp-json\/wp\/v2\/media?parent=53502"}],"wp:term":[{"taxonomy":"product_brand","embeddable":true,"href":"https:\/\/secureus.se\/fr\/wp-json\/wp\/v2\/product_brand?post=53502"},{"taxonomy":"product_cat","embeddable":true,"href":"https:\/\/secureus.se\/fr\/wp-json\/wp\/v2\/product_cat?post=53502"},{"taxonomy":"product_tag","embeddable":true,"href":"https:\/\/secureus.se\/fr\/wp-json\/wp\/v2\/product_tag?post=53502"}],"curies":[{"name":"wp","href":"https:\/\/api.w.org\/{rel}","templated":true}]}}