{"id":53504,"date":"2022-06-22T11:29:39","date_gmt":"2022-06-22T09:29:39","guid":{"rendered":"https:\/\/secureus.se\/produkt\/radiomottagare-sel2641r433-bd4\/"},"modified":"2026-03-26T12:19:33","modified_gmt":"2026-03-26T11:19:33","slug":"radiomottagare-sel2641r433-bd4","status":"publish","type":"product","link":"https:\/\/secureus.se\/fr\/radiomottagare-sel2641r433-bd4\/","title":{"rendered":"R\u00e9cepteur radio Sel2641R433-Bd4"},"content":{"rendered":"<p>R\u00e9cepteur radio sans fil pouvant accueillir 85 \u00e9metteurs. Excellent pour contr\u00f4ler les portails, portails, \u00e9clairages, alarmes, etc. Quatre sorties relais programmables en impulsion ou en alternance. Le r\u00e9cepteur radio est destin\u00e9 \u00e0 un montage sur rail DIN et dispose d&#039;entr\u00e9es pour boutons-poussoirs externes. Il est possible d&#039;augmenter la port\u00e9e \u00e0 l&#039;aide d&#039;une antenne externe (SEA433). Cryptage : KeeLoq\u00ae Rolling Code. Fr\u00e9quence : 433,92 MHz.<\/p>","protected":false},"excerpt":{"rendered":"<p>R\u00e9cepteur radio sans fil pouvant accueillir 85 \u00e9metteurs. Excellent pour contr\u00f4ler les portails, portails, \u00e9clairages, alarmes, etc. Quatre sorties relais programmables en impulsion ou en alternance. Le r\u00e9cepteur radio est destin\u00e9 au montage sur rail DIN et<\/p>","protected":false},"featured_media":144284,"template":"","meta":{"_acf_changed":false},"product_brand":[],"product_cat":[1616],"product_tag":[2272],"class_list":{"0":"post-53504","1":"product","2":"type-product","3":"status-publish","4":"has-post-thumbnail","6":"product_cat-radiosandare-mottagare","7":"product_tag-radio-mottagare-erone","8":"product_shipping_class-tunga-paket","9":"tm-no-options","11":"first","12":"outofstock","13":"sale","14":"taxable","15":"shipping-taxable","16":"purchasable","17":"product-type-simple"},"acf":[],"_links":{"self":[{"href":"https:\/\/secureus.se\/fr\/wp-json\/wp\/v2\/product\/53504","targetHints":{"allow":["GET"]}}],"collection":[{"href":"https:\/\/secureus.se\/fr\/wp-json\/wp\/v2\/product"}],"about":[{"href":"https:\/\/secureus.se\/fr\/wp-json\/wp\/v2\/types\/product"}],"wp:featuredmedia":[{"embeddable":true,"href":"https:\/\/secureus.se\/fr\/wp-json\/wp\/v2\/media\/144284"}],"wp:attachment":[{"href":"https:\/\/secureus.se\/fr\/wp-json\/wp\/v2\/media?parent=53504"}],"wp:term":[{"taxonomy":"product_brand","embeddable":true,"href":"https:\/\/secureus.se\/fr\/wp-json\/wp\/v2\/product_brand?post=53504"},{"taxonomy":"product_cat","embeddable":true,"href":"https:\/\/secureus.se\/fr\/wp-json\/wp\/v2\/product_cat?post=53504"},{"taxonomy":"product_tag","embeddable":true,"href":"https:\/\/secureus.se\/fr\/wp-json\/wp\/v2\/product_tag?post=53504"}],"curies":[{"name":"wp","href":"https:\/\/api.w.org\/{rel}","templated":true}]}}