{"id":53508,"date":"2022-06-22T11:28:38","date_gmt":"2022-06-22T09:28:38","guid":{"rendered":"https:\/\/secureus.se\/produkt\/radiomottagare-sel2641r433-xpl-6\/"},"modified":"2026-04-08T16:55:27","modified_gmt":"2026-04-08T14:55:27","slug":"radiomottagare-sel2641r433-xpl-6","status":"publish","type":"product","link":"https:\/\/secureus.se\/fr\/radiomottagare-sel2641r433-xpl-6\/","title":{"rendered":"R\u00e9cepteur radio Sel2641R433-Xpl"},"content":{"rendered":"<p>R\u00e9cepteur radio sans fil avec alimentation 230 V et espace pour 500 \u00e9metteurs. Excellent pour contr\u00f4ler les portails, portails, \u00e9clairages, alarmes, etc. Deux sorties relais de 3,5 kW programmables en impulsion, alternance ou temporis\u00e9es. Le r\u00e9cepteur radio dispose d&#039;un \u00e9cran LCD \u00e9clair\u00e9 pour une programmation facile. Il y a la possibilit\u00e9 de t\u00e9l\u00e9charger par lots des \u00e9metteurs par num\u00e9ro de s\u00e9rie et de les sauvegarder dans la m\u00e9moire (MXPL) et la possibilit\u00e9 d&#039;augmenter la port\u00e9e \u00e0 l&#039;aide d&#039;une antenne externe (SEA433). Cryptage : KeeLoq\u00ae Rolling Code. Fr\u00e9quence : 433,92 MHz.<\/p>","protected":false},"excerpt":{"rendered":"<p>R\u00e9cepteur radio sans fil avec alimentation 230 V et espace pour 500 \u00e9metteurs. Excellent pour contr\u00f4ler les portails, portails, \u00e9clairages, alarmes, etc. Deux sorties relais de 3,5 kW programmables en impulsion, alternance ou temporis\u00e9es. Le r\u00e9cepteur radio a<\/p>","protected":false},"featured_media":143850,"template":"","meta":{"_acf_changed":false},"product_brand":[],"product_cat":[1616],"product_tag":[2272],"class_list":{"0":"post-53508","1":"product","2":"type-product","3":"status-publish","4":"has-post-thumbnail","6":"product_cat-radiosandare-mottagare","7":"product_tag-radio-mottagare-erone","8":"product_shipping_class-tunga-paket","9":"tm-no-options","11":"first","12":"outofstock","13":"sale","14":"taxable","15":"shipping-taxable","16":"purchasable","17":"product-type-simple"},"acf":[],"_links":{"self":[{"href":"https:\/\/secureus.se\/fr\/wp-json\/wp\/v2\/product\/53508","targetHints":{"allow":["GET"]}}],"collection":[{"href":"https:\/\/secureus.se\/fr\/wp-json\/wp\/v2\/product"}],"about":[{"href":"https:\/\/secureus.se\/fr\/wp-json\/wp\/v2\/types\/product"}],"wp:featuredmedia":[{"embeddable":true,"href":"https:\/\/secureus.se\/fr\/wp-json\/wp\/v2\/media\/143850"}],"wp:attachment":[{"href":"https:\/\/secureus.se\/fr\/wp-json\/wp\/v2\/media?parent=53508"}],"wp:term":[{"taxonomy":"product_brand","embeddable":true,"href":"https:\/\/secureus.se\/fr\/wp-json\/wp\/v2\/product_brand?post=53508"},{"taxonomy":"product_cat","embeddable":true,"href":"https:\/\/secureus.se\/fr\/wp-json\/wp\/v2\/product_cat?post=53508"},{"taxonomy":"product_tag","embeddable":true,"href":"https:\/\/secureus.se\/fr\/wp-json\/wp\/v2\/product_tag?post=53508"}],"curies":[{"name":"wp","href":"https:\/\/api.w.org\/{rel}","templated":true}]}}