{"id":53516,"date":"2022-06-22T11:25:43","date_gmt":"2022-06-22T09:25:43","guid":{"rendered":"https:\/\/secureus.se\/produkt\/radiosandare-setr2641am1\/"},"modified":"2026-04-08T16:58:30","modified_gmt":"2026-04-08T14:58:30","slug":"radiosandare-setr2641am1","status":"publish","type":"product","link":"https:\/\/secureus.se\/fr\/radiosandare-setr2641am1\/","title":{"rendered":"\u00c9metteur radio Setr2641Am1"},"content":{"rendered":"<p>Petit \u00e9metteur radio avec un bouton au design ergonomique, notre plus petit \u00e9metteur qui s&#039;adapte parfaitement \u00e0 porter par ex. le trousseau de cl\u00e9s. Convient \u00e0 tous les r\u00e9cepteurs radio CDVI fonctionnant sur la m\u00eame fr\u00e9quence (433,92 MHz). Excellent pour contr\u00f4ler les op\u00e9rateurs de portes automatiques, l&#039;\u00e9clairage, les alarmes, etc.<\/p>","protected":false},"excerpt":{"rendered":"<p>Petit \u00e9metteur radio avec un bouton au design ergonomique, notre plus petit \u00e9metteur qui s&#039;adapte parfaitement \u00e0 porter par ex. le trousseau de cl\u00e9s. Convient \u00e0 tous les r\u00e9cepteurs radio CDVI fonctionnant sur la m\u00eame fr\u00e9quence<\/p>","protected":false},"featured_media":144298,"template":"","meta":{"_acf_changed":false},"product_brand":[],"product_cat":[1616],"product_tag":[2273],"class_list":{"0":"post-53516","1":"product","2":"type-product","3":"status-publish","4":"has-post-thumbnail","6":"product_cat-radiosandare-mottagare","7":"product_tag-radio-sandare-erone","8":"product_shipping_class-postnord-varubrev","9":"pa_brands-cdvi","10":"tm-no-options","12":"first","13":"outofstock","14":"sale","15":"taxable","16":"shipping-taxable","17":"purchasable","18":"product-type-simple"},"acf":[],"_links":{"self":[{"href":"https:\/\/secureus.se\/fr\/wp-json\/wp\/v2\/product\/53516","targetHints":{"allow":["GET"]}}],"collection":[{"href":"https:\/\/secureus.se\/fr\/wp-json\/wp\/v2\/product"}],"about":[{"href":"https:\/\/secureus.se\/fr\/wp-json\/wp\/v2\/types\/product"}],"wp:featuredmedia":[{"embeddable":true,"href":"https:\/\/secureus.se\/fr\/wp-json\/wp\/v2\/media\/144298"}],"wp:attachment":[{"href":"https:\/\/secureus.se\/fr\/wp-json\/wp\/v2\/media?parent=53516"}],"wp:term":[{"taxonomy":"product_brand","embeddable":true,"href":"https:\/\/secureus.se\/fr\/wp-json\/wp\/v2\/product_brand?post=53516"},{"taxonomy":"product_cat","embeddable":true,"href":"https:\/\/secureus.se\/fr\/wp-json\/wp\/v2\/product_cat?post=53516"},{"taxonomy":"product_tag","embeddable":true,"href":"https:\/\/secureus.se\/fr\/wp-json\/wp\/v2\/product_tag?post=53516"}],"curies":[{"name":"wp","href":"https:\/\/api.w.org\/{rel}","templated":true}]}}