{"id":53518,"date":"2022-06-22T11:23:45","date_gmt":"2022-06-22T09:23:45","guid":{"rendered":"https:\/\/secureus.se\/produkt\/radiosandare-tths2641e1b\/"},"modified":"2026-04-23T11:59:18","modified_gmt":"2026-04-23T09:59:18","slug":"radiosandare-tths2641e1b","status":"publish","type":"product","link":"https:\/\/secureus.se\/fr\/radiosandare-tths2641e1b\/","title":{"rendered":"\u00c9metteur radio Tths2641E1B"},"content":{"rendered":"<p>\u00c9metteur radio mural \u00e0 un canal, l&#039;\u00e9metteur radio est mont\u00e9 dans un bo\u00eetier encapsul\u00e9 et s&#039;active compl\u00e8tement sans contact \u00e0 une distance allant jusqu&#039;\u00e0 4 cm. Parfait pour contr\u00f4ler les portails, les automatismes et les portails, l&#039;\u00e9metteur radio convient aussi bien aux adaptations priv\u00e9es dans les habitations qu&#039;en milieu industriel. L&#039;\u00e9metteur radio dispose d&#039;une LED et d&#039;un buzzer qui indiquent qu&#039;il envoie un signal radio, ainsi qu&#039;une indication qu&#039;il doit changer la pile, puis l&#039;\u00e9metteur radio s&#039;allume en rouge au lieu de vert lorsqu&#039;il est activ\u00e9. La communication de l&#039;\u00e9metteur radio est crypt\u00e9e avec Keeloq\u00ae Rolling Code et comporte 264 combinaisons de codes, ce qui lui conf\u00e8re un tr\u00e8s haut niveau de s\u00e9curit\u00e9.<\/p>","protected":false},"excerpt":{"rendered":"<p>\u00c9metteur radio mural \u00e0 un canal, l&#039;\u00e9metteur radio est mont\u00e9 dans un bo\u00eetier encapsul\u00e9 et s&#039;active compl\u00e8tement sans contact \u00e0 une distance allant jusqu&#039;\u00e0 4 cm. Parfait pour contr\u00f4ler les portails, les op\u00e9rateurs de portes automatiques<\/p>","protected":false},"featured_media":143651,"template":"","meta":{"_acf_changed":false},"product_brand":[],"product_cat":[1616],"product_tag":[2273],"class_list":{"0":"post-53518","1":"product","2":"type-product","3":"status-publish","4":"has-post-thumbnail","6":"product_cat-radiosandare-mottagare","7":"product_tag-radio-sandare-erone","8":"product_shipping_class-postnord-varubrev","9":"pa_brands-cdvi","10":"tm-no-options","12":"first","13":"outofstock","14":"sale","15":"taxable","16":"shipping-taxable","17":"purchasable","18":"product-type-simple"},"acf":[],"_links":{"self":[{"href":"https:\/\/secureus.se\/fr\/wp-json\/wp\/v2\/product\/53518","targetHints":{"allow":["GET"]}}],"collection":[{"href":"https:\/\/secureus.se\/fr\/wp-json\/wp\/v2\/product"}],"about":[{"href":"https:\/\/secureus.se\/fr\/wp-json\/wp\/v2\/types\/product"}],"wp:featuredmedia":[{"embeddable":true,"href":"https:\/\/secureus.se\/fr\/wp-json\/wp\/v2\/media\/143651"}],"wp:attachment":[{"href":"https:\/\/secureus.se\/fr\/wp-json\/wp\/v2\/media?parent=53518"}],"wp:term":[{"taxonomy":"product_brand","embeddable":true,"href":"https:\/\/secureus.se\/fr\/wp-json\/wp\/v2\/product_brand?post=53518"},{"taxonomy":"product_cat","embeddable":true,"href":"https:\/\/secureus.se\/fr\/wp-json\/wp\/v2\/product_cat?post=53518"},{"taxonomy":"product_tag","embeddable":true,"href":"https:\/\/secureus.se\/fr\/wp-json\/wp\/v2\/product_tag?post=53518"}],"curies":[{"name":"wp","href":"https:\/\/api.w.org\/{rel}","templated":true}]}}