{"id":53519,"date":"2022-06-22T11:23:25","date_gmt":"2022-06-22T09:23:25","guid":{"rendered":"https:\/\/secureus.se\/produkt\/tradlost-kodlas-galeo-r\/"},"modified":"2026-03-26T12:16:44","modified_gmt":"2026-03-26T11:16:44","slug":"tradlost-kodlas-galeo-r","status":"publish","type":"product","link":"https:\/\/secureus.se\/fr\/tradlost-kodlas-galeo-r\/","title":{"rendered":"Serrure \u00e0 code sans fil Galeo R"},"content":{"rendered":"<h1>Serrure \u00e0 code sans fil Galeo R<\/h1>\n<p>GALEO R est une serrure \u00e0 code sans fil anti-vandalisme avec 22 codes utilisateur optionnels \u00e0 quatre ou cinq chiffres.<\/p>\n<p>Toute la programmation se fait via le clavier.<\/p>\n<p>Peut contr\u00f4ler deux portes\/fonctions.<\/p>\n<p>Serrure \u00e0 code en fonte d&#039;aluminium.<\/p>\n<p>Boutons r\u00e9tro\u00e9clair\u00e9s avec 5 secondes d&#039;\u00e9clairage apr\u00e8s la derni\u00e8re pression sur le bouton.<\/p>\n<p>Convient \u00e0 tous les r\u00e9cepteurs radio CDVI qui fonctionnent sur la m\u00eame fr\u00e9quence (433,92 MHz).<\/p>\n<p>Excellent pour contr\u00f4ler l&#039;automatisation des portes, les serrures, les syst\u00e8mes de contr\u00f4le d&#039;acc\u00e8s, etc.<\/p>\n<p>Indice de protection du bo\u00eetier : IP64 (peut \u00eatre mont\u00e9 sans protection contre les intemp\u00e9ries)<\/p>","protected":false},"excerpt":{"rendered":"<p>GALEO R est une serrure \u00e0 code sans fil anti-vandalisme avec 22 codes utilisateur optionnels \u00e0 quatre ou cinq chiffres.<\/p>","protected":false},"featured_media":144326,"template":"","meta":{"_acf_changed":false},"product_brand":[],"product_cat":[1481],"product_tag":[],"class_list":{"0":"post-53519","1":"product","2":"type-product","3":"status-publish","4":"has-post-thumbnail","6":"product_cat-kodlas-kodlas","7":"product_shipping_class-tunga-paket","8":"pa_farg-gra","9":"tm-no-options","11":"first","12":"outofstock","13":"sale","14":"taxable","15":"shipping-taxable","16":"purchasable","17":"product-type-simple"},"acf":[],"_links":{"self":[{"href":"https:\/\/secureus.se\/fr\/wp-json\/wp\/v2\/product\/53519","targetHints":{"allow":["GET"]}}],"collection":[{"href":"https:\/\/secureus.se\/fr\/wp-json\/wp\/v2\/product"}],"about":[{"href":"https:\/\/secureus.se\/fr\/wp-json\/wp\/v2\/types\/product"}],"wp:featuredmedia":[{"embeddable":true,"href":"https:\/\/secureus.se\/fr\/wp-json\/wp\/v2\/media\/144326"}],"wp:attachment":[{"href":"https:\/\/secureus.se\/fr\/wp-json\/wp\/v2\/media?parent=53519"}],"wp:term":[{"taxonomy":"product_brand","embeddable":true,"href":"https:\/\/secureus.se\/fr\/wp-json\/wp\/v2\/product_brand?post=53519"},{"taxonomy":"product_cat","embeddable":true,"href":"https:\/\/secureus.se\/fr\/wp-json\/wp\/v2\/product_cat?post=53519"},{"taxonomy":"product_tag","embeddable":true,"href":"https:\/\/secureus.se\/fr\/wp-json\/wp\/v2\/product_tag?post=53519"}],"curies":[{"name":"wp","href":"https:\/\/api.w.org\/{rel}","templated":true}]}}