{"id":53520,"date":"2022-06-22T11:23:08","date_gmt":"2022-06-22T09:23:08","guid":{"rendered":"https:\/\/secureus.se\/produkt\/repeater-ser2641r4t4\/"},"modified":"2026-04-23T11:59:32","modified_gmt":"2026-04-23T09:59:32","slug":"repeater-ser2641r4t4","status":"publish","type":"product","link":"https:\/\/secureus.se\/fr\/repeater-ser2641r4t4\/","title":{"rendered":"R\u00e9p\u00e9teur Ser2641R4T4"},"content":{"rendered":"<p>R\u00e9p\u00e9teur RF pour la gamme d&#039;\u00e9metteurs sans fil CDVI pour \u00e9tendre la port\u00e9e. Se monte directement dans une prise murale 230 V, aucun autre c\u00e2ble n&#039;est requis. R\u00e9p\u00e8te le signal sur jusqu&#039;\u00e0 85 \u00e9metteurs 433,92 MHz m\u00e9moris\u00e9s dans la m\u00e9moire EEPROM int\u00e9gr\u00e9e.<\/p>","protected":false},"excerpt":{"rendered":"<p>RF Repeater f\u00f6r CDVI:s sortiment av tr\u00e5dl\u00f6sa s\u00e4ndare f\u00f6r att f\u00f6rl\u00e4nga r\u00e4ckvidden. Monteras direkt i ett 230v v\u00e4gguttag, inga andra kablar kr\u00e4vs. Upprepar signalen p\u00e5 upp till 85 stycken 433.92MHz<\/p>","protected":false},"featured_media":144332,"template":"","meta":{"_acf_changed":false},"product_brand":[],"product_cat":[1616],"product_tag":[2273],"class_list":{"0":"post-53520","1":"product","2":"type-product","3":"status-publish","4":"has-post-thumbnail","6":"product_cat-radiosandare-mottagare","7":"product_tag-radio-sandare-erone","8":"product_shipping_class-postnord-varubrev","9":"pa_brands-cdvi","10":"tm-no-options","12":"first","13":"outofstock","14":"sale","15":"taxable","16":"shipping-taxable","17":"purchasable","18":"product-type-simple"},"acf":[],"_links":{"self":[{"href":"https:\/\/secureus.se\/fr\/wp-json\/wp\/v2\/product\/53520","targetHints":{"allow":["GET"]}}],"collection":[{"href":"https:\/\/secureus.se\/fr\/wp-json\/wp\/v2\/product"}],"about":[{"href":"https:\/\/secureus.se\/fr\/wp-json\/wp\/v2\/types\/product"}],"wp:featuredmedia":[{"embeddable":true,"href":"https:\/\/secureus.se\/fr\/wp-json\/wp\/v2\/media\/144332"}],"wp:attachment":[{"href":"https:\/\/secureus.se\/fr\/wp-json\/wp\/v2\/media?parent=53520"}],"wp:term":[{"taxonomy":"product_brand","embeddable":true,"href":"https:\/\/secureus.se\/fr\/wp-json\/wp\/v2\/product_brand?post=53520"},{"taxonomy":"product_cat","embeddable":true,"href":"https:\/\/secureus.se\/fr\/wp-json\/wp\/v2\/product_cat?post=53520"},{"taxonomy":"product_tag","embeddable":true,"href":"https:\/\/secureus.se\/fr\/wp-json\/wp\/v2\/product_tag?post=53520"}],"curies":[{"name":"wp","href":"https:\/\/api.w.org\/{rel}","templated":true}]}}